{"id":4975,"date":"2019-03-15T10:21:04","date_gmt":"2019-03-15T13:21:04","guid":{"rendered":"https:\/\/www.universoeletrico.com.br\/design\/?post_type=product&#038;p=4975"},"modified":"2026-02-18T16:52:31","modified_gmt":"2026-02-18T19:52:31","slug":"lampada-filamento-led-st-64-pera-2w","status":"publish","type":"product","link":"https:\/\/www.universoeletrico.com.br\/design\/?product=lampada-filamento-led-st-64-pera-2w","title":{"rendered":"LAMPADA LED FILAM ST64 4W 2,2K E27 BIV"},"content":{"rendered":"<p>Proposta que une o cl\u00e1ssico e a tecnologia, com design retr\u00f4, em pe\u00e7as criadas para garantir bem-estar, aconchego e, ao mesmo tempo, efici\u00eancia.<br \/>\nL\u00e2mpada Filamento st 64 Vintage LED 2500K 4W.<\/p>\n<p>Base: E27<br \/>\nTens\u00e3o: AC 100-240V<br \/>\nFator de pot\u00eancia: &gt;0.40<br \/>\nCorrente nominal: 0,026A(127V) \/ 0,018A(220V)<br \/>\nFluxo luminoso: 200lm<br \/>\nEfici\u00eancia luminosa: 100lm\/W<br \/>\n\u00c2ngulo de abertura: 360\u00b0<br \/>\nIRC: &gt;80<br \/>\nVida \u00fatil (L70): 15.000h<br \/>\nTemp. de opera\u00e7\u00e3o: -10\u00b0C ~ 45\u00b0C<\/p>\n<p>&nbsp;<\/p>\n","protected":false},"excerpt":{"rendered":"<p>Proposta que une o cl\u00e1ssico e a tecnologia, com design retr\u00f4, em pe\u00e7as criadas para garantir bem-estar, aconchego e, ao mesmo tempo, efici\u00eancia. L\u00e2mpada Filamento st 64 Vintage LED 2500K 4W. Base: E27 Tens\u00e3o: AC 100-240V Fator de pot\u00eancia: &gt;0.40 Corrente nominal: 0,026A(127V) \/ 0,018A(220V) Fluxo luminoso: 200lm Efici\u00eancia luminosa: 100lm\/W \u00c2ngulo de abertura: 360\u00b0 [&hellip;]<\/p>\n","protected":false},"featured_media":11733,"template":"","meta":[],"product_brand":[],"product_cat":[42,45],"product_tag":[272,274,269,273,275,271],"class_list":{"0":"post-4975","1":"product","2":"type-product","3":"status-publish","4":"has-post-thumbnail","6":"product_cat-fitas-e-lampadas","7":"product_cat-lampadas-de-led","8":"product_tag-lampad-filamento","9":"product_tag-lampada-pera","10":"product_tag-lampada-retro","11":"product_tag-led","12":"product_tag-st64","13":"product_tag-vintage","15":"first","16":"instock","17":"shipping-taxable","18":"purchasable","19":"product-type-simple"},"_links":{"self":[{"href":"https:\/\/www.universoeletrico.com.br\/design\/index.php?rest_route=\/wp\/v2\/product\/4975","targetHints":{"allow":["GET"]}}],"collection":[{"href":"https:\/\/www.universoeletrico.com.br\/design\/index.php?rest_route=\/wp\/v2\/product"}],"about":[{"href":"https:\/\/www.universoeletrico.com.br\/design\/index.php?rest_route=\/wp\/v2\/types\/product"}],"wp:featuredmedia":[{"embeddable":true,"href":"https:\/\/www.universoeletrico.com.br\/design\/index.php?rest_route=\/wp\/v2\/media\/11733"}],"wp:attachment":[{"href":"https:\/\/www.universoeletrico.com.br\/design\/index.php?rest_route=%2Fwp%2Fv2%2Fmedia&parent=4975"}],"wp:term":[{"taxonomy":"product_brand","embeddable":true,"href":"https:\/\/www.universoeletrico.com.br\/design\/index.php?rest_route=%2Fwp%2Fv2%2Fproduct_brand&post=4975"},{"taxonomy":"product_cat","embeddable":true,"href":"https:\/\/www.universoeletrico.com.br\/design\/index.php?rest_route=%2Fwp%2Fv2%2Fproduct_cat&post=4975"},{"taxonomy":"product_tag","embeddable":true,"href":"https:\/\/www.universoeletrico.com.br\/design\/index.php?rest_route=%2Fwp%2Fv2%2Fproduct_tag&post=4975"}],"curies":[{"name":"wp","href":"https:\/\/api.w.org\/{rel}","templated":true}]}}