{"id":4963,"date":"2019-03-15T10:14:17","date_gmt":"2019-03-15T13:14:17","guid":{"rendered":"https:\/\/www.universoeletrico.com.br\/design\/?post_type=product&#038;p=4963"},"modified":"2026-02-18T16:59:45","modified_gmt":"2026-02-18T19:59:45","slug":"lampada-filamento-led-mini-bulbo","status":"publish","type":"product","link":"https:\/\/www.universoeletrico.com.br\/design\/?product=lampada-filamento-led-mini-bulbo","title":{"rendered":"LAMPADA LED FILAM BOL.G45 4W 2.4K E27 BI"},"content":{"rendered":"<p>Base: E27<br \/>\nTens\u00e3o: AC 100-240V<br \/>\nFator de pot\u00eancia: 0.40<br \/>\nCorrente nominal: 0,031A(127V) \/ 0,022A(220V)<br \/>\nFluxo luminoso: 200lm<br \/>\nEfici\u00eancia luminosa: 100lm\/W<br \/>\n\u00c2ngulo de abertura: 270\u00b0<br \/>\nIRC: &gt;80<br \/>\nVida \u00fatil (L70): 15.000h<br \/>\nTemp. de opera\u00e7\u00e3o: -10\u00b0C ~ 45\u00b0C<\/p>\n","protected":false},"excerpt":{"rendered":"<p>Base: E27 Tens\u00e3o: AC 100-240V Fator de pot\u00eancia: 0.40 Corrente nominal: 0,031A(127V) \/ 0,022A(220V) Fluxo luminoso: 200lm Efici\u00eancia luminosa: 100lm\/W \u00c2ngulo de abertura: 270\u00b0 IRC: &gt;80 Vida \u00fatil (L70): 15.000h Temp. de opera\u00e7\u00e3o: -10\u00b0C ~ 45\u00b0C<\/p>\n","protected":false},"featured_media":11736,"template":"","meta":[],"product_brand":[],"product_cat":[42,45],"product_tag":[276,277,279,270,280,109,278,271],"class_list":{"0":"post-4963","1":"product","2":"type-product","3":"status-publish","4":"has-post-thumbnail","6":"product_cat-fitas-e-lampadas","7":"product_cat-lampadas-de-led","8":"product_tag-bolinha","9":"product_tag-filamento","10":"product_tag-g45","11":"product_tag-led-retro","12":"product_tag-minibulbo","13":"product_tag-retro","14":"product_tag-varal-de-luz","15":"product_tag-vintage","17":"first","18":"instock","19":"shipping-taxable","20":"purchasable","21":"product-type-simple"},"_links":{"self":[{"href":"https:\/\/www.universoeletrico.com.br\/design\/index.php?rest_route=\/wp\/v2\/product\/4963","targetHints":{"allow":["GET"]}}],"collection":[{"href":"https:\/\/www.universoeletrico.com.br\/design\/index.php?rest_route=\/wp\/v2\/product"}],"about":[{"href":"https:\/\/www.universoeletrico.com.br\/design\/index.php?rest_route=\/wp\/v2\/types\/product"}],"wp:featuredmedia":[{"embeddable":true,"href":"https:\/\/www.universoeletrico.com.br\/design\/index.php?rest_route=\/wp\/v2\/media\/11736"}],"wp:attachment":[{"href":"https:\/\/www.universoeletrico.com.br\/design\/index.php?rest_route=%2Fwp%2Fv2%2Fmedia&parent=4963"}],"wp:term":[{"taxonomy":"product_brand","embeddable":true,"href":"https:\/\/www.universoeletrico.com.br\/design\/index.php?rest_route=%2Fwp%2Fv2%2Fproduct_brand&post=4963"},{"taxonomy":"product_cat","embeddable":true,"href":"https:\/\/www.universoeletrico.com.br\/design\/index.php?rest_route=%2Fwp%2Fv2%2Fproduct_cat&post=4963"},{"taxonomy":"product_tag","embeddable":true,"href":"https:\/\/www.universoeletrico.com.br\/design\/index.php?rest_route=%2Fwp%2Fv2%2Fproduct_tag&post=4963"}],"curies":[{"name":"wp","href":"https:\/\/api.w.org\/{rel}","templated":true}]}}