{"id":4950,"date":"2025-11-15T09:57:58","date_gmt":"2025-11-15T12:57:58","guid":{"rendered":"https:\/\/www.universoeletrico.com.br\/design\/?post_type=product&#038;p=4950"},"modified":"2026-01-15T15:49:38","modified_gmt":"2026-01-15T18:49:38","slug":"fita-led-12v-ip65-uso-externo","status":"publish","type":"product","link":"https:\/\/www.universoeletrico.com.br\/design\/?product=fita-led-12v-ip65-uso-externo","title":{"rendered":"Fita led 14W &#8211; 12v IP-65 &#8211; 3000k uso \u00e1rea externa"},"content":{"rendered":"<p>As Fitas leds com classifica\u00e7\u00e3o IP65 assegura resist\u00eancia contra poeira e jatos d&#8217;\u00e1gua, tornando-a uma escolha robusta e vers\u00e1til para uso em ambientes externos ou \u00e1reas que requerem prote\u00e7\u00e3o contra agua e poeira, excelentes para degraus de escadas, fachadas e outras \u00e1reas externas<\/p>\n<p>Pot\u00eancia &#8211; 14w metro &#8211; tens\u00e3o 12v\u00a0 ( obrigat\u00f3rio uso de drive, vendido separadamente)<\/p>\n<p>Fluxo luminosos 1600 lumens metro &#8211; temperatura de cor 3000k<\/p>\n<p>Grau prote\u00e7\u00e3o &#8211; IP-65 &#8211; protegido contra jatos de agua e poeira<\/p>\n<p>Embalagem &#8211; rolo de 5 metros &#8211;<\/p>\n<p><strong>-Consulte outras op\u00e7\u00f5es de temperatura cor pelo c\u00f3digo abaixo:<\/strong><br \/>\n256632 &#8211; FITA LED 14W\/M 1600LM\/W 4K 12V IP65 RL5M<\/p>\n","protected":false},"excerpt":{"rendered":"<p>As Fitas leds com classifica\u00e7\u00e3o IP65 assegura resist\u00eancia contra poeira e jatos d&#8217;\u00e1gua, tornando-a uma escolha robusta e vers\u00e1til para uso em ambientes externos ou \u00e1reas que requerem prote\u00e7\u00e3o contra agua e poeira, excelentes para degraus de escadas, fachadas e outras \u00e1reas externas Pot\u00eancia &#8211; 14w metro &#8211; tens\u00e3o 12v\u00a0 ( obrigat\u00f3rio uso de drive, [&hellip;]<\/p>\n","protected":false},"featured_media":11405,"template":"","meta":[],"product_brand":[],"product_cat":[43,42],"product_tag":[],"class_list":{"0":"post-4950","1":"product","2":"type-product","3":"status-publish","4":"has-post-thumbnail","6":"product_cat-fita-led","7":"product_cat-fitas-e-lampadas","9":"first","10":"instock","11":"shipping-taxable","12":"purchasable","13":"product-type-simple"},"_links":{"self":[{"href":"https:\/\/www.universoeletrico.com.br\/design\/index.php?rest_route=\/wp\/v2\/product\/4950","targetHints":{"allow":["GET"]}}],"collection":[{"href":"https:\/\/www.universoeletrico.com.br\/design\/index.php?rest_route=\/wp\/v2\/product"}],"about":[{"href":"https:\/\/www.universoeletrico.com.br\/design\/index.php?rest_route=\/wp\/v2\/types\/product"}],"wp:featuredmedia":[{"embeddable":true,"href":"https:\/\/www.universoeletrico.com.br\/design\/index.php?rest_route=\/wp\/v2\/media\/11405"}],"wp:attachment":[{"href":"https:\/\/www.universoeletrico.com.br\/design\/index.php?rest_route=%2Fwp%2Fv2%2Fmedia&parent=4950"}],"wp:term":[{"taxonomy":"product_brand","embeddable":true,"href":"https:\/\/www.universoeletrico.com.br\/design\/index.php?rest_route=%2Fwp%2Fv2%2Fproduct_brand&post=4950"},{"taxonomy":"product_cat","embeddable":true,"href":"https:\/\/www.universoeletrico.com.br\/design\/index.php?rest_route=%2Fwp%2Fv2%2Fproduct_cat&post=4950"},{"taxonomy":"product_tag","embeddable":true,"href":"https:\/\/www.universoeletrico.com.br\/design\/index.php?rest_route=%2Fwp%2Fv2%2Fproduct_tag&post=4950"}],"curies":[{"name":"wp","href":"https:\/\/api.w.org\/{rel}","templated":true}]}}