{"id":4946,"date":"2019-03-15T09:53:58","date_gmt":"2019-03-15T12:53:58","guid":{"rendered":"https:\/\/www.universoeletrico.com.br\/design\/?post_type=product&#038;p=4946"},"modified":"2026-01-15T15:49:39","modified_gmt":"2026-01-15T18:49:39","slug":"fita-led-plugplay-tensao-de-rede-127v-220v","status":"publish","type":"product","link":"https:\/\/www.universoeletrico.com.br\/design\/?product=fita-led-plugplay-tensao-de-rede-127v-220v","title":{"rendered":"FITA LED 14,4W\/M IP65 127V 3000K"},"content":{"rendered":"<p>As fitas LED tens\u00e3o de rede s\u00e3o plug &amp; play e a solu\u00e7\u00e3o perfeita para ambientes externos como fachadas e escadas e ambientes internos como sancas e nichos em alvenaria sem recurso para esconder o Drive<br \/>\nEstas fitas dispensam o uso de drives e fontes e s\u00e3o ligadas diretamente na rede 127v ou 220v a ser definida na compra ligando um cabo de alimenta\u00e7\u00e3o e oferece 3 temperaturas de cor 3000k( branco quente\/amarelo) -4000k ( neutra) 6500k ( branco fria)<\/p>\n<p>Grau de prote\u00e7\u00e3o IP-65<\/p>\n<p>Potencia &#8211; 14,4w mt &#8211; fluxo &#8211; 700 lumens metro<\/p>\n<p>Tens\u00e3o de rede &#8211; 127v<\/p>\n<p>Vendida em lan\u00e7es de 5 metros<\/p>\n<p>CONSULTE NOSSA EQUIPE PARA MAIS OP\u00c7\u00d5ES DE TEMPERATURA DE COR E TENS\u00c3O DE REDE<\/p>\n<p>251025 &#8211; FITA LED 14,4W\/M IP65 220V 3000K<\/p>\n<p>251196 &#8211; FITA LED 14,4W\/M IP65 127V 6000\/6500K#<\/p>\n<p>256873 &#8211; FITA LED 14,4W\/M IP67 220V 6500K<\/p>\n<p>Para a personaliza\u00e7\u00e3o na instala\u00e7\u00e3o as fitas<strong> podem ser cortadas a cada 50cm ( ou seja 50cm -1,00mt &#8211; 1,5mts etc..) para cada liga\u00e7\u00e3o<\/strong>\u00a0 devemos utilizar um cabo de for\u00e7a. Abaixo link com os acess\u00f3rios dispon\u00edveis para a fita.<br \/>\nhttps:\/\/www.universoeletrico.com.br\/design\/produto\/acessorios-para-fita-tensao-de-rede\/<\/p>\n<p>&nbsp;<\/p>\n","protected":false},"excerpt":{"rendered":"<p>As fitas LED tens\u00e3o de rede s\u00e3o plug &amp; play e a solu\u00e7\u00e3o perfeita para ambientes externos como fachadas e escadas e ambientes internos como sancas e nichos em alvenaria sem recurso para esconder o Drive Estas fitas dispensam o uso de drives e fontes e s\u00e3o ligadas diretamente na rede 127v ou 220v a [&hellip;]<\/p>\n","protected":false},"featured_media":4947,"template":"","meta":[],"product_brand":[],"product_cat":[43,42],"product_tag":[],"class_list":{"0":"post-4946","1":"product","2":"type-product","3":"status-publish","4":"has-post-thumbnail","6":"product_cat-fita-led","7":"product_cat-fitas-e-lampadas","9":"first","10":"instock","11":"shipping-taxable","12":"purchasable","13":"product-type-simple"},"_links":{"self":[{"href":"https:\/\/www.universoeletrico.com.br\/design\/index.php?rest_route=\/wp\/v2\/product\/4946","targetHints":{"allow":["GET"]}}],"collection":[{"href":"https:\/\/www.universoeletrico.com.br\/design\/index.php?rest_route=\/wp\/v2\/product"}],"about":[{"href":"https:\/\/www.universoeletrico.com.br\/design\/index.php?rest_route=\/wp\/v2\/types\/product"}],"wp:featuredmedia":[{"embeddable":true,"href":"https:\/\/www.universoeletrico.com.br\/design\/index.php?rest_route=\/wp\/v2\/media\/4947"}],"wp:attachment":[{"href":"https:\/\/www.universoeletrico.com.br\/design\/index.php?rest_route=%2Fwp%2Fv2%2Fmedia&parent=4946"}],"wp:term":[{"taxonomy":"product_brand","embeddable":true,"href":"https:\/\/www.universoeletrico.com.br\/design\/index.php?rest_route=%2Fwp%2Fv2%2Fproduct_brand&post=4946"},{"taxonomy":"product_cat","embeddable":true,"href":"https:\/\/www.universoeletrico.com.br\/design\/index.php?rest_route=%2Fwp%2Fv2%2Fproduct_cat&post=4946"},{"taxonomy":"product_tag","embeddable":true,"href":"https:\/\/www.universoeletrico.com.br\/design\/index.php?rest_route=%2Fwp%2Fv2%2Fproduct_tag&post=4946"}],"curies":[{"name":"wp","href":"https:\/\/api.w.org\/{rel}","templated":true}]}}