{"id":4928,"date":"2019-03-15T09:41:46","date_gmt":"2019-03-15T12:41:46","guid":{"rendered":"https:\/\/www.universoeletrico.com.br\/design\/?post_type=product&#038;p=4928"},"modified":"2026-01-15T15:49:41","modified_gmt":"2026-01-15T18:49:41","slug":"refletor-slim-led-integrado","status":"publish","type":"product","link":"https:\/\/www.universoeletrico.com.br\/design\/?product=refletor-slim-led-integrado","title":{"rendered":"PROJETOR LED 100W BIVOLT 3000K"},"content":{"rendered":"<p>Os projetores refletores LED s\u00e3o pe\u00e7as indispens\u00e1veis para qualquer jardim e s\u00e3o extremamente funcionais, podendo ser utilizado para ilumina\u00e7\u00e3o de jardim, plantas, fachadas, muros e paredese podendo ser utilizado em praticamente todos os ambientes das \u00e1rea externa e at\u00e9 em galp\u00f5es industrias e lojas. Sua estrutura comporta tens\u00e3o Bivolt, e seu LED j\u00e1 vem incluso, com v\u00e1rias op\u00e7\u00f5es de pot\u00eancia:<\/p>\n<p>Consulte nossa equipe de vendas para outras pot\u00eancias e temperatura de cor<\/p>\n<p>Pot\u00eancias disponiveis<\/p>\n<p>( 10W, 20W, 30W, 50W, 100W, 150w, 200W, 300w, 400w, 500w, 1000w)<\/p>\n<p>Temperatura de cor a verificar disponibilidade<\/p>\n<p>3000k &#8211; 4000k &#8211; 6500k<\/p>\n<p>.<\/p>\n","protected":false},"excerpt":{"rendered":"<p>Os projetores refletores LED s\u00e3o pe\u00e7as indispens\u00e1veis para qualquer jardim e s\u00e3o extremamente funcionais, podendo ser utilizado para ilumina\u00e7\u00e3o de jardim, plantas, fachadas, muros e paredese podendo ser utilizado em praticamente todos os ambientes das \u00e1rea externa e at\u00e9 em galp\u00f5es industrias e lojas. Sua estrutura comporta tens\u00e3o Bivolt, e seu LED j\u00e1 vem incluso, [&hellip;]<\/p>\n","protected":false},"featured_media":11484,"template":"","meta":[],"product_brand":[],"product_cat":[28,41],"product_tag":[],"class_list":{"0":"post-4928","1":"product","2":"type-product","3":"status-publish","4":"has-post-thumbnail","6":"product_cat-area-externa","7":"product_cat-refletores-e-projetores","9":"first","10":"instock","11":"shipping-taxable","12":"purchasable","13":"product-type-simple"},"_links":{"self":[{"href":"https:\/\/www.universoeletrico.com.br\/design\/index.php?rest_route=\/wp\/v2\/product\/4928","targetHints":{"allow":["GET"]}}],"collection":[{"href":"https:\/\/www.universoeletrico.com.br\/design\/index.php?rest_route=\/wp\/v2\/product"}],"about":[{"href":"https:\/\/www.universoeletrico.com.br\/design\/index.php?rest_route=\/wp\/v2\/types\/product"}],"wp:featuredmedia":[{"embeddable":true,"href":"https:\/\/www.universoeletrico.com.br\/design\/index.php?rest_route=\/wp\/v2\/media\/11484"}],"wp:attachment":[{"href":"https:\/\/www.universoeletrico.com.br\/design\/index.php?rest_route=%2Fwp%2Fv2%2Fmedia&parent=4928"}],"wp:term":[{"taxonomy":"product_brand","embeddable":true,"href":"https:\/\/www.universoeletrico.com.br\/design\/index.php?rest_route=%2Fwp%2Fv2%2Fproduct_brand&post=4928"},{"taxonomy":"product_cat","embeddable":true,"href":"https:\/\/www.universoeletrico.com.br\/design\/index.php?rest_route=%2Fwp%2Fv2%2Fproduct_cat&post=4928"},{"taxonomy":"product_tag","embeddable":true,"href":"https:\/\/www.universoeletrico.com.br\/design\/index.php?rest_route=%2Fwp%2Fv2%2Fproduct_tag&post=4928"}],"curies":[{"name":"wp","href":"https:\/\/api.w.org\/{rel}","templated":true}]}}