{"id":4920,"date":"2019-03-15T09:37:52","date_gmt":"2019-03-15T12:37:52","guid":{"rendered":"https:\/\/www.universoeletrico.com.br\/design\/?post_type=product&#038;p=4920"},"modified":"2026-01-15T15:49:41","modified_gmt":"2026-01-15T18:49:41","slug":"refletor-e-projetor-rgb","status":"publish","type":"product","link":"https:\/\/www.universoeletrico.com.br\/design\/?product=refletor-e-projetor-rgb","title":{"rendered":"PROJETOR LED 50W RGB C\/CONTROLE"},"content":{"rendered":"<p>Indicados para ilumina\u00e7\u00e3o de destaque o refletor de Led RGB, TEM MUITA VERSATILIDADE na ilumina\u00e7\u00e3o e traz \u00f3timo resultado para sal\u00e3o de festas, fachadas al\u00e9m de jardins, monumentos entre outras aplica\u00e7\u00f5es. Possui corpo em alum\u00ednio com pintura eletrost\u00e1tica a p\u00f3, prote\u00e7\u00e3o IP65, \u00e9 ideal para ambientes externos.<br \/>\nJ\u00e1 vem com controle remoto infra vermelho para modificar as cores e os efeitos de luz<br \/>\nop\u00e7\u00f5es de pot\u00eancia.<\/p>\n<div class=\"product-info\">\n<div class=\"product-infos-list\">\n<div class=\"product-details\"><img decoding=\"async\" class=\" lazyloaded\" src=\"https:\/\/kian.com.br\/wp-content\/themes\/kian-site\/styles\/images\/iconsProducts\/icon-vidautil.svg\" alt=\"\" data-src=\"https:\/\/kian.com.br\/wp-content\/themes\/kian-site\/styles\/images\/iconsProducts\/icon-vidautil.svg\" \/><\/p>\n<div>\n<p>Vida \u00datil-25.000h<\/p>\n<\/div>\n<\/div>\n<div class=\"product-details\"><img decoding=\"async\" class=\" lazyloaded\" src=\"https:\/\/kian.com.br\/wp-content\/themes\/kian-site\/styles\/images\/iconsProducts\/icon-graudeprotecaoIP65.svg\" alt=\"\" data-src=\"https:\/\/kian.com.br\/wp-content\/themes\/kian-site\/styles\/images\/iconsProducts\/icon-graudeprotecaoIP65.svg\" \/><\/p>\n<div>\n<p>Grau de Prote\u00e7\u00e3o-IP65<\/p>\n<\/div>\n<\/div>\n<div class=\"product-details\"><img decoding=\"async\" class=\" lazyloaded\" src=\"https:\/\/kian.com.br\/wp-content\/themes\/kian-site\/styles\/images\/iconsProducts\/icon-angulodeabertura.svg\" alt=\"\" data-src=\"https:\/\/kian.com.br\/wp-content\/themes\/kian-site\/styles\/images\/iconsProducts\/icon-angulodeabertura.svg\" \/><\/p>\n<div>\n<p>\u00c2ngulo de Abertura-120\u00ba<\/p>\n<\/div>\n<\/div>\n<div class=\"product-details\"><img decoding=\"async\" class=\" lazyloaded\" src=\"https:\/\/kian.com.br\/wp-content\/themes\/kian-site\/styles\/images\/iconsProducts\/icon-irc80.svg\" alt=\"\" data-src=\"https:\/\/kian.com.br\/wp-content\/themes\/kian-site\/styles\/images\/iconsProducts\/icon-irc80.svg\" \/><\/p>\n<div>\n<p>IRC-70<\/p>\n<\/div>\n<\/div>\n<div class=\"product-details\"><img decoding=\"async\" class=\" lazyloaded\" src=\"https:\/\/kian.com.br\/wp-content\/themes\/kian-site\/styles\/images\/iconsProducts\/icon-tensao.svg\" alt=\"\" data-src=\"https:\/\/kian.com.br\/wp-content\/themes\/kian-site\/styles\/images\/iconsProducts\/icon-tensao.svg\" \/><\/p>\n<div>\n<p>Multitens\u00e3o-100-240V<\/p>\n<p>Veja com nossa equipe de vendas outras potencias<\/p>\n<p>18384 &#8211; PROJETOR LED 30W RGB PT<\/p>\n<\/div>\n<\/div>\n<\/div>\n<\/div>\n<div class=\"downloads\"><\/div>\n<p>&nbsp;<\/p>\n","protected":false},"excerpt":{"rendered":"<p>Indicados para ilumina\u00e7\u00e3o de destaque o refletor de Led RGB, TEM MUITA VERSATILIDADE na ilumina\u00e7\u00e3o e traz \u00f3timo resultado para sal\u00e3o de festas, fachadas al\u00e9m de jardins, monumentos entre outras aplica\u00e7\u00f5es. Possui corpo em alum\u00ednio com pintura eletrost\u00e1tica a p\u00f3, prote\u00e7\u00e3o IP65, \u00e9 ideal para ambientes externos. J\u00e1 vem com controle remoto infra vermelho para [&hellip;]<\/p>\n","protected":false},"featured_media":11498,"template":"","meta":[],"product_brand":[],"product_cat":[28,41],"product_tag":[],"class_list":{"0":"post-4920","1":"product","2":"type-product","3":"status-publish","4":"has-post-thumbnail","6":"product_cat-area-externa","7":"product_cat-refletores-e-projetores","9":"first","10":"instock","11":"shipping-taxable","12":"purchasable","13":"product-type-simple"},"_links":{"self":[{"href":"https:\/\/www.universoeletrico.com.br\/design\/index.php?rest_route=\/wp\/v2\/product\/4920","targetHints":{"allow":["GET"]}}],"collection":[{"href":"https:\/\/www.universoeletrico.com.br\/design\/index.php?rest_route=\/wp\/v2\/product"}],"about":[{"href":"https:\/\/www.universoeletrico.com.br\/design\/index.php?rest_route=\/wp\/v2\/types\/product"}],"wp:featuredmedia":[{"embeddable":true,"href":"https:\/\/www.universoeletrico.com.br\/design\/index.php?rest_route=\/wp\/v2\/media\/11498"}],"wp:attachment":[{"href":"https:\/\/www.universoeletrico.com.br\/design\/index.php?rest_route=%2Fwp%2Fv2%2Fmedia&parent=4920"}],"wp:term":[{"taxonomy":"product_brand","embeddable":true,"href":"https:\/\/www.universoeletrico.com.br\/design\/index.php?rest_route=%2Fwp%2Fv2%2Fproduct_brand&post=4920"},{"taxonomy":"product_cat","embeddable":true,"href":"https:\/\/www.universoeletrico.com.br\/design\/index.php?rest_route=%2Fwp%2Fv2%2Fproduct_cat&post=4920"},{"taxonomy":"product_tag","embeddable":true,"href":"https:\/\/www.universoeletrico.com.br\/design\/index.php?rest_route=%2Fwp%2Fv2%2Fproduct_tag&post=4920"}],"curies":[{"name":"wp","href":"https:\/\/api.w.org\/{rel}","templated":true}]}}