{"id":4905,"date":"2019-03-15T09:20:58","date_gmt":"2019-03-15T12:20:58","guid":{"rendered":"https:\/\/www.universoeletrico.com.br\/design\/?post_type=product&#038;p=4905"},"modified":"2026-01-15T15:49:42","modified_gmt":"2026-01-15T18:49:42","slug":"espeto-led","status":"publish","type":"product","link":"https:\/\/www.universoeletrico.com.br\/design\/?product=espeto-led","title":{"rendered":"Espeto Led integrado"},"content":{"rendered":"<p>Experimente nosso Espeto Led , seu jardim merece toda a sofistica\u00e7\u00e3o que o LED tem para oferecer . Ele j\u00e1 vem com led incluso e com lente de policarbonato . \u00c9 articul\u00e1vel para direcionamento do foco de luz e possui corpo em polipropileno .<\/p>\n<p>Pot\u00eancia : 5W \u2013 Temperatura de cor : 3000k (Amarela) \u2013Cod. :250098 .<br \/>\nPot\u00eancia : 5W \u2013 Temperatura de cor : 6500k (Branca) \u2013 Cod. : 250097 .<br \/>\nPotencia : 5W &#8211; Temperatura de cor Verdd            &#8211; Cod  : 250123<\/p>\n<p>Medidas : 263mm x 57mm .<\/p>\n<p>BIVOLT Autom\u00e1tico : 100V\u2013240V .<br \/>\n\u00cdndice de Prote\u00e7\u00e3o : IP65 .<br \/>\nIRC : >70 .<br \/>\nN\u00e3o Dimeriz\u00e1vel .<\/p>\n","protected":false},"excerpt":{"rendered":"<p>Experimente nosso Espeto Led , seu jardim merece toda a sofistica\u00e7\u00e3o que o LED tem para oferecer . Ele j\u00e1 vem com led incluso e com lente de policarbonato . \u00c9 articul\u00e1vel para direcionamento do foco de luz e possui corpo em polipropileno . Pot\u00eancia : 5W \u2013 Temperatura de cor : 3000k (Amarela) \u2013Cod. [&hellip;]<\/p>\n","protected":false},"featured_media":4906,"template":"","meta":[],"product_brand":[],"product_cat":[28,40],"product_tag":[],"class_list":{"0":"post-4905","1":"product","2":"type-product","3":"status-publish","4":"has-post-thumbnail","6":"product_cat-area-externa","7":"product_cat-espetos-led","9":"first","10":"instock","11":"shipping-taxable","12":"purchasable","13":"product-type-simple"},"_links":{"self":[{"href":"https:\/\/www.universoeletrico.com.br\/design\/index.php?rest_route=\/wp\/v2\/product\/4905","targetHints":{"allow":["GET"]}}],"collection":[{"href":"https:\/\/www.universoeletrico.com.br\/design\/index.php?rest_route=\/wp\/v2\/product"}],"about":[{"href":"https:\/\/www.universoeletrico.com.br\/design\/index.php?rest_route=\/wp\/v2\/types\/product"}],"wp:featuredmedia":[{"embeddable":true,"href":"https:\/\/www.universoeletrico.com.br\/design\/index.php?rest_route=\/wp\/v2\/media\/4906"}],"wp:attachment":[{"href":"https:\/\/www.universoeletrico.com.br\/design\/index.php?rest_route=%2Fwp%2Fv2%2Fmedia&parent=4905"}],"wp:term":[{"taxonomy":"product_brand","embeddable":true,"href":"https:\/\/www.universoeletrico.com.br\/design\/index.php?rest_route=%2Fwp%2Fv2%2Fproduct_brand&post=4905"},{"taxonomy":"product_cat","embeddable":true,"href":"https:\/\/www.universoeletrico.com.br\/design\/index.php?rest_route=%2Fwp%2Fv2%2Fproduct_cat&post=4905"},{"taxonomy":"product_tag","embeddable":true,"href":"https:\/\/www.universoeletrico.com.br\/design\/index.php?rest_route=%2Fwp%2Fv2%2Fproduct_tag&post=4905"}],"curies":[{"name":"wp","href":"https:\/\/api.w.org\/{rel}","templated":true}]}}