{"id":4901,"date":"2019-03-15T09:13:45","date_gmt":"2019-03-15T12:13:45","guid":{"rendered":"https:\/\/www.universoeletrico.com.br\/design\/?post_type=product&#038;p=4901"},"modified":"2026-01-15T15:49:42","modified_gmt":"2026-01-15T18:49:42","slug":"poste-balizador-franklin-led","status":"publish","type":"product","link":"https:\/\/www.universoeletrico.com.br\/design\/?product=poste-balizador-franklin-led","title":{"rendered":"*POSTE BALIZADOR FRANKFURT 7W 3000K"},"content":{"rendered":"<p>Frankfurt \u00e9 um poste balizador com design de linhas retas, fonte integrada e Grau de Prote\u00e7\u00e3o IP65. Com \u00e2ngulo de abertura de 100\u00ba e temperatura de cor de 3000K, o produto proporciona uma luz quente para indicar caminhos e aquela sensa\u00e7\u00e3o acolhedora para valorizar ainda mais seu projeto paisag\u00edstico.<\/p>\n<p>Tens\u00e3o: AC 100-240V<br \/>\nFator de pot\u00eancia: 0.50<br \/>\nCorrente nominal: 0,11A(127V) \/ 0,07A(220V)<br \/>\nFluxo luminoso: 430 LM<br \/>\nEfici\u00eancia luminosa: 62lm\/W<br \/>\n\u00c2ngulo de abertura: 100\u00b0<br \/>\nIRC: &gt;80<br \/>\nVida \u00fatil (L70): 25.000h<br \/>\nTemp. de opera\u00e7\u00e3o: -20\u00b0C ~ 40\u00b0C<br \/>\nGrau de prote\u00e7\u00e3o: IP65<br \/>\nGarantia: 2 anos<\/p>\n","protected":false},"excerpt":{"rendered":"<p>Frankfurt \u00e9 um poste balizador com design de linhas retas, fonte integrada e Grau de Prote\u00e7\u00e3o IP65. Com \u00e2ngulo de abertura de 100\u00ba e temperatura de cor de 3000K, o produto proporciona uma luz quente para indicar caminhos e aquela sensa\u00e7\u00e3o acolhedora para valorizar ainda mais seu projeto paisag\u00edstico. Tens\u00e3o: AC 100-240V Fator de pot\u00eancia: [&hellip;]<\/p>\n","protected":false},"featured_media":11447,"template":"","meta":[],"product_brand":[],"product_cat":[28,39],"product_tag":[112,119,108,33,121,111,120],"class_list":{"0":"post-4901","1":"product","2":"type-product","3":"status-publish","4":"has-post-thumbnail","6":"product_cat-area-externa","7":"product_cat-postes","8":"product_tag-balizador","9":"product_tag-iluminacao-caminho","10":"product_tag-iluminacao-deck","11":"product_tag-iluminacao-jardim","12":"product_tag-luz-indireta","13":"product_tag-poste","14":"product_tag-stella","16":"first","17":"instock","18":"shipping-taxable","19":"purchasable","20":"product-type-simple"},"_links":{"self":[{"href":"https:\/\/www.universoeletrico.com.br\/design\/index.php?rest_route=\/wp\/v2\/product\/4901","targetHints":{"allow":["GET"]}}],"collection":[{"href":"https:\/\/www.universoeletrico.com.br\/design\/index.php?rest_route=\/wp\/v2\/product"}],"about":[{"href":"https:\/\/www.universoeletrico.com.br\/design\/index.php?rest_route=\/wp\/v2\/types\/product"}],"wp:featuredmedia":[{"embeddable":true,"href":"https:\/\/www.universoeletrico.com.br\/design\/index.php?rest_route=\/wp\/v2\/media\/11447"}],"wp:attachment":[{"href":"https:\/\/www.universoeletrico.com.br\/design\/index.php?rest_route=%2Fwp%2Fv2%2Fmedia&parent=4901"}],"wp:term":[{"taxonomy":"product_brand","embeddable":true,"href":"https:\/\/www.universoeletrico.com.br\/design\/index.php?rest_route=%2Fwp%2Fv2%2Fproduct_brand&post=4901"},{"taxonomy":"product_cat","embeddable":true,"href":"https:\/\/www.universoeletrico.com.br\/design\/index.php?rest_route=%2Fwp%2Fv2%2Fproduct_cat&post=4901"},{"taxonomy":"product_tag","embeddable":true,"href":"https:\/\/www.universoeletrico.com.br\/design\/index.php?rest_route=%2Fwp%2Fv2%2Fproduct_tag&post=4901"}],"curies":[{"name":"wp","href":"https:\/\/api.w.org\/{rel}","templated":true}]}}