{"id":4884,"date":"2019-03-15T09:04:23","date_gmt":"2019-03-15T12:04:23","guid":{"rendered":"https:\/\/www.universoeletrico.com.br\/design\/?post_type=product&#038;p=4884"},"modified":"2026-01-15T15:50:25","modified_gmt":"2026-01-15T18:50:25","slug":"poste-balizador-quadrado-acrilico","status":"publish","type":"product","link":"https:\/\/www.universoeletrico.com.br\/design\/?product=poste-balizador-quadrado-acrilico","title":{"rendered":"POSTE BALIZADOR E27 26CM PT#"},"content":{"rendered":"<p>Fabricado com o corpo de alum\u00ednio e difusor e pintura eletrost\u00e1tica micro texturizada fosca nas cores branco, marrom ou preto<br \/>\ne difusor em acr\u00edlico pode ser usado em \u00e1reas externas e internas, em jardins ou caminhos<\/p>\n<p>Pintura eletrost\u00e1tica micro texturizada fosca nas cores branco, marrom ou preto<br \/>\nTamanho: 7,6cm x 7,6cm x 26cm<br \/>\nCom soquete E27<br \/>\nConsulte outras op\u00e7\u00f5es de acabamento e tamanhos por encomenda<br \/>\n\u2013 Branco \u2013 Marron &#8211; cinza<\/p>\n<p>&nbsp;<\/p>\n","protected":false},"excerpt":{"rendered":"<p>Fabricado com o corpo de alum\u00ednio e difusor e pintura eletrost\u00e1tica micro texturizada fosca nas cores branco, marrom ou preto e difusor em acr\u00edlico pode ser usado em \u00e1reas externas e internas, em jardins ou caminhos Pintura eletrost\u00e1tica micro texturizada fosca nas cores branco, marrom ou preto Tamanho: 7,6cm x 7,6cm x 26cm Com soquete [&hellip;]<\/p>\n","protected":false},"featured_media":11433,"template":"","meta":[],"product_brand":[],"product_cat":[28,39],"product_tag":[],"class_list":{"0":"post-4884","1":"product","2":"type-product","3":"status-publish","4":"has-post-thumbnail","6":"product_cat-area-externa","7":"product_cat-postes","9":"first","10":"instock","11":"shipping-taxable","12":"purchasable","13":"product-type-simple"},"_links":{"self":[{"href":"https:\/\/www.universoeletrico.com.br\/design\/index.php?rest_route=\/wp\/v2\/product\/4884","targetHints":{"allow":["GET"]}}],"collection":[{"href":"https:\/\/www.universoeletrico.com.br\/design\/index.php?rest_route=\/wp\/v2\/product"}],"about":[{"href":"https:\/\/www.universoeletrico.com.br\/design\/index.php?rest_route=\/wp\/v2\/types\/product"}],"wp:featuredmedia":[{"embeddable":true,"href":"https:\/\/www.universoeletrico.com.br\/design\/index.php?rest_route=\/wp\/v2\/media\/11433"}],"wp:attachment":[{"href":"https:\/\/www.universoeletrico.com.br\/design\/index.php?rest_route=%2Fwp%2Fv2%2Fmedia&parent=4884"}],"wp:term":[{"taxonomy":"product_brand","embeddable":true,"href":"https:\/\/www.universoeletrico.com.br\/design\/index.php?rest_route=%2Fwp%2Fv2%2Fproduct_brand&post=4884"},{"taxonomy":"product_cat","embeddable":true,"href":"https:\/\/www.universoeletrico.com.br\/design\/index.php?rest_route=%2Fwp%2Fv2%2Fproduct_cat&post=4884"},{"taxonomy":"product_tag","embeddable":true,"href":"https:\/\/www.universoeletrico.com.br\/design\/index.php?rest_route=%2Fwp%2Fv2%2Fproduct_tag&post=4884"}],"curies":[{"name":"wp","href":"https:\/\/api.w.org\/{rel}","templated":true}]}}