{"id":4881,"date":"2019-03-15T09:00:13","date_gmt":"2019-03-15T12:00:13","guid":{"rendered":"https:\/\/www.universoeletrico.com.br\/design\/?post_type=product&#038;p=4881"},"modified":"2026-01-15T15:50:25","modified_gmt":"2026-01-15T18:50:25","slug":"poste-balizador-kubo-jardim","status":"publish","type":"product","link":"https:\/\/www.universoeletrico.com.br\/design\/?product=poste-balizador-kubo-jardim","title":{"rendered":"*POSTE JARDIM 2XE27 1,74M PT\u00a0"},"content":{"rendered":"<p><strong>O Poste Globo Duplo foi desenvolvido<\/strong>\u00a0 para trazer eleg\u00e2ncia e sofistica\u00e7\u00e3o\u00a0 em ambientes externos,\u00a0 uma ilumina\u00e7\u00e3o mais aconchegante, mas tamb\u00e9m funcional, tamb\u00e9m decora o ambiente com seu design cl\u00e1ssico e atemporal.<br \/>\n\u00c9 fabricado em a\u00e7o e recebe um tratamento e pintura a p\u00f3, dando maior prote\u00e7\u00e3o, resist\u00eancia e durabilidade. Nas cores preto e branco para l\u00e2mpada com soquete E27 e IP54 o poste tem as op\u00e7\u00f5es com ou sem o globo e possui 1 ano de garantia.<\/p>\n<table class=\"table-caracteristicas\">\n<tbody>\n<tr>\n<td class=\"table-caracteristicas-titulo\">Base Soquete:<\/td>\n<td class=\"table-caracteristicas-valor\">E27<\/td>\n<\/tr>\n<tr>\n<td class=\"table-caracteristicas-titulo\">Composi\u00e7\u00e3o da Lente:<\/td>\n<td class=\"table-caracteristicas-valor\">Polietileno<\/td>\n<\/tr>\n<tr>\n<td class=\"table-caracteristicas-titulo\">Composi\u00e7\u00e3o do Produto:<\/td>\n<td class=\"table-caracteristicas-valor\">A\u00e7o<\/td>\n<\/tr>\n<tr>\n<td class=\"table-caracteristicas-titulo\">M\u00faltiplo Base Soquete:<\/td>\n<td class=\"table-caracteristicas-valor\">2 x<\/td>\n<\/tr>\n<tr>\n<td class=\"table-caracteristicas-titulo\">Pot\u00eancia:<\/td>\n<td class=\"table-caracteristicas-valor\">2 x 60W<\/td>\n<\/tr>\n<tr>\n<td class=\"table-caracteristicas-titulo\">Tens\u00e3o:<\/td>\n<td class=\"table-caracteristicas-valor\">100-240V<\/td>\n<\/tr>\n<tr>\n<td class=\"table-caracteristicas-titulo\">Tipologia Produto:<\/td>\n<td class=\"table-caracteristicas-valor\">Sobrepor<\/td>\n<\/tr>\n<tr>\n<td class=\"table-caracteristicas-titulo\">Tempo de Garantia:<\/td>\n<td class=\"table-caracteristicas-valor\">1 Ano<\/td>\n<\/tr>\n<tr>\n<td class=\"table-caracteristicas-titulo\">Acabamento:<\/td>\n<td class=\"table-caracteristicas-valor\">Pintura P\u00f3<\/td>\n<\/tr>\n<tr>\n<td class=\"table-caracteristicas-titulo\">\u00cdndice de Prote\u00e7\u00e3o:<\/td>\n<td class=\"table-caracteristicas-valor\">IP &#8211; 54<\/td>\n<\/tr>\n<tr>\n<td class=\"table-caracteristicas-titulo\">Dimens\u00f5es (MM):<\/td>\n<td class=\"table-caracteristicas-valor\">830,00 x 1740,00 x 185,00 (Comp. x Alt. x Larg.)<\/td>\n<\/tr>\n<tr>\n<td class=\"table-caracteristicas-titulo\">Tamanho da Base:<\/td>\n<td class=\"table-caracteristicas-valor\">\u00d8185mm<\/td>\n<\/tr>\n<\/tbody>\n<\/table>\n","protected":false},"excerpt":{"rendered":"<p>O Poste Globo Duplo foi desenvolvido\u00a0 para trazer eleg\u00e2ncia e sofistica\u00e7\u00e3o\u00a0 em ambientes externos,\u00a0 uma ilumina\u00e7\u00e3o mais aconchegante, mas tamb\u00e9m funcional, tamb\u00e9m decora o ambiente com seu design cl\u00e1ssico e atemporal. \u00c9 fabricado em a\u00e7o e recebe um tratamento e pintura a p\u00f3, dando maior prote\u00e7\u00e3o, resist\u00eancia e durabilidade. Nas cores preto e branco para [&hellip;]<\/p>\n","protected":false},"featured_media":11436,"template":"","meta":[],"product_brand":[],"product_cat":[28,39],"product_tag":[117,115,113,83,114,116,118],"class_list":{"0":"post-4881","1":"product","2":"type-product","3":"status-publish","4":"has-post-thumbnail","6":"product_cat-area-externa","7":"product_cat-postes","8":"product_tag-germany","9":"product_tag-iluminacao-externa","10":"product_tag-poste-globo","11":"product_tag-poste-jardim","12":"product_tag-poste-passeio","13":"product_tag-postre-duplo","14":"product_tag-universo-eletrico","16":"first","17":"instock","18":"shipping-taxable","19":"purchasable","20":"product-type-simple"},"_links":{"self":[{"href":"https:\/\/www.universoeletrico.com.br\/design\/index.php?rest_route=\/wp\/v2\/product\/4881","targetHints":{"allow":["GET"]}}],"collection":[{"href":"https:\/\/www.universoeletrico.com.br\/design\/index.php?rest_route=\/wp\/v2\/product"}],"about":[{"href":"https:\/\/www.universoeletrico.com.br\/design\/index.php?rest_route=\/wp\/v2\/types\/product"}],"wp:featuredmedia":[{"embeddable":true,"href":"https:\/\/www.universoeletrico.com.br\/design\/index.php?rest_route=\/wp\/v2\/media\/11436"}],"wp:attachment":[{"href":"https:\/\/www.universoeletrico.com.br\/design\/index.php?rest_route=%2Fwp%2Fv2%2Fmedia&parent=4881"}],"wp:term":[{"taxonomy":"product_brand","embeddable":true,"href":"https:\/\/www.universoeletrico.com.br\/design\/index.php?rest_route=%2Fwp%2Fv2%2Fproduct_brand&post=4881"},{"taxonomy":"product_cat","embeddable":true,"href":"https:\/\/www.universoeletrico.com.br\/design\/index.php?rest_route=%2Fwp%2Fv2%2Fproduct_cat&post=4881"},{"taxonomy":"product_tag","embeddable":true,"href":"https:\/\/www.universoeletrico.com.br\/design\/index.php?rest_route=%2Fwp%2Fv2%2Fproduct_tag&post=4881"}],"curies":[{"name":"wp","href":"https:\/\/api.w.org\/{rel}","templated":true}]}}