{"id":4855,"date":"2019-03-15T08:42:58","date_gmt":"2019-03-15T11:42:58","guid":{"rendered":"https:\/\/www.universoeletrico.com.br\/design\/?post_type=product&#038;p=4855"},"modified":"2026-01-15T15:50:28","modified_gmt":"2026-01-15T18:50:28","slug":"balizador-ronda-com-led-integrado-quadrado-e-redondo","status":"publish","type":"product","link":"https:\/\/www.universoeletrico.com.br\/design\/?product=balizador-ronda-com-led-integrado-quadrado-e-redondo","title":{"rendered":"BALIZADOR LED QUAD F IP65 2,4W 3000K"},"content":{"rendered":"<div class=\"value is-open\">O Balizador de Embutir LED F quadrado &#8211;\u00a0 Como o pr\u00f3prio nome diz, o balizador de embutir serve para balizar o caminho geralmente iluminando o ch\u00e3o ou marcando a parede.\u00a0 S\u00e3o ultilizados para balizar o caminho de escadas ou uma rota de passagem.\u00a0 Sua estrutura comporta tens\u00e3o Bivolt, e seu LED j\u00e1 vem incluso, com pot\u00eancia 2,4W e temperatura de cor 3000K.<\/div>\n<ul>\n<li>\n<h5><strong>INFORMA\u00c7\u00d5ES:<\/strong><\/h5>\n<\/li>\n<li>\n<h5><strong>POT\u00caNMCIA &#8211; 2,4W<\/strong><\/h5>\n<\/li>\n<li>\n<h5><strong>FLUXO LUMINOSO &#8211; 70LUMENS<\/strong><\/h5>\n<\/li>\n<li>\n<h5><strong>\u00c2NGULO DE ABERTURA FACHO- 75\u00b0<\/strong><\/h5>\n<\/li>\n<li>\n<h5><strong>DIMENNSS\u00d5ES\u00a0 &#8211; 4,2 X 6,15CM<\/strong><\/h5>\n<\/li>\n<\/ul>\n<p><strong>CONSULTE NOSSA EQUIPE DE VENDAS PARA OUTRAS OP\u00c7\u00d5ES DE ACABAMENTOS<\/strong><\/p>\n<p>255888 &#8211;\u00a0 BALIZADOR LED FERY 2,4W 3000K IP65 PT ( REDONDO)<\/p>\n<p>256307 &#8211; *BALIZADOR QUAD FERY 2,4W 3000K IP65 PT<\/p>\n<h2>Saiba como escolher o balizador certo conforme seu projeto<\/h2>\n<div class=\"Y3BBE\" data-sfc-cp=\"\" data-hveid=\"CAEICBAA\" data-processed=\"true\" data-complete=\"true\"><strong class=\"Yjhzub\" data-complete=\"true\" data-processed=\"true\">Balizador LED\u00a0 \u2013 Seguran\u00e7a Inteligente e Design Minimalista<\/strong><button class=\"rBl3me\" tabindex=\"0\" data-amic=\"true\" data-icl-uuid=\"157dc8ec-3c28-491d-8c52-d1087386ca3a\" aria-label=\"Mostrar links relacionados\" data-wiz-attrbind=\"disabled=rnND6e_3n\/C5gNJc;class=rnND6e_3n\/UpSNec\" data-ved=\"2ahUKEwji8O6g0PyRAxUDIrkGHbr8IKAQye0OegYIAQgIEAE\"><\/button><\/div>\n<div class=\"Y3BBE\" data-sfc-cp=\"\" data-hveid=\"CAEICRAA\" data-processed=\"true\" data-complete=\"true\">&#8220;Guie seus passos com a eleg\u00e2ncia da ilumina\u00e7\u00e3o t\u00e9cnica. Nossos balizadores foram projetados para transformar escadas e corredores em caminhos seguros, sem comprometer o conforto visual ou a est\u00e9tica do ambiente.&#8221;<button class=\"rBl3me\" tabindex=\"0\" data-amic=\"true\" data-icl-uuid=\"637d91a7-9e47-463f-abc7-297511b9cca2\" aria-label=\"Mostrar links relacionados\" data-wiz-attrbind=\"disabled=rnND6e_3r\/C5gNJc;class=rnND6e_3r\/UpSNec\" data-ved=\"2ahUKEwji8O6g0PyRAxUDIrkGHbr8IKAQye0OegYIAQgJEAE\"><\/button><\/div>\n<ul class=\"KsbFXc U6u95\" data-complete=\"true\" data-processed=\"true\">\n<li data-hveid=\"CAEIChAA\" data-complete=\"true\" data-sae=\"\"><span class=\"T286Pc\" data-sfc-cp=\"\" data-complete=\"true\"><strong class=\"Yjhzub\" data-complete=\"true\">Ilumina\u00e7\u00e3o de Orienta\u00e7\u00e3o (Facho Direcionado):<\/strong>\u00a0Projetado com facho de luz voltado para baixo, iluminando apenas o degrau e eliminando o ofuscamento direto nos olhos.<\/span><\/li>\n<li data-hveid=\"CAEIChAB\" data-complete=\"true\" data-sae=\"\"><span class=\"T286Pc\" data-sfc-cp=\"\" data-complete=\"true\"><strong class=\"Yjhzub\" data-complete=\"true\">Efici\u00eancia e Delicadeza:<\/strong>\u00a0Pot\u00eancia otimizada de\u00a0<strong class=\"Yjhzub\" data-complete=\"true\">2W<\/strong>, proporcionando o brilho exato para sinaliza\u00e7\u00e3o noturna com consumo m\u00ednimo de energia.<\/span><\/li>\n<li data-hveid=\"CAEIChAC\" data-complete=\"true\" data-sae=\"\"><span class=\"T286Pc\" data-sfc-cp=\"\" data-complete=\"true\"><strong class=\"Yjhzub\" data-complete=\"true\">Versatilidade de Projeto:<\/strong><\/span>\n<ul class=\"KsbFXc U6u95\" data-complete=\"true\">\n<li data-hveid=\"CAEIChAD\" data-complete=\"true\" data-sae=\"\"><span class=\"T286Pc\" data-sfc-cp=\"\" data-complete=\"true\"><strong class=\"Yjhzub\" data-complete=\"true\">Facho Aberto:<\/strong>\u00a0Para ilumina\u00e7\u00e3o ampla e funcional do degrau inteiro.<\/span><\/li>\n<li data-hveid=\"CAEIChAE\" data-complete=\"true\" data-sae=\"\"><span class=\"T286Pc\" data-sfc-cp=\"\" data-complete=\"true\"><strong class=\"Yjhzub\" data-complete=\"true\">Facho Pontual (Efeito):<\/strong>\u00a0Para criar marcas de luz decorativas e real\u00e7ar a textura dos materiais.<\/span><\/li>\n<\/ul>\n<\/li>\n<li data-hveid=\"CAEIChAF\" data-complete=\"true\" data-sae=\"\"><span class=\"T286Pc\" data-sfc-cp=\"\" data-complete=\"true\"><strong class=\"Yjhzub\" data-complete=\"true\">Alta Durabilidade:<\/strong>\u00a0Dispon\u00edvel em acabamentos de alum\u00ednio com tratamento anticorrosivo e prote\u00e7\u00e3o\u00a0<strong class=\"Yjhzub\" data-complete=\"true\">IP65<\/strong>, garantindo performance tanto em escadas internas quanto em \u00e1reas externas expostas ao tempo.<\/span><\/li>\n<li data-hveid=\"CAEIChAG\" data-complete=\"true\" data-sae=\"\"><span class=\"T286Pc\" data-sfc-cp=\"\" data-complete=\"true\"><strong class=\"Yjhzub\" data-complete=\"true\">Est\u00e9tica 2026:<\/strong>\u00a0Design ultra-fino que se integra \u00e0 arquitetura, dispon\u00edvel em temperaturas de cor quente (3000K) para ambientes residenciais aconchegantes<\/span><\/li>\n<\/ul>\n","protected":false},"excerpt":{"rendered":"<p>O Balizador de Embutir LED F quadrado &#8211;\u00a0 Como o pr\u00f3prio nome diz, o balizador de embutir serve para balizar o caminho geralmente iluminando o ch\u00e3o ou marcando a parede.\u00a0 S\u00e3o ultilizados para balizar o caminho de escadas ou uma rota de passagem.\u00a0 Sua estrutura comporta tens\u00e3o Bivolt, e seu LED j\u00e1 vem incluso, com [&hellip;]<\/p>\n","protected":false},"featured_media":11630,"template":"","meta":[],"product_brand":[],"product_cat":[28,36],"product_tag":[37,106,112,38,84,108,97],"class_list":{"0":"post-4855","1":"product","2":"type-product","3":"status-publish","4":"has-post-thumbnail","6":"product_cat-area-externa","7":"product_cat-balizadores-de-parede-e-escada","8":"product_tag-archi","9":"product_tag-area-externa","10":"product_tag-balizador","11":"product_tag-balizador-escada-marcacao-caminhoiluminar-caminho","12":"product_tag-balizador-jardim","13":"product_tag-iluminacao-deck","14":"product_tag-interlight","16":"first","17":"instock","18":"shipping-taxable","19":"purchasable","20":"product-type-simple"},"_links":{"self":[{"href":"https:\/\/www.universoeletrico.com.br\/design\/index.php?rest_route=\/wp\/v2\/product\/4855","targetHints":{"allow":["GET"]}}],"collection":[{"href":"https:\/\/www.universoeletrico.com.br\/design\/index.php?rest_route=\/wp\/v2\/product"}],"about":[{"href":"https:\/\/www.universoeletrico.com.br\/design\/index.php?rest_route=\/wp\/v2\/types\/product"}],"wp:featuredmedia":[{"embeddable":true,"href":"https:\/\/www.universoeletrico.com.br\/design\/index.php?rest_route=\/wp\/v2\/media\/11630"}],"wp:attachment":[{"href":"https:\/\/www.universoeletrico.com.br\/design\/index.php?rest_route=%2Fwp%2Fv2%2Fmedia&parent=4855"}],"wp:term":[{"taxonomy":"product_brand","embeddable":true,"href":"https:\/\/www.universoeletrico.com.br\/design\/index.php?rest_route=%2Fwp%2Fv2%2Fproduct_brand&post=4855"},{"taxonomy":"product_cat","embeddable":true,"href":"https:\/\/www.universoeletrico.com.br\/design\/index.php?rest_route=%2Fwp%2Fv2%2Fproduct_cat&post=4855"},{"taxonomy":"product_tag","embeddable":true,"href":"https:\/\/www.universoeletrico.com.br\/design\/index.php?rest_route=%2Fwp%2Fv2%2Fproduct_tag&post=4855"}],"curies":[{"name":"wp","href":"https:\/\/api.w.org\/{rel}","templated":true}]}}