{"id":4836,"date":"2019-03-15T08:29:39","date_gmt":"2019-03-15T11:29:39","guid":{"rendered":"https:\/\/www.universoeletrico.com.br\/design\/?post_type=product&#038;p=4836"},"modified":"2026-01-15T15:50:31","modified_gmt":"2026-01-15T18:50:31","slug":"balizador-solo-led-integrado-preto","status":"publish","type":"product","link":"https:\/\/www.universoeletrico.com.br\/design\/?product=balizador-solo-led-integrado-preto","title":{"rendered":"EMBUTIDO LED SOLO RED 15W 3K INOX IP65"},"content":{"rendered":"<p>Uma fam\u00edlia completa para as mais diversas aplica\u00e7\u00f5es no seu jardim.Os embutidos de solo s\u00e3o \u00f3timo para destacar elementos naturais e tornar a ilumina\u00e7\u00e3o mais confort\u00e1vel e podem ser usados para iluminar pilares, porticos, paredes , arvores e vegeta\u00e7\u00e3o.<\/p>\n<p>Com seu grau de Prote\u00e7\u00e3o elevado que atesta a alta resist\u00eancia dos produtos para exposi\u00e7\u00e3o em \u00e1reas externas.<\/p>\n<ul>\n<li>Fluxo luminoso -1100LM<\/li>\n<li>Angulo abertura \u2013 30GR<\/li>\n<li>TEns\u00e3o\u00a0 BIVOLT<\/li>\n<li>C\/ Antiofuscante<\/li>\n<li>Material \u2013 Aluminio<\/li>\n<li>Grau de prote\u00e7\u00e3o \u2013 IP65<\/li>\n<\/ul>\n<p>Consulte outtras op\u00e7\u00f5es de acabamento<\/p>\n<p>Consulte outras op\u00e7\u00f5es de pot\u00eancia<\/p>\n<p>5w \u2013 7w \u2013 10w -20w<\/p>\n","protected":false},"excerpt":{"rendered":"<p><a href=\"https:\/\/www.universoeletrico.com.br\/design\/produto\/embutido-de-solo-led-integrado\/\">Embutido de Solo Led Integrado<\/a><\/p>\n","protected":false},"featured_media":11457,"template":"","meta":[],"product_brand":[],"product_cat":[28,29],"product_tag":[31,122,89,123,108,35,124],"class_list":{"0":"post-4836","1":"product","2":"type-product","3":"status-publish","4":"has-post-thumbnail","6":"product_cat-area-externa","7":"product_cat-embutidos-e-balizadores-de-solo","8":"product_tag-emb-flat","9":"product_tag-foco","10":"product_tag-ilumiancao-de-jardim","11":"product_tag-iluminacao-de-pilares","12":"product_tag-iluminacao-deck","13":"product_tag-jardimgridstellasolopiso","14":"product_tag-uplight","16":"first","17":"instock","18":"shipping-taxable","19":"purchasable","20":"product-type-simple"},"_links":{"self":[{"href":"https:\/\/www.universoeletrico.com.br\/design\/index.php?rest_route=\/wp\/v2\/product\/4836","targetHints":{"allow":["GET"]}}],"collection":[{"href":"https:\/\/www.universoeletrico.com.br\/design\/index.php?rest_route=\/wp\/v2\/product"}],"about":[{"href":"https:\/\/www.universoeletrico.com.br\/design\/index.php?rest_route=\/wp\/v2\/types\/product"}],"wp:featuredmedia":[{"embeddable":true,"href":"https:\/\/www.universoeletrico.com.br\/design\/index.php?rest_route=\/wp\/v2\/media\/11457"}],"wp:attachment":[{"href":"https:\/\/www.universoeletrico.com.br\/design\/index.php?rest_route=%2Fwp%2Fv2%2Fmedia&parent=4836"}],"wp:term":[{"taxonomy":"product_brand","embeddable":true,"href":"https:\/\/www.universoeletrico.com.br\/design\/index.php?rest_route=%2Fwp%2Fv2%2Fproduct_brand&post=4836"},{"taxonomy":"product_cat","embeddable":true,"href":"https:\/\/www.universoeletrico.com.br\/design\/index.php?rest_route=%2Fwp%2Fv2%2Fproduct_cat&post=4836"},{"taxonomy":"product_tag","embeddable":true,"href":"https:\/\/www.universoeletrico.com.br\/design\/index.php?rest_route=%2Fwp%2Fv2%2Fproduct_tag&post=4836"}],"curies":[{"name":"wp","href":"https:\/\/api.w.org\/{rel}","templated":true}]}}