{"id":4823,"date":"2019-03-15T08:16:23","date_gmt":"2019-03-15T11:16:23","guid":{"rendered":"https:\/\/www.universoeletrico.com.br\/design\/?post_type=product&#038;p=4823"},"modified":"2026-01-15T15:50:32","modified_gmt":"2026-01-15T18:50:32","slug":"embutido-solo-piso-par-30-e-par-38","status":"publish","type":"product","link":"https:\/\/www.universoeletrico.com.br\/design\/?product=embutido-solo-piso-par-30-e-par-38","title":{"rendered":"EMBUTIDO SOLO AL S\/GRD PAR38 e PAR 30 PT"},"content":{"rendered":"<p>Esse modelo \u00e9 produzido em alum\u00ednio e tem formato redondo na cor preta com soquete E27 para l\u00e2mpada Par 38 &#8211; Par 30 (l\u00e2mpada n\u00e3o inclusa) que proporciona uma ilumina\u00e7\u00e3o precisa<br \/>\nPode ser usada em pisos de concreto, cer\u00e2mica,\u00a0madeira, grama,\u00a0ch\u00e3o de\u00a0terra, etc.<br \/>\nUm outro fator positivo, \u00e9 que o\u00a0Embutido de Solo em Alum\u00ednio para l\u00e2mpada PAR38 possui prote\u00e7\u00e3o contra chuvas e poeiras.<br \/>\nLumin\u00e1ria de embutir no solo\u00a0 para L\u00e2mpada Led ou halogena e com a vantgem de que a troca de L\u00e2mpadas \u00e9 f\u00e1cil<\/p>\n<ul class=\"ui-vpp-highlighted-specs__features-list\">\n<li class=\"ui-vpp-highlighted-specs__features-list-item ui-pdp-color--BLACK ui-pdp-size--XSMALL ui-pdp-family--REGULAR\">Compat\u00edvel com l\u00e2mpada Par38 Par 30 ou Bulbo E27 LED (N\u00e3o est\u00e1 inclusa).<\/li>\n<li>Soque E-27 &#8211;<\/li>\n<li>Material aluminio<\/li>\n<\/ul>\n<p>&nbsp;<\/p>\n<p>&nbsp;<\/p>\n<p>&nbsp;<\/p>\n<p>&nbsp;<\/p>\n","protected":false},"excerpt":{"rendered":"<p>Esse modelo \u00e9 produzido em alum\u00ednio e tem formato redondo na cor preta com soquete E27 para l\u00e2mpada Par 38 &#8211; Par 30 (l\u00e2mpada n\u00e3o inclusa) que proporciona uma ilumina\u00e7\u00e3o precisa Pode ser usada em pisos de concreto, cer\u00e2mica,\u00a0madeira, grama,\u00a0ch\u00e3o de\u00a0terra, etc. Um outro fator positivo, \u00e9 que o\u00a0Embutido de Solo em Alum\u00ednio para l\u00e2mpada [&hellip;]<\/p>\n","protected":false},"featured_media":4824,"template":"","meta":[],"product_brand":[],"product_cat":[28,29],"product_tag":[],"class_list":{"0":"post-4823","1":"product","2":"type-product","3":"status-publish","4":"has-post-thumbnail","6":"product_cat-area-externa","7":"product_cat-embutidos-e-balizadores-de-solo","9":"first","10":"instock","11":"shipping-taxable","12":"purchasable","13":"product-type-simple"},"_links":{"self":[{"href":"https:\/\/www.universoeletrico.com.br\/design\/index.php?rest_route=\/wp\/v2\/product\/4823","targetHints":{"allow":["GET"]}}],"collection":[{"href":"https:\/\/www.universoeletrico.com.br\/design\/index.php?rest_route=\/wp\/v2\/product"}],"about":[{"href":"https:\/\/www.universoeletrico.com.br\/design\/index.php?rest_route=\/wp\/v2\/types\/product"}],"wp:featuredmedia":[{"embeddable":true,"href":"https:\/\/www.universoeletrico.com.br\/design\/index.php?rest_route=\/wp\/v2\/media\/4824"}],"wp:attachment":[{"href":"https:\/\/www.universoeletrico.com.br\/design\/index.php?rest_route=%2Fwp%2Fv2%2Fmedia&parent=4823"}],"wp:term":[{"taxonomy":"product_brand","embeddable":true,"href":"https:\/\/www.universoeletrico.com.br\/design\/index.php?rest_route=%2Fwp%2Fv2%2Fproduct_brand&post=4823"},{"taxonomy":"product_cat","embeddable":true,"href":"https:\/\/www.universoeletrico.com.br\/design\/index.php?rest_route=%2Fwp%2Fv2%2Fproduct_cat&post=4823"},{"taxonomy":"product_tag","embeddable":true,"href":"https:\/\/www.universoeletrico.com.br\/design\/index.php?rest_route=%2Fwp%2Fv2%2Fproduct_tag&post=4823"}],"curies":[{"name":"wp","href":"https:\/\/api.w.org\/{rel}","templated":true}]}}