{"id":4818,"date":"2019-03-15T08:09:51","date_gmt":"2019-03-15T11:09:51","guid":{"rendered":"https:\/\/www.universoeletrico.com.br\/design\/?post_type=product&#038;p=4818"},"modified":"2026-01-15T15:50:33","modified_gmt":"2026-01-15T18:50:33","slug":"embutido-solo-dicroica-gu-10","status":"publish","type":"product","link":"https:\/\/www.universoeletrico.com.br\/design\/?product=embutido-solo-dicroica-gu-10","title":{"rendered":"*BALIZADOR SOLO WAY RING RED 1W 3K IP67"},"content":{"rendered":"<div class=\"selos\" data-v-3e368732=\"\">\n<div data-v-3e368732=\"\">\n<div class=\"selo-container\" data-v-471850ce=\"\" data-v-3e368732=\"\">\n<div class=\"descricao-modal  \" data-v-471850ce=\"\">\n<p data-v-471850ce=\"\">Para evidenciar cores e indicar caminhos, a linha LED Jardim da Stella conta com completo portf\u00f3lio de produtos com design pr\u00f3prio, marcados pela alta resist\u00eancia e a versatilidade. Apresentando solu\u00e7\u00f5es in\u00e9ditas para as mais diversas aplica\u00e7\u00f5es, as pe\u00e7as permitem a cria\u00e7\u00e3o de variados efeitos luminosos em \u00e1reas externas.<\/p>\n<table data-v-3e368732=\"\">\n<tbody data-v-3e368732=\"\">\n<tr data-v-3e368732=\"\">\n<td data-v-3e368732=\"\">IRC (\u00cdndice de reprodu\u00e7\u00e3o de cores)<\/td>\n<td data-v-3e368732=\"\">&gt;80<\/td>\n<\/tr>\n<tr data-v-3e368732=\"\">\n<td data-v-3e368732=\"\">Grau de prote\u00e7\u00e3o (IP)<\/td>\n<td data-v-3e368732=\"\">IP67<\/td>\n<\/tr>\n<tr data-v-3e368732=\"\">\n<td data-v-3e368732=\"\">Pot\u00eancia<\/td>\n<td data-v-3e368732=\"\">1W<\/td>\n<\/tr>\n<tr data-v-3e368732=\"\">\n<td data-v-3e368732=\"\">Fluxo luminoso<\/td>\n<td data-v-3e368732=\"\">6 Lumens<\/td>\n<\/tr>\n<tr data-v-3e368732=\"\">\n<td data-v-3e368732=\"\">Material predominante<\/td>\n<td data-v-3e368732=\"\">Policarbonato<\/td>\n<\/tr>\n<tr data-v-3e368732=\"\">\n<td data-v-3e368732=\"\">Angulo de abertura<\/td>\n<td data-v-3e368732=\"\">360\u00b0<\/td>\n<\/tr>\n<tr data-v-3e368732=\"\">\n<td data-v-3e368732=\"\">Acabamento preto<\/td>\n<\/tr>\n<\/tbody>\n<\/table>\n<\/div>\n<\/div>\n<\/div>\n<\/div>\n<p>&nbsp;<\/p>\n","protected":false},"excerpt":{"rendered":"<p>Para evidenciar cores e indicar caminhos, a linha LED Jardim da Stella conta com completo portf\u00f3lio de produtos com design pr\u00f3prio, marcados pela alta resist\u00eancia e a versatilidade. Apresentando solu\u00e7\u00f5es in\u00e9ditas para as mais diversas aplica\u00e7\u00f5es, as pe\u00e7as permitem a cria\u00e7\u00e3o de variados efeitos luminosos em \u00e1reas externas. IRC (\u00cdndice de reprodu\u00e7\u00e3o de cores) &gt;80 [&hellip;]<\/p>\n","protected":false},"featured_media":11477,"template":"","meta":[],"product_brand":[],"product_cat":[28,29],"product_tag":[106,112,84,86,108,115,120,128],"class_list":{"0":"post-4818","1":"product","2":"type-product","3":"status-publish","4":"has-post-thumbnail","6":"product_cat-area-externa","7":"product_cat-embutidos-e-balizadores-de-solo","8":"product_tag-area-externa","9":"product_tag-balizador","10":"product_tag-balizador-jardim","11":"product_tag-ilmnacao-jardim","12":"product_tag-iluminacao-deck","13":"product_tag-iluminacao-externa","14":"product_tag-stella","15":"product_tag-way-ring","17":"first","18":"instock","19":"shipping-taxable","20":"purchasable","21":"product-type-simple"},"_links":{"self":[{"href":"https:\/\/www.universoeletrico.com.br\/design\/index.php?rest_route=\/wp\/v2\/product\/4818","targetHints":{"allow":["GET"]}}],"collection":[{"href":"https:\/\/www.universoeletrico.com.br\/design\/index.php?rest_route=\/wp\/v2\/product"}],"about":[{"href":"https:\/\/www.universoeletrico.com.br\/design\/index.php?rest_route=\/wp\/v2\/types\/product"}],"wp:featuredmedia":[{"embeddable":true,"href":"https:\/\/www.universoeletrico.com.br\/design\/index.php?rest_route=\/wp\/v2\/media\/11477"}],"wp:attachment":[{"href":"https:\/\/www.universoeletrico.com.br\/design\/index.php?rest_route=%2Fwp%2Fv2%2Fmedia&parent=4818"}],"wp:term":[{"taxonomy":"product_brand","embeddable":true,"href":"https:\/\/www.universoeletrico.com.br\/design\/index.php?rest_route=%2Fwp%2Fv2%2Fproduct_brand&post=4818"},{"taxonomy":"product_cat","embeddable":true,"href":"https:\/\/www.universoeletrico.com.br\/design\/index.php?rest_route=%2Fwp%2Fv2%2Fproduct_cat&post=4818"},{"taxonomy":"product_tag","embeddable":true,"href":"https:\/\/www.universoeletrico.com.br\/design\/index.php?rest_route=%2Fwp%2Fv2%2Fproduct_tag&post=4818"}],"curies":[{"name":"wp","href":"https:\/\/api.w.org\/{rel}","templated":true}]}}