{"id":4809,"date":"2019-03-15T08:06:07","date_gmt":"2019-03-15T11:06:07","guid":{"rendered":"https:\/\/www.universoeletrico.com.br\/design\/?post_type=product&#038;p=4809"},"modified":"2026-01-15T15:50:35","modified_gmt":"2026-01-15T18:50:35","slug":"embutido-solo-piso-lamp-vapor-metalico-70-150w","status":"publish","type":"product","link":"https:\/\/www.universoeletrico.com.br\/design\/?product=embutido-solo-piso-lamp-vapor-metalico-70-150w","title":{"rendered":"*EMBUTIDO SOLO S\/GRD 18,5W 1500L 3K IP67"},"content":{"rendered":"<p>A fam\u00edlia S.GROUND foi criada para transformar a ilumina\u00e7\u00e3o externa com uma performance superior em lumin\u00e1rias para jardim. Seu avan\u00e7ado projeto conta com o H2OFF, uma solu\u00e7\u00e3o autoral que apresenta diferenciais exclusivos para oferecer maior blindagem contra a a\u00e7\u00e3o da \u00e1gua, como o Sistema Block e a Caixa de Instala\u00e7\u00e3o Orbital.<\/p>\n<p>Fluxo luminoso &#8211; 1500 LM<\/p>\n<p>`Pot\u00eancia &#8211; 18,5w<\/p>\n<p>Grau abertura &#8211; 36\u00b0<\/p>\n<p>Temperatura cor &#8211; 3000k<\/p>\n<p>Grau porte\u00e7\u00e3o &#8211; IP-67<\/p>\n<p><iframe title=\"S.GROUND | Alcance do facho | Stella Ilumina\u00e7\u00e3o\" width=\"563\" height=\"1000\" src=\"https:\/\/www.youtube.com\/embed\/6CbYW4_Z8fc?feature=oembed&#038;enablejsapi=1&#038;origin=https:\/\/www.universoeletrico.com.br\" frameborder=\"0\" allow=\"accelerometer; autoplay; clipboard-write; encrypted-media; gyroscope; picture-in-picture; web-share\" referrerpolicy=\"strict-origin-when-cross-origin\" allowfullscreen><\/iframe><\/p>\n","protected":false},"excerpt":{"rendered":"<p>A fam\u00edlia S.GROUND foi criada para transformar a ilumina\u00e7\u00e3o externa com uma performance superior em lumin\u00e1rias para jardim. Seu avan\u00e7ado projeto conta com o H2OFF, uma solu\u00e7\u00e3o autoral que apresenta diferenciais exclusivos para oferecer maior blindagem contra a a\u00e7\u00e3o da \u00e1gua, como o Sistema Block e a Caixa de Instala\u00e7\u00e3o Orbital. Fluxo luminoso &#8211; 1500 [&hellip;]<\/p>\n","protected":false},"featured_media":11459,"template":"","meta":[],"product_brand":[],"product_cat":[28,29],"product_tag":[106,112,84,31,123,108,33,126,120],"class_list":{"0":"post-4809","1":"product","2":"type-product","3":"status-publish","4":"has-post-thumbnail","6":"product_cat-area-externa","7":"product_cat-embutidos-e-balizadores-de-solo","8":"product_tag-area-externa","9":"product_tag-balizador","10":"product_tag-balizador-jardim","11":"product_tag-emb-flat","12":"product_tag-iluminacao-de-pilares","13":"product_tag-iluminacao-deck","14":"product_tag-iluminacao-jardim","15":"product_tag-sground","16":"product_tag-stella","18":"first","19":"instock","20":"shipping-taxable","21":"purchasable","22":"product-type-simple"},"_links":{"self":[{"href":"https:\/\/www.universoeletrico.com.br\/design\/index.php?rest_route=\/wp\/v2\/product\/4809","targetHints":{"allow":["GET"]}}],"collection":[{"href":"https:\/\/www.universoeletrico.com.br\/design\/index.php?rest_route=\/wp\/v2\/product"}],"about":[{"href":"https:\/\/www.universoeletrico.com.br\/design\/index.php?rest_route=\/wp\/v2\/types\/product"}],"wp:featuredmedia":[{"embeddable":true,"href":"https:\/\/www.universoeletrico.com.br\/design\/index.php?rest_route=\/wp\/v2\/media\/11459"}],"wp:attachment":[{"href":"https:\/\/www.universoeletrico.com.br\/design\/index.php?rest_route=%2Fwp%2Fv2%2Fmedia&parent=4809"}],"wp:term":[{"taxonomy":"product_brand","embeddable":true,"href":"https:\/\/www.universoeletrico.com.br\/design\/index.php?rest_route=%2Fwp%2Fv2%2Fproduct_brand&post=4809"},{"taxonomy":"product_cat","embeddable":true,"href":"https:\/\/www.universoeletrico.com.br\/design\/index.php?rest_route=%2Fwp%2Fv2%2Fproduct_cat&post=4809"},{"taxonomy":"product_tag","embeddable":true,"href":"https:\/\/www.universoeletrico.com.br\/design\/index.php?rest_route=%2Fwp%2Fv2%2Fproduct_tag&post=4809"}],"curies":[{"name":"wp","href":"https:\/\/api.w.org\/{rel}","templated":true}]}}