{"id":4777,"date":"2019-03-14T11:32:41","date_gmt":"2019-03-14T14:32:41","guid":{"rendered":"https:\/\/www.universoeletrico.com.br\/design\/?post_type=product&#038;p=4777"},"modified":"2026-01-15T15:50:36","modified_gmt":"2026-01-15T18:50:36","slug":"spot-para-trilho-com-plug","status":"publish","type":"product","link":"https:\/\/www.universoeletrico.com.br\/design\/?product=spot-para-trilho-com-plug","title":{"rendered":"SPOT P\/ TRILHO F C\/ADAP. MR16\/GU10 BRANCO"},"content":{"rendered":"<p>Spot para trilho eletrificado com plug, estes modelo s\u00e3o vers\u00e1teis e contam com articula\u00e7\u00e3o para mudan\u00e7a de dire\u00e7\u00e3o do foco e ainda podem ser movidos de posi\u00e7\u00e3o no trilho.<\/p>\n<p>&nbsp;<\/p>\n<p>Tem op\u00e7\u00f5es para v\u00e1rios tipos de l\u00e2mpadas. Este spot foi projetado para ser usado em trilhos eltrificados <strong>( vendidos separadamente)<\/strong><\/p>\n<p>L\u00e2mpadas vendidas separadamente<br \/>\ntrilho vendidos separadamente<\/p>\n<p>Consulte nossa equipe de vendas para spots com acabmentos diferentes e para v\u00e1rios tipos de l\u00e2mapdas como abaixo<\/p>\n<p>249051 &#8211; SPOT P\/ TRILHO F C\/ADAP. MR16\/GU10 PRETO<\/p>\n<p>249046 &#8211; SPOT P\/ TRILHO F C\/ADAP. PAR20\/E27 BRANCO<\/p>\n<p>249047 &#8211; SPOT P\/ TRILHO F C\/ADAP. PAR20\/E27 PRETO<\/p>\n<p>249052 &#8211; SPOT P\/ TRILHO F C\/ADAP. AR70\/GU10 BRANCO<\/p>\n<p>249053 &#8211; SPOT P\/ TRILHO FERRO C\/ADAP. AR70\/GU10 PRETO<\/p>\n<p>249055 &#8211; SPOT P\/TRILHO FERRO C\/ADAP.PAR30\/E-27 PRETO<\/p>\n<p>249054 &#8211; SPOT P\/ TRILHO FERRO C\/ADAP. PAR30\/E-27<\/p>\n<p>239016 &#8211; *SPOT P\/TRILHO FERRO C\/ADAP.AR111 GU10 PRETO<\/p>\n<p>239017 &#8211; *SPOT P\/TRILHO FERRO C\/ADAP.AR111 GU10 BRANCO<\/p>\n","protected":false},"excerpt":{"rendered":"<p>Spot para trilho eletrificado com plug, estes modelo s\u00e3o vers\u00e1teis e contam com articula\u00e7\u00e3o para mudan\u00e7a de dire\u00e7\u00e3o do foco e ainda podem ser movidos de posi\u00e7\u00e3o no trilho. &nbsp; Tem op\u00e7\u00f5es para v\u00e1rios tipos de l\u00e2mpadas. Este spot foi projetado para ser usado em trilhos eltrificados ( vendidos separadamente) L\u00e2mpadas vendidas separadamente trilho vendidos [&hellip;]<\/p>\n","protected":false},"featured_media":4778,"template":"","meta":[],"product_brand":[],"product_cat":[16,25],"product_tag":[165,166,169,167,168,164],"class_list":{"0":"post-4777","1":"product","2":"type-product","3":"status-publish","4":"has-post-thumbnail","6":"product_cat-residencial-e-predial","7":"product_cat-spots-e-trilhos-eletrificados","8":"product_tag-iluminacao-closet","9":"product_tag-iluminacao-comspots","10":"product_tag-iluminacao-para-lojas","11":"product_tag-ilumincao-focal","12":"product_tag-iluminjacao-de-destaque","13":"product_tag-trilho-eletrificadoiluminacao-escritorio","15":"first","16":"instock","17":"shipping-taxable","18":"purchasable","19":"product-type-simple"},"_links":{"self":[{"href":"https:\/\/www.universoeletrico.com.br\/design\/index.php?rest_route=\/wp\/v2\/product\/4777","targetHints":{"allow":["GET"]}}],"collection":[{"href":"https:\/\/www.universoeletrico.com.br\/design\/index.php?rest_route=\/wp\/v2\/product"}],"about":[{"href":"https:\/\/www.universoeletrico.com.br\/design\/index.php?rest_route=\/wp\/v2\/types\/product"}],"wp:featuredmedia":[{"embeddable":true,"href":"https:\/\/www.universoeletrico.com.br\/design\/index.php?rest_route=\/wp\/v2\/media\/4778"}],"wp:attachment":[{"href":"https:\/\/www.universoeletrico.com.br\/design\/index.php?rest_route=%2Fwp%2Fv2%2Fmedia&parent=4777"}],"wp:term":[{"taxonomy":"product_brand","embeddable":true,"href":"https:\/\/www.universoeletrico.com.br\/design\/index.php?rest_route=%2Fwp%2Fv2%2Fproduct_brand&post=4777"},{"taxonomy":"product_cat","embeddable":true,"href":"https:\/\/www.universoeletrico.com.br\/design\/index.php?rest_route=%2Fwp%2Fv2%2Fproduct_cat&post=4777"},{"taxonomy":"product_tag","embeddable":true,"href":"https:\/\/www.universoeletrico.com.br\/design\/index.php?rest_route=%2Fwp%2Fv2%2Fproduct_tag&post=4777"}],"curies":[{"name":"wp","href":"https:\/\/api.w.org\/{rel}","templated":true}]}}