{"id":4774,"date":"2019-03-14T11:31:33","date_gmt":"2019-03-14T14:31:33","guid":{"rendered":"https:\/\/www.universoeletrico.com.br\/design\/?post_type=product&#038;p=4774"},"modified":"2026-02-03T15:38:05","modified_gmt":"2026-02-03T18:38:05","slug":"spot-zylinder-par-30","status":"publish","type":"product","link":"https:\/\/www.universoeletrico.com.br\/design\/?product=spot-zylinder-par-30","title":{"rendered":"TRILHO ELETRIFICADO 2METROS PT PARA SPOTS"},"content":{"rendered":"<p>Trilhos eletrificados\u00a0<mark class=\"HxTRcb\" data-complete=\"true\" data-sae=\"\">s\u00e3o sistemas de ilumina\u00e7\u00e3o vers\u00e1teis que permitem fixar e mover lumin\u00e1rias, como spots de LED, em qualquer ponto do trilho, dispensando a necessidade de m\u00faltiplos pontos de energia na instala\u00e7\u00e3o el\u00e9trica<\/mark>. Eles s\u00e3o uma solu\u00e7\u00e3o pr\u00e1tica e moderna tanto para ambientes residenciais quanto comerciais<\/p>\n<p>&nbsp;<\/p>\n<p>CONSUTE NOSSA EQUIPE DE VENDAS PARA OUTRAS OP\u00c7\u00d5ES DE CORES, MEDIDAS E ACESS\u00d3RIOS ABAIXO<\/p>\n<p>251666 &#8211; TRILHO ELETRIFICADO 2M BR<\/p>\n<p>251664 &#8211; TRILHO ELETRIFICADO 1M BR<\/p>\n<p>251665 &#8211; TRILHO ELETRIFICADO 1M PT<\/p>\n<p>251660 -CONEXAO RETA\/EMENDA 180 P\/TRILHO BR<\/p>\n<p>251661 &#8211; CONEXAO RETA\/EMENDA 180 P\/TRILHO PT<\/p>\n<p>251662 &#8211; CONEXAO\/EMENDA 90 P\/TRILHO BR<\/p>\n<p>251663 &#8211; CONEXAO\/EMENDA 90 P\/TRILHO PT<\/p>\n<p>VEJA TAMB\u00c9M NOSSAS OP\u00c7\u00d5ES DE SPOS PARA TRILHO NO LINK ABAIXO<\/p>\n<blockquote class=\"wp-embedded-content\" data-secret=\"CCoQvR34LA\"><p><a href=\"https:\/\/www.universoeletrico.com.br\/design\/\">Home<\/a><\/p><\/blockquote>\n<p><iframe class=\"wp-embedded-content\" sandbox=\"allow-scripts\" security=\"restricted\" style=\"position: absolute; visibility: hidden;\" title=\"&#8220;Home&#8221; &#8212; Universo El\u00e9trico Design\" src=\"https:\/\/www.universoeletrico.com.br\/design\/?embed=true#?secret=KKYGa0TZWf#?secret=CCoQvR34LA\" data-secret=\"CCoQvR34LA\" width=\"600\" height=\"338\" frameborder=\"0\" marginwidth=\"0\" marginheight=\"0\" scrolling=\"no\"><\/iframe><\/p>\n<p>&nbsp;<\/p>\n","protected":false},"excerpt":{"rendered":"<p>Trilhos eletrificados\u00a0s\u00e3o sistemas de ilumina\u00e7\u00e3o vers\u00e1teis que permitem fixar e mover lumin\u00e1rias, como spots de LED, em qualquer ponto do trilho, dispensando a necessidade de m\u00faltiplos pontos de energia na instala\u00e7\u00e3o el\u00e9trica. Eles s\u00e3o uma solu\u00e7\u00e3o pr\u00e1tica e moderna tanto para ambientes residenciais quanto comerciais &nbsp; CONSUTE NOSSA EQUIPE DE VENDAS PARA OUTRAS OP\u00c7\u00d5ES DE [&hellip;]<\/p>\n","protected":false},"featured_media":11605,"template":"","meta":[],"product_brand":[],"product_cat":[16,25],"product_tag":[215,218,217,216,214],"class_list":{"0":"post-4774","1":"product","2":"type-product","3":"status-publish","4":"has-post-thumbnail","6":"product_cat-residencial-e-predial","7":"product_cat-spots-e-trilhos-eletrificados","8":"product_tag-iluminacao-de-destaque","9":"product_tag-iluminacao-de-sala","10":"product_tag-iluminacao-focal","11":"product_tag-iluminacao-industrial","12":"product_tag-iluminacao-para-loja","14":"first","15":"instock","16":"shipping-taxable","17":"purchasable","18":"product-type-simple"},"_links":{"self":[{"href":"https:\/\/www.universoeletrico.com.br\/design\/index.php?rest_route=\/wp\/v2\/product\/4774","targetHints":{"allow":["GET"]}}],"collection":[{"href":"https:\/\/www.universoeletrico.com.br\/design\/index.php?rest_route=\/wp\/v2\/product"}],"about":[{"href":"https:\/\/www.universoeletrico.com.br\/design\/index.php?rest_route=\/wp\/v2\/types\/product"}],"wp:featuredmedia":[{"embeddable":true,"href":"https:\/\/www.universoeletrico.com.br\/design\/index.php?rest_route=\/wp\/v2\/media\/11605"}],"wp:attachment":[{"href":"https:\/\/www.universoeletrico.com.br\/design\/index.php?rest_route=%2Fwp%2Fv2%2Fmedia&parent=4774"}],"wp:term":[{"taxonomy":"product_brand","embeddable":true,"href":"https:\/\/www.universoeletrico.com.br\/design\/index.php?rest_route=%2Fwp%2Fv2%2Fproduct_brand&post=4774"},{"taxonomy":"product_cat","embeddable":true,"href":"https:\/\/www.universoeletrico.com.br\/design\/index.php?rest_route=%2Fwp%2Fv2%2Fproduct_cat&post=4774"},{"taxonomy":"product_tag","embeddable":true,"href":"https:\/\/www.universoeletrico.com.br\/design\/index.php?rest_route=%2Fwp%2Fv2%2Fproduct_tag&post=4774"}],"curies":[{"name":"wp","href":"https:\/\/api.w.org\/{rel}","templated":true}]}}