{"id":4771,"date":"2019-03-14T11:28:32","date_gmt":"2019-03-14T14:28:32","guid":{"rendered":"https:\/\/www.universoeletrico.com.br\/design\/?post_type=product&#038;p=4771"},"modified":"2026-01-15T15:51:25","modified_gmt":"2026-01-15T18:51:25","slug":"spot-par-30-pharos-com-canopla","status":"publish","type":"product","link":"https:\/\/www.universoeletrico.com.br\/design\/?product=spot-par-30-pharos-com-canopla","title":{"rendered":"SPOT DIREC CILIND MR11 BR PARA PERFIL"},"content":{"rendered":"<p>O spot para perfil e\u00a0 <mark class=\"HxTRcb\" data-complete=\"true\" data-sae=\"\">sistemas de ilumina\u00e7\u00e3o t\u00e9cnica e decorativa onde spots (pontos de luz direcion\u00e1veis) s\u00e3o instalados dentro de perfis de alum\u00ednio<\/mark> de sobrepor\/embutir.<\/p>\n<p>&nbsp;<\/p>\n<p>SOQUETE GU-10 PARA L\u00c2MPADA MR11 ( N\u00c3O INCLUSA)<\/p>\n<p>ASTE COM\u00a0 NIPLE PARA SER FIXADO NO PERFIL<\/p>\n<p>MATERIAL\u00a0 -ALUMINIO E PINTURA EPOXI<\/p>\n<p>&nbsp;<\/p>\n<p>CONSULTE NOSSA EQUIPE DE VENDAS PARA OUTRAS OP\u00c7\u00d5ES DE ACABAMENTO E L\u00c2MPADAS<\/p>\n<p>243064 &#8211; *SPOT ORIENT MR11 P\/PERFIL LINEA 1 E 2 PT<\/p>\n","protected":false},"excerpt":{"rendered":"<p>O spot para perfil e\u00a0 sistemas de ilumina\u00e7\u00e3o t\u00e9cnica e decorativa onde spots (pontos de luz direcion\u00e1veis) s\u00e3o instalados dentro de perfis de alum\u00ednio de sobrepor\/embutir. &nbsp; SOQUETE GU-10 PARA L\u00c2MPADA MR11 ( N\u00c3O INCLUSA) ASTE COM\u00a0 NIPLE PARA SER FIXADO NO PERFIL MATERIAL\u00a0 -ALUMINIO E PINTURA EPOXI &nbsp; CONSULTE NOSSA EQUIPE DE VENDAS PARA [&hellip;]<\/p>\n","protected":false},"featured_media":11613,"template":"","meta":[],"product_brand":[],"product_cat":[16,25],"product_tag":[],"class_list":{"0":"post-4771","1":"product","2":"type-product","3":"status-publish","4":"has-post-thumbnail","6":"product_cat-residencial-e-predial","7":"product_cat-spots-e-trilhos-eletrificados","9":"first","10":"instock","11":"shipping-taxable","12":"purchasable","13":"product-type-simple"},"_links":{"self":[{"href":"https:\/\/www.universoeletrico.com.br\/design\/index.php?rest_route=\/wp\/v2\/product\/4771","targetHints":{"allow":["GET"]}}],"collection":[{"href":"https:\/\/www.universoeletrico.com.br\/design\/index.php?rest_route=\/wp\/v2\/product"}],"about":[{"href":"https:\/\/www.universoeletrico.com.br\/design\/index.php?rest_route=\/wp\/v2\/types\/product"}],"wp:featuredmedia":[{"embeddable":true,"href":"https:\/\/www.universoeletrico.com.br\/design\/index.php?rest_route=\/wp\/v2\/media\/11613"}],"wp:attachment":[{"href":"https:\/\/www.universoeletrico.com.br\/design\/index.php?rest_route=%2Fwp%2Fv2%2Fmedia&parent=4771"}],"wp:term":[{"taxonomy":"product_brand","embeddable":true,"href":"https:\/\/www.universoeletrico.com.br\/design\/index.php?rest_route=%2Fwp%2Fv2%2Fproduct_brand&post=4771"},{"taxonomy":"product_cat","embeddable":true,"href":"https:\/\/www.universoeletrico.com.br\/design\/index.php?rest_route=%2Fwp%2Fv2%2Fproduct_cat&post=4771"},{"taxonomy":"product_tag","embeddable":true,"href":"https:\/\/www.universoeletrico.com.br\/design\/index.php?rest_route=%2Fwp%2Fv2%2Fproduct_tag&post=4771"}],"curies":[{"name":"wp","href":"https:\/\/api.w.org\/{rel}","templated":true}]}}