{"id":4754,"date":"2019-03-14T11:13:34","date_gmt":"2019-03-14T14:13:34","guid":{"rendered":"https:\/\/www.universoeletrico.com.br\/design\/?post_type=product&#038;p=4754"},"modified":"2026-01-15T15:51:26","modified_gmt":"2026-01-15T18:51:26","slug":"pendente-soho-cuba-50cm","status":"publish","type":"product","link":"https:\/\/www.universoeletrico.com.br\/design\/?product=pendente-soho-cuba-50cm","title":{"rendered":"Pendente Soho Cuba 50cm"},"content":{"rendered":"<p>Pendentes com design arrojado deixam o ambiente mais sofisticado e iluminado este Pendente Cuba chromo e com cristais tem di\u00e2metro de 50 cm e cabos com regulagem de altura e com capacidade para 6 l\u00e2mpadas G-9 led ou Halogenas (vendidas separadamente) v\u00e3o deixar sua sala maravilhosa.<br \/>\nop\u00e7\u00f5es de cores do vidro<\/p>\n<p>pendente crhomo 50cm 252168<br \/>\nPendente Ambar 50cm 252211<br \/>\npendente caf\u00e9 50cm 252202<\/p>\n","protected":false},"excerpt":{"rendered":"<p>Pendentes com design arrojado deixam o ambiente mais sofisticado e iluminado este Pendente Cuba chromo e com cristais tem di\u00e2metro de 50 cm e cabos com regulagem de altura e com capacidade para 6 l\u00e2mpadas G-9 led ou Halogenas (vendidas separadamente) v\u00e3o deixar sua sala maravilhosa. op\u00e7\u00f5es de cores do vidro pendente crhomo 50cm 252168 [&hellip;]<\/p>\n","protected":false},"featured_media":4755,"template":"","meta":[],"product_brand":[],"product_cat":[27,16],"product_tag":[],"class_list":{"0":"post-4754","1":"product","2":"type-product","3":"status-publish","4":"has-post-thumbnail","6":"product_cat-pendente","7":"product_cat-residencial-e-predial","9":"first","10":"instock","11":"shipping-taxable","12":"purchasable","13":"product-type-simple"},"_links":{"self":[{"href":"https:\/\/www.universoeletrico.com.br\/design\/index.php?rest_route=\/wp\/v2\/product\/4754","targetHints":{"allow":["GET"]}}],"collection":[{"href":"https:\/\/www.universoeletrico.com.br\/design\/index.php?rest_route=\/wp\/v2\/product"}],"about":[{"href":"https:\/\/www.universoeletrico.com.br\/design\/index.php?rest_route=\/wp\/v2\/types\/product"}],"wp:featuredmedia":[{"embeddable":true,"href":"https:\/\/www.universoeletrico.com.br\/design\/index.php?rest_route=\/wp\/v2\/media\/4755"}],"wp:attachment":[{"href":"https:\/\/www.universoeletrico.com.br\/design\/index.php?rest_route=%2Fwp%2Fv2%2Fmedia&parent=4754"}],"wp:term":[{"taxonomy":"product_brand","embeddable":true,"href":"https:\/\/www.universoeletrico.com.br\/design\/index.php?rest_route=%2Fwp%2Fv2%2Fproduct_brand&post=4754"},{"taxonomy":"product_cat","embeddable":true,"href":"https:\/\/www.universoeletrico.com.br\/design\/index.php?rest_route=%2Fwp%2Fv2%2Fproduct_cat&post=4754"},{"taxonomy":"product_tag","embeddable":true,"href":"https:\/\/www.universoeletrico.com.br\/design\/index.php?rest_route=%2Fwp%2Fv2%2Fproduct_tag&post=4754"}],"curies":[{"name":"wp","href":"https:\/\/api.w.org\/{rel}","templated":true}]}}