{"id":4714,"date":"2019-03-14T09:36:48","date_gmt":"2019-03-14T12:36:48","guid":{"rendered":"https:\/\/www.universoeletrico.com.br\/design\/?post_type=product&#038;p=4714"},"modified":"2026-01-15T15:51:30","modified_gmt":"2026-01-15T18:51:30","slug":"pendente-madeira-capadocia","status":"publish","type":"product","link":"https:\/\/www.universoeletrico.com.br\/design\/?product=pendente-madeira-capadocia","title":{"rendered":"Pendente Madeira Capadocia"},"content":{"rendered":"<p>Pendente capad\u00f3cia ripado, oferece beleza e sofistica\u00e7\u00e3o em 3 tamanhos<\/p>\n<p>Medidas: D.27xA.45cm \u2013 252011- capuccino<br \/>\nMedidas: D.32xA.60cm \u2013 252012 \u2013 capuccino<br \/>\nMedidas: D.38xA.77cm \u2013 252013 \u2013 capuccino<br \/>\nBase L\u00e2mpadas: 1xE-27 bulbo led ou Econ\u00f4mica vendidas separadamente<\/p>\n<p>op\u00e7\u00f5es de cores: consultar<\/p>\n","protected":false},"excerpt":{"rendered":"<p>Pendente capad\u00f3cia ripado, oferece beleza e sofistica\u00e7\u00e3o em 3 tamanhos Medidas: D.27xA.45cm \u2013 252011- capuccino Medidas: D.32xA.60cm \u2013 252012 \u2013 capuccino Medidas: D.38xA.77cm \u2013 252013 \u2013 capuccino Base L\u00e2mpadas: 1xE-27 bulbo led ou Econ\u00f4mica vendidas separadamente op\u00e7\u00f5es de cores: consultar<\/p>\n","protected":false},"featured_media":4715,"template":"","meta":[],"product_brand":[],"product_cat":[27,16],"product_tag":[],"class_list":{"0":"post-4714","1":"product","2":"type-product","3":"status-publish","4":"has-post-thumbnail","6":"product_cat-pendente","7":"product_cat-residencial-e-predial","9":"first","10":"instock","11":"shipping-taxable","12":"purchasable","13":"product-type-simple"},"_links":{"self":[{"href":"https:\/\/www.universoeletrico.com.br\/design\/index.php?rest_route=\/wp\/v2\/product\/4714","targetHints":{"allow":["GET"]}}],"collection":[{"href":"https:\/\/www.universoeletrico.com.br\/design\/index.php?rest_route=\/wp\/v2\/product"}],"about":[{"href":"https:\/\/www.universoeletrico.com.br\/design\/index.php?rest_route=\/wp\/v2\/types\/product"}],"wp:featuredmedia":[{"embeddable":true,"href":"https:\/\/www.universoeletrico.com.br\/design\/index.php?rest_route=\/wp\/v2\/media\/4715"}],"wp:attachment":[{"href":"https:\/\/www.universoeletrico.com.br\/design\/index.php?rest_route=%2Fwp%2Fv2%2Fmedia&parent=4714"}],"wp:term":[{"taxonomy":"product_brand","embeddable":true,"href":"https:\/\/www.universoeletrico.com.br\/design\/index.php?rest_route=%2Fwp%2Fv2%2Fproduct_brand&post=4714"},{"taxonomy":"product_cat","embeddable":true,"href":"https:\/\/www.universoeletrico.com.br\/design\/index.php?rest_route=%2Fwp%2Fv2%2Fproduct_cat&post=4714"},{"taxonomy":"product_tag","embeddable":true,"href":"https:\/\/www.universoeletrico.com.br\/design\/index.php?rest_route=%2Fwp%2Fv2%2Fproduct_tag&post=4714"}],"curies":[{"name":"wp","href":"https:\/\/api.w.org\/{rel}","templated":true}]}}