{"id":4706,"date":"2019-03-14T09:29:53","date_gmt":"2019-03-14T12:29:53","guid":{"rendered":"https:\/\/www.universoeletrico.com.br\/design\/?post_type=product&#038;p=4706"},"modified":"2026-01-15T15:51:32","modified_gmt":"2026-01-15T18:51:32","slug":"pendente-madeira-ripado-1092","status":"publish","type":"product","link":"https:\/\/www.universoeletrico.com.br\/design\/?product=pendente-madeira-ripado-1092","title":{"rendered":"Pendente Madeira Ripado 1092"},"content":{"rendered":"<p>Pendente IMBUIA Ripado Cil\u00edndrico com Acr\u00edlico \u2013 1046781<br \/>\nD.50xA.25cm<br \/>\nL\u00e2mpadas: 4xE-27 Econ\u00f4mica (20w) BULBO LED (30206) VENDIDOS SEPARADAMENTE<\/p>\n<p>OP\u00c7\u00d5ES DE CORES SOB CONSULTA<\/p>\n","protected":false},"excerpt":{"rendered":"<p>Pendente IMBUIA Ripado Cil\u00edndrico com Acr\u00edlico \u2013 1046781 D.50xA.25cm L\u00e2mpadas: 4xE-27 Econ\u00f4mica (20w) BULBO LED (30206) VENDIDOS SEPARADAMENTE OP\u00c7\u00d5ES DE CORES SOB CONSULTA<\/p>\n","protected":false},"featured_media":4707,"template":"","meta":[],"product_brand":[],"product_cat":[27,16],"product_tag":[],"class_list":{"0":"post-4706","1":"product","2":"type-product","3":"status-publish","4":"has-post-thumbnail","6":"product_cat-pendente","7":"product_cat-residencial-e-predial","9":"first","10":"instock","11":"shipping-taxable","12":"purchasable","13":"product-type-simple"},"_links":{"self":[{"href":"https:\/\/www.universoeletrico.com.br\/design\/index.php?rest_route=\/wp\/v2\/product\/4706","targetHints":{"allow":["GET"]}}],"collection":[{"href":"https:\/\/www.universoeletrico.com.br\/design\/index.php?rest_route=\/wp\/v2\/product"}],"about":[{"href":"https:\/\/www.universoeletrico.com.br\/design\/index.php?rest_route=\/wp\/v2\/types\/product"}],"wp:featuredmedia":[{"embeddable":true,"href":"https:\/\/www.universoeletrico.com.br\/design\/index.php?rest_route=\/wp\/v2\/media\/4707"}],"wp:attachment":[{"href":"https:\/\/www.universoeletrico.com.br\/design\/index.php?rest_route=%2Fwp%2Fv2%2Fmedia&parent=4706"}],"wp:term":[{"taxonomy":"product_brand","embeddable":true,"href":"https:\/\/www.universoeletrico.com.br\/design\/index.php?rest_route=%2Fwp%2Fv2%2Fproduct_brand&post=4706"},{"taxonomy":"product_cat","embeddable":true,"href":"https:\/\/www.universoeletrico.com.br\/design\/index.php?rest_route=%2Fwp%2Fv2%2Fproduct_cat&post=4706"},{"taxonomy":"product_tag","embeddable":true,"href":"https:\/\/www.universoeletrico.com.br\/design\/index.php?rest_route=%2Fwp%2Fv2%2Fproduct_tag&post=4706"}],"curies":[{"name":"wp","href":"https:\/\/api.w.org\/{rel}","templated":true}]}}