{"id":4702,"date":"2019-03-14T09:24:48","date_gmt":"2019-03-14T12:24:48","guid":{"rendered":"https:\/\/www.universoeletrico.com.br\/design\/?post_type=product&#038;p=4702"},"modified":"2026-01-15T15:51:33","modified_gmt":"2026-01-15T18:51:33","slug":"pendente-madeira-ripado-252015-1185","status":"publish","type":"product","link":"https:\/\/www.universoeletrico.com.br\/design\/?product=pendente-madeira-ripado-252015-1185","title":{"rendered":"Pendente Madeira Ripado 252015-1185"},"content":{"rendered":"<p>Lustre madeira ripada<br \/>\nop\u00e7\u00f5es de medidas<\/p>\n<p>Medidas: D.37xA.47,5cm<\/p>\n<p>L\u00e2mpadas: 1xE-27 Bulbo led Econ\u00f4mica vendida separadamente<\/p>\n<p>Medidas: D.42xA.75cm<br \/>\nCor capuccino \u2013 252015<\/p>\n<p>L\u00e2mpadas: 1xE-27 Bulbo led Econ\u00f4mica vendida separadamente<\/p>\n","protected":false},"excerpt":{"rendered":"<p>Lustre madeira ripada op\u00e7\u00f5es de medidas Medidas: D.37xA.47,5cm L\u00e2mpadas: 1xE-27 Bulbo led Econ\u00f4mica vendida separadamente Medidas: D.42xA.75cm Cor capuccino \u2013 252015 L\u00e2mpadas: 1xE-27 Bulbo led Econ\u00f4mica vendida separadamente<\/p>\n","protected":false},"featured_media":4703,"template":"","meta":[],"product_brand":[],"product_cat":[27,16],"product_tag":[],"class_list":{"0":"post-4702","1":"product","2":"type-product","3":"status-publish","4":"has-post-thumbnail","6":"product_cat-pendente","7":"product_cat-residencial-e-predial","9":"first","10":"instock","11":"shipping-taxable","12":"purchasable","13":"product-type-simple"},"_links":{"self":[{"href":"https:\/\/www.universoeletrico.com.br\/design\/index.php?rest_route=\/wp\/v2\/product\/4702","targetHints":{"allow":["GET"]}}],"collection":[{"href":"https:\/\/www.universoeletrico.com.br\/design\/index.php?rest_route=\/wp\/v2\/product"}],"about":[{"href":"https:\/\/www.universoeletrico.com.br\/design\/index.php?rest_route=\/wp\/v2\/types\/product"}],"wp:featuredmedia":[{"embeddable":true,"href":"https:\/\/www.universoeletrico.com.br\/design\/index.php?rest_route=\/wp\/v2\/media\/4703"}],"wp:attachment":[{"href":"https:\/\/www.universoeletrico.com.br\/design\/index.php?rest_route=%2Fwp%2Fv2%2Fmedia&parent=4702"}],"wp:term":[{"taxonomy":"product_brand","embeddable":true,"href":"https:\/\/www.universoeletrico.com.br\/design\/index.php?rest_route=%2Fwp%2Fv2%2Fproduct_brand&post=4702"},{"taxonomy":"product_cat","embeddable":true,"href":"https:\/\/www.universoeletrico.com.br\/design\/index.php?rest_route=%2Fwp%2Fv2%2Fproduct_cat&post=4702"},{"taxonomy":"product_tag","embeddable":true,"href":"https:\/\/www.universoeletrico.com.br\/design\/index.php?rest_route=%2Fwp%2Fv2%2Fproduct_tag&post=4702"}],"curies":[{"name":"wp","href":"https:\/\/api.w.org\/{rel}","templated":true}]}}