{"id":4678,"date":"2019-03-14T08:50:44","date_gmt":"2019-03-14T11:50:44","guid":{"rendered":"https:\/\/www.universoeletrico.com.br\/design\/?post_type=product&#038;p=4678"},"modified":"2026-02-19T13:51:18","modified_gmt":"2026-02-19T16:51:18","slug":"pendente-metal-diva-fundo-dourado","status":"publish","type":"product","link":"https:\/\/www.universoeletrico.com.br\/design\/?product=pendente-metal-diva-fundo-dourado","title":{"rendered":"*PENDENTE MEIABOLA 60X30CM 2M 1XE27 BRANCO &#8211; DM"},"content":{"rendered":"<p>&nbsp;<\/p>\n<div id=\"description\" class=\"data item content\" role=\"tabpanel\" aria-labelledby=\"tab-label-description\" data-role=\"content\" aria-hidden=\"false\">\n<div class=\"product attribute description\">\n<div class=\"value\">\n<div class=\"col-sm-12 col-xs-12 titulo lampadas\" data-toggle=\"collapse\" data-target=\"#lampadas\">\n<p align=\"justify\">Caso seu objetivo seja incluir em seu ambiente uma ilumina\u00e7\u00e3o mais direcionada e com um destaque extra, ent\u00e3o\u00a0<a title=\"Pendente de Teto na Ilumini\" href=\"https:\/\/www.iluminifast.com.br\/iluminacao-decorativa\/iluminac-o-categoria\/linha-de-pendentes\">pendente de teto<\/a>\u00a0\u00e9 o ideal.<\/p>\n<p align=\"justify\">Ssustentados por um cabo os pendentes, deixam a ilumina\u00e7\u00e3o mais pr\u00f3xima dos pontos que necessitam de luz e podem ser encontrados em diferentes formatos, acabamentos, sendo assim podem compor diversos estilos de decora\u00e7\u00e3o.<\/p>\n<p align=\"justify\">Muito usado em mezaninos, mesas em sala de jantar, bancadas e laterais da cama e balc\u00f5es.<\/p>\n<p align=\"justify\">\u00a0Se o que voc\u00ea est\u00e1 procurando um pendente seu projeto seja, moderna ou at\u00e9 mesmo cl\u00e1ssicas e r\u00fasticas, voc\u00ea est\u00e1 no lugar certo, temos uma variada linha de luminaria pendente que, com certeza, fora este item temos um cat\u00e1logo de pendentes incr\u00edvel.<\/p>\n<\/div>\n<\/div>\n<\/div>\n<\/div>\n<p>Dimenss\u00f5es: D.60cm x A. 30cm<br \/>\nAltura\u00a0 total j\u00e1 com cabo regul\u00e1vel at\u00e9 200<\/p>\n<p>ACABEMNTOS<\/p>\n<p>CUPULA EXTERNA &#8211; BRANCO FOSCO<\/p>\n<p>BOJO INTERNO &#8211; DOURADO MATE<\/p>\n<p>-CONSULTE NOSSA EQUIPE PARA OUTRAS DIMENSS\u00d5ES E CORES DE ACABAMENTO<\/p>\n","protected":false},"excerpt":{"rendered":"<p>&nbsp; Caso seu objetivo seja incluir em seu ambiente uma ilumina\u00e7\u00e3o mais direcionada e com um destaque extra, ent\u00e3o\u00a0pendente de teto\u00a0\u00e9 o ideal. Ssustentados por um cabo os pendentes, deixam a ilumina\u00e7\u00e3o mais pr\u00f3xima dos pontos que necessitam de luz e podem ser encontrados em diferentes formatos, acabamentos, sendo assim podem compor diversos estilos de [&hellip;]<\/p>\n","protected":false},"featured_media":11756,"template":"","meta":[],"product_brand":[],"product_cat":[23,27,16],"product_tag":[300,302,299,303,301,195],"class_list":{"0":"post-4678","1":"product","2":"type-product","3":"status-publish","4":"has-post-thumbnail","6":"product_cat-lustre-e-pendentes","7":"product_cat-pendente","8":"product_cat-residencial-e-predial","9":"product_tag-diva","10":"product_tag-meia-bola","11":"product_tag-meia-esfera","12":"product_tag-munclair","13":"product_tag-pendente-diva","14":"product_tag-sala-jantar","16":"first","17":"instock","18":"shipping-taxable","19":"purchasable","20":"product-type-simple"},"_links":{"self":[{"href":"https:\/\/www.universoeletrico.com.br\/design\/index.php?rest_route=\/wp\/v2\/product\/4678","targetHints":{"allow":["GET"]}}],"collection":[{"href":"https:\/\/www.universoeletrico.com.br\/design\/index.php?rest_route=\/wp\/v2\/product"}],"about":[{"href":"https:\/\/www.universoeletrico.com.br\/design\/index.php?rest_route=\/wp\/v2\/types\/product"}],"wp:featuredmedia":[{"embeddable":true,"href":"https:\/\/www.universoeletrico.com.br\/design\/index.php?rest_route=\/wp\/v2\/media\/11756"}],"wp:attachment":[{"href":"https:\/\/www.universoeletrico.com.br\/design\/index.php?rest_route=%2Fwp%2Fv2%2Fmedia&parent=4678"}],"wp:term":[{"taxonomy":"product_brand","embeddable":true,"href":"https:\/\/www.universoeletrico.com.br\/design\/index.php?rest_route=%2Fwp%2Fv2%2Fproduct_brand&post=4678"},{"taxonomy":"product_cat","embeddable":true,"href":"https:\/\/www.universoeletrico.com.br\/design\/index.php?rest_route=%2Fwp%2Fv2%2Fproduct_cat&post=4678"},{"taxonomy":"product_tag","embeddable":true,"href":"https:\/\/www.universoeletrico.com.br\/design\/index.php?rest_route=%2Fwp%2Fv2%2Fproduct_tag&post=4678"}],"curies":[{"name":"wp","href":"https:\/\/api.w.org\/{rel}","templated":true}]}}