{"id":4674,"date":"2019-03-14T08:46:08","date_gmt":"2019-03-14T11:46:08","guid":{"rendered":"https:\/\/www.universoeletrico.com.br\/design\/?post_type=product&#038;p=4674"},"modified":"2026-01-15T15:51:38","modified_gmt":"2026-01-15T18:51:38","slug":"pendente-metal-diva-preto","status":"publish","type":"product","link":"https:\/\/www.universoeletrico.com.br\/design\/?product=pendente-metal-diva-preto","title":{"rendered":"Pendente Metal Diva Preto"},"content":{"rendered":"<p>Data8 de setembro de 2017<br \/>\nPendente Diva studio em forma de meia esfera com fechamento em difuso em acr\u00edlico, mant\u00e9m \u00f3tima ilumina\u00e7\u00e3o<\/p>\n<p>op\u00e7\u00f5es de Tamanho<\/p>\n<p>Pendente Di\u00e2metro 45 x Altura 19 \u2013 Consulta<br \/>\ncapacidade para 2 l\u00e2mpadas E-27 Bulbo led ou fluor convencional ( vendidas separadamente)<br \/>\nAltura total regul\u00e1vel at\u00e9 2,00( para tamanhos de cabo maiores consulte)<\/p>\n<p>Pendente Di\u00e2metro 60 x Altura 29 Preto \u2013 252188<br \/>\ncapacidade para 3 l\u00e2mpadas E-27 Bulbo led ou fluor convencional ( vendidas separadamente)<br \/>\nAltura total regul\u00e1vel at\u00e9 2,00( para tamanhos de cabo maiores consulte)<\/p>\n<p>op\u00e7\u00f5es de cores sob consulta<\/p>\n","protected":false},"excerpt":{"rendered":"<p>Data8 de setembro de 2017 Pendente Diva studio em forma de meia esfera com fechamento em difuso em acr\u00edlico, mant\u00e9m \u00f3tima ilumina\u00e7\u00e3o op\u00e7\u00f5es de Tamanho Pendente Di\u00e2metro 45 x Altura 19 \u2013 Consulta capacidade para 2 l\u00e2mpadas E-27 Bulbo led ou fluor convencional ( vendidas separadamente) Altura total regul\u00e1vel at\u00e9 2,00( para tamanhos de cabo [&hellip;]<\/p>\n","protected":false},"featured_media":4675,"template":"","meta":[],"product_brand":[],"product_cat":[27,16],"product_tag":[],"class_list":{"0":"post-4674","1":"product","2":"type-product","3":"status-publish","4":"has-post-thumbnail","6":"product_cat-pendente","7":"product_cat-residencial-e-predial","9":"first","10":"instock","11":"shipping-taxable","12":"purchasable","13":"product-type-simple"},"_links":{"self":[{"href":"https:\/\/www.universoeletrico.com.br\/design\/index.php?rest_route=\/wp\/v2\/product\/4674","targetHints":{"allow":["GET"]}}],"collection":[{"href":"https:\/\/www.universoeletrico.com.br\/design\/index.php?rest_route=\/wp\/v2\/product"}],"about":[{"href":"https:\/\/www.universoeletrico.com.br\/design\/index.php?rest_route=\/wp\/v2\/types\/product"}],"wp:featuredmedia":[{"embeddable":true,"href":"https:\/\/www.universoeletrico.com.br\/design\/index.php?rest_route=\/wp\/v2\/media\/4675"}],"wp:attachment":[{"href":"https:\/\/www.universoeletrico.com.br\/design\/index.php?rest_route=%2Fwp%2Fv2%2Fmedia&parent=4674"}],"wp:term":[{"taxonomy":"product_brand","embeddable":true,"href":"https:\/\/www.universoeletrico.com.br\/design\/index.php?rest_route=%2Fwp%2Fv2%2Fproduct_brand&post=4674"},{"taxonomy":"product_cat","embeddable":true,"href":"https:\/\/www.universoeletrico.com.br\/design\/index.php?rest_route=%2Fwp%2Fv2%2Fproduct_cat&post=4674"},{"taxonomy":"product_tag","embeddable":true,"href":"https:\/\/www.universoeletrico.com.br\/design\/index.php?rest_route=%2Fwp%2Fv2%2Fproduct_tag&post=4674"}],"curies":[{"name":"wp","href":"https:\/\/api.w.org\/{rel}","templated":true}]}}