{"id":4559,"date":"2019-03-13T10:18:30","date_gmt":"2019-03-13T13:18:30","guid":{"rendered":"https:\/\/www.universoeletrico.com.br\/design\/?post_type=product&#038;p=4559"},"modified":"2026-01-15T15:52:51","modified_gmt":"2026-01-15T18:52:51","slug":"pendente-articulado-scope","status":"publish","type":"product","link":"https:\/\/www.universoeletrico.com.br\/design\/?product=pendente-articulado-scope","title":{"rendered":"Pendente Articulado Scope"},"content":{"rendered":"<p>Data11 de mar\u00e7o de 2018<br \/>\nLumin\u00e1ria articulada em metal \u2013 1050987<br \/>\nMaterial: A\u00e7o<br \/>\nop\u00e7\u00f5es de Cor: Cromado ou branco com c\u00fapula branca e cobre com c\u00fapula preta \u2013<br \/>\nSoquete: E27<br \/>\nLampada: 1 x E27<br \/>\nMedidas: 62cm x 80cm (pe\u00e7a) | \u00f825cm x 15cm (c\u00fapula)<\/p>\n","protected":false},"excerpt":{"rendered":"<p>Data11 de mar\u00e7o de 2018 Lumin\u00e1ria articulada em metal \u2013 1050987 Material: A\u00e7o op\u00e7\u00f5es de Cor: Cromado ou branco com c\u00fapula branca e cobre com c\u00fapula preta \u2013 Soquete: E27 Lampada: 1 x E27 Medidas: 62cm x 80cm (pe\u00e7a) | \u00f825cm x 15cm (c\u00fapula)<\/p>\n","protected":false},"featured_media":4560,"template":"","meta":[],"product_brand":[],"product_cat":[27,16],"product_tag":[],"class_list":{"0":"post-4559","1":"product","2":"type-product","3":"status-publish","4":"has-post-thumbnail","6":"product_cat-pendente","7":"product_cat-residencial-e-predial","9":"first","10":"instock","11":"shipping-taxable","12":"purchasable","13":"product-type-simple"},"_links":{"self":[{"href":"https:\/\/www.universoeletrico.com.br\/design\/index.php?rest_route=\/wp\/v2\/product\/4559","targetHints":{"allow":["GET"]}}],"collection":[{"href":"https:\/\/www.universoeletrico.com.br\/design\/index.php?rest_route=\/wp\/v2\/product"}],"about":[{"href":"https:\/\/www.universoeletrico.com.br\/design\/index.php?rest_route=\/wp\/v2\/types\/product"}],"wp:featuredmedia":[{"embeddable":true,"href":"https:\/\/www.universoeletrico.com.br\/design\/index.php?rest_route=\/wp\/v2\/media\/4560"}],"wp:attachment":[{"href":"https:\/\/www.universoeletrico.com.br\/design\/index.php?rest_route=%2Fwp%2Fv2%2Fmedia&parent=4559"}],"wp:term":[{"taxonomy":"product_brand","embeddable":true,"href":"https:\/\/www.universoeletrico.com.br\/design\/index.php?rest_route=%2Fwp%2Fv2%2Fproduct_brand&post=4559"},{"taxonomy":"product_cat","embeddable":true,"href":"https:\/\/www.universoeletrico.com.br\/design\/index.php?rest_route=%2Fwp%2Fv2%2Fproduct_cat&post=4559"},{"taxonomy":"product_tag","embeddable":true,"href":"https:\/\/www.universoeletrico.com.br\/design\/index.php?rest_route=%2Fwp%2Fv2%2Fproduct_tag&post=4559"}],"curies":[{"name":"wp","href":"https:\/\/api.w.org\/{rel}","templated":true}]}}