{"id":4549,"date":"2019-03-13T10:06:05","date_gmt":"2019-03-13T13:06:05","guid":{"rendered":"https:\/\/www.universoeletrico.com.br\/design\/?post_type=product&#038;p=4549"},"modified":"2026-01-15T15:52:52","modified_gmt":"2026-01-15T18:52:52","slug":"pendente-lustre-cerchio-led","status":"publish","type":"product","link":"https:\/\/www.universoeletrico.com.br\/design\/?product=pendente-lustre-cerchio-led","title":{"rendered":"Pendente Lustre Cerchio Led"},"content":{"rendered":"<p>Pendente Cerchio LED incluso \u2013<\/p>\n<p>Op\u00e7\u00f5es de temperatura de cor<br \/>\ncor em 3000K ou 4000k \u2013<br \/>\nMaterial: Alum\u00ednio e Acr\u00edlico<br \/>\nveja abaixo medidas dispon\u00edveis :<br \/>\nop\u00e7\u00f5es de cores sob consulta :<\/p>\n","protected":false},"excerpt":{"rendered":"<p>Pendente Cerchio LED incluso \u2013 Op\u00e7\u00f5es de temperatura de cor cor em 3000K ou 4000k \u2013 Material: Alum\u00ednio e Acr\u00edlico veja abaixo medidas dispon\u00edveis : op\u00e7\u00f5es de cores sob consulta :<\/p>\n","protected":false},"featured_media":4550,"template":"","meta":[],"product_brand":[],"product_cat":[27,16],"product_tag":[],"class_list":{"0":"post-4549","1":"product","2":"type-product","3":"status-publish","4":"has-post-thumbnail","6":"product_cat-pendente","7":"product_cat-residencial-e-predial","9":"first","10":"instock","11":"shipping-taxable","12":"purchasable","13":"product-type-simple"},"_links":{"self":[{"href":"https:\/\/www.universoeletrico.com.br\/design\/index.php?rest_route=\/wp\/v2\/product\/4549","targetHints":{"allow":["GET"]}}],"collection":[{"href":"https:\/\/www.universoeletrico.com.br\/design\/index.php?rest_route=\/wp\/v2\/product"}],"about":[{"href":"https:\/\/www.universoeletrico.com.br\/design\/index.php?rest_route=\/wp\/v2\/types\/product"}],"wp:featuredmedia":[{"embeddable":true,"href":"https:\/\/www.universoeletrico.com.br\/design\/index.php?rest_route=\/wp\/v2\/media\/4550"}],"wp:attachment":[{"href":"https:\/\/www.universoeletrico.com.br\/design\/index.php?rest_route=%2Fwp%2Fv2%2Fmedia&parent=4549"}],"wp:term":[{"taxonomy":"product_brand","embeddable":true,"href":"https:\/\/www.universoeletrico.com.br\/design\/index.php?rest_route=%2Fwp%2Fv2%2Fproduct_brand&post=4549"},{"taxonomy":"product_cat","embeddable":true,"href":"https:\/\/www.universoeletrico.com.br\/design\/index.php?rest_route=%2Fwp%2Fv2%2Fproduct_cat&post=4549"},{"taxonomy":"product_tag","embeddable":true,"href":"https:\/\/www.universoeletrico.com.br\/design\/index.php?rest_route=%2Fwp%2Fv2%2Fproduct_tag&post=4549"}],"curies":[{"name":"wp","href":"https:\/\/api.w.org\/{rel}","templated":true}]}}