{"id":4517,"date":"2019-03-13T08:27:05","date_gmt":"2019-03-13T11:27:05","guid":{"rendered":"https:\/\/www.universoeletrico.com.br\/design\/?post_type=product&#038;p=4517"},"modified":"2026-01-15T15:52:55","modified_gmt":"2026-01-15T18:52:55","slug":"plafon-sobrepor-slim-dic-par-ar-box-orion","status":"publish","type":"product","link":"https:\/\/www.universoeletrico.com.br\/design\/?product=plafon-sobrepor-slim-dic-par-ar-box-orion","title":{"rendered":"PLAFON SOB ORION MR16 1XGU10 PTO"},"content":{"rendered":"<p>Com design sofisticado e moderno, os plafon box e orion de sobrepors\u00e3o direcionaveis e contam com \u00f3timo acabamento, sem parafusos aparentes nas laterais. Al\u00e9m disso els tem a fun\u00e7\u00e3o de direcionamento da l\u00e2mpada, dessa forma voc\u00ea pode apontar a luz de acordo com as suas necessidades, produzindo uma ilumina\u00e7\u00e3o direta.<\/p>\n<p>Material &#8211; Aluminio<\/p>\n<p>Soque gu- 10<\/p>\n<p>Dimenss\u00f5es\u00a0 80mmx55mm<\/p>\n<h3><strong>Consulte nossa equipe de vendas outras op\u00e7\u00f5es de tamanhos e modelos de l\u00e2mpadas\u00a0<\/strong><\/h3>\n<p>244516 -PLAFON SOB ORION MR16 1XGU10 BR LUCCI &#8211; BRANCO &#8211; Dimenss\u00f5es\u00a0 80mmx55mm<\/p>\n<p>244538 &#8211; PLAFON SOB ORION PAR20 PRETO &#8211; Dimenss\u00f5es &#8211; 135mmx70mm<\/p>\n<p>244541 &#8211; PLAFON SOB ORION PAR20 BRANCO &#8211; Dimenss\u00f5es &#8211; 135mmx70mm<\/p>\n<p>244539 &#8211; PLAFON SOB ORION MR11 1XGU10 PRETO -Dimenss\u00f5es &#8211; 60mmx40mm<\/p>\n<p>244540 &#8211; PLAFON SOB ORION MR11 1XGU10 BRANCO -Dimenss\u00f5es &#8211; 60mmx40mm<\/p>\n<p>244607 &#8211; *PLAFON SOB RED ORION AR70 1XGU10 PRETO &#8211; Dimenss\u00f5es &#8211; 60mmx75mm<\/p>\n<p>244671 &#8211; *PLAFON SOB ORION PAR30 9,5X13,5CM BR &#8211; Dimenss\u00f5es &#8211; 135mmx100mm<\/p>\n<p>&nbsp;<\/p>\n<p>&nbsp;<\/p>\n<p>op\u00e7\u00e3o de \u200bCores:, Marrom e Cinza sob consulta<\/p>\n","protected":false},"excerpt":{"rendered":"<p>Com design sofisticado e moderno, os plafon box e orion de sobrepors\u00e3o direcionaveis e contam com \u00f3timo acabamento, sem parafusos aparentes nas laterais. Al\u00e9m disso els tem a fun\u00e7\u00e3o de direcionamento da l\u00e2mpada, dessa forma voc\u00ea pode apontar a luz de acordo com as suas necessidades, produzindo uma ilumina\u00e7\u00e3o direta. Material &#8211; Aluminio Soque gu- [&hellip;]<\/p>\n","protected":false},"featured_media":11534,"template":"","meta":[],"product_brand":[],"product_cat":[20,24,16],"product_tag":[161,162,163,26],"class_list":{"0":"post-4517","1":"product","2":"type-product","3":"status-publish","4":"has-post-thumbnail","6":"product_cat-comercial","7":"product_cat-plafon-e-sobrepor","8":"product_cat-residencial-e-predial","9":"product_tag-luminarai-platibanda","10":"product_tag-luminaria-cilindro","11":"product_tag-luminaria-minimalista","12":"product_tag-orionboxacendplafon-sobrepor","14":"first","15":"instock","16":"shipping-taxable","17":"purchasable","18":"product-type-simple"},"_links":{"self":[{"href":"https:\/\/www.universoeletrico.com.br\/design\/index.php?rest_route=\/wp\/v2\/product\/4517","targetHints":{"allow":["GET"]}}],"collection":[{"href":"https:\/\/www.universoeletrico.com.br\/design\/index.php?rest_route=\/wp\/v2\/product"}],"about":[{"href":"https:\/\/www.universoeletrico.com.br\/design\/index.php?rest_route=\/wp\/v2\/types\/product"}],"wp:featuredmedia":[{"embeddable":true,"href":"https:\/\/www.universoeletrico.com.br\/design\/index.php?rest_route=\/wp\/v2\/media\/11534"}],"wp:attachment":[{"href":"https:\/\/www.universoeletrico.com.br\/design\/index.php?rest_route=%2Fwp%2Fv2%2Fmedia&parent=4517"}],"wp:term":[{"taxonomy":"product_brand","embeddable":true,"href":"https:\/\/www.universoeletrico.com.br\/design\/index.php?rest_route=%2Fwp%2Fv2%2Fproduct_brand&post=4517"},{"taxonomy":"product_cat","embeddable":true,"href":"https:\/\/www.universoeletrico.com.br\/design\/index.php?rest_route=%2Fwp%2Fv2%2Fproduct_cat&post=4517"},{"taxonomy":"product_tag","embeddable":true,"href":"https:\/\/www.universoeletrico.com.br\/design\/index.php?rest_route=%2Fwp%2Fv2%2Fproduct_tag&post=4517"}],"curies":[{"name":"wp","href":"https:\/\/api.w.org\/{rel}","templated":true}]}}