{"id":4508,"date":"2019-03-12T11:56:34","date_gmt":"2019-03-12T14:56:34","guid":{"rendered":"https:\/\/www.universoeletrico.com.br\/design\/?post_type=product&#038;p=4508"},"modified":"2026-01-15T15:52:55","modified_gmt":"2026-01-15T18:52:55","slug":"plafon-sobrepor-redondo","status":"publish","type":"product","link":"https:\/\/www.universoeletrico.com.br\/design\/?product=plafon-sobrepor-redondo","title":{"rendered":"Plafon Sobrepor Redondo"},"content":{"rendered":"<p>Plafon Sobrepor em alum\u00ednio e pintura ep\u00f3xi com difusor em acr\u00edlico leitoso para l\u00e2mpadas soquete E-27 <\/p>\n<p>Plafon 60cm branco &#8211; 250187<br \/>\nplafon 60cm preto &#8211;  254129<br \/>\nplafon 37cm branco &#8211; 250185<br \/>\nplafon 37cm preto &#8211;  250186<\/p>\n","protected":false},"excerpt":{"rendered":"<p>Plafon Sobrepor em alum\u00ednio e pintura ep\u00f3xi com difusor em acr\u00edlico leitoso para l\u00e2mpadas soquete E-27 Plafon 60cm branco &#8211; 250187 plafon 60cm preto &#8211; 254129 plafon 37cm branco &#8211; 250185 plafon 37cm preto &#8211; 250186<\/p>\n","protected":false},"featured_media":4509,"template":"","meta":[],"product_brand":[],"product_cat":[24,16],"product_tag":[],"class_list":{"0":"post-4508","1":"product","2":"type-product","3":"status-publish","4":"has-post-thumbnail","6":"product_cat-plafon-e-sobrepor","7":"product_cat-residencial-e-predial","9":"first","10":"instock","11":"shipping-taxable","12":"purchasable","13":"product-type-simple"},"_links":{"self":[{"href":"https:\/\/www.universoeletrico.com.br\/design\/index.php?rest_route=\/wp\/v2\/product\/4508","targetHints":{"allow":["GET"]}}],"collection":[{"href":"https:\/\/www.universoeletrico.com.br\/design\/index.php?rest_route=\/wp\/v2\/product"}],"about":[{"href":"https:\/\/www.universoeletrico.com.br\/design\/index.php?rest_route=\/wp\/v2\/types\/product"}],"wp:featuredmedia":[{"embeddable":true,"href":"https:\/\/www.universoeletrico.com.br\/design\/index.php?rest_route=\/wp\/v2\/media\/4509"}],"wp:attachment":[{"href":"https:\/\/www.universoeletrico.com.br\/design\/index.php?rest_route=%2Fwp%2Fv2%2Fmedia&parent=4508"}],"wp:term":[{"taxonomy":"product_brand","embeddable":true,"href":"https:\/\/www.universoeletrico.com.br\/design\/index.php?rest_route=%2Fwp%2Fv2%2Fproduct_brand&post=4508"},{"taxonomy":"product_cat","embeddable":true,"href":"https:\/\/www.universoeletrico.com.br\/design\/index.php?rest_route=%2Fwp%2Fv2%2Fproduct_cat&post=4508"},{"taxonomy":"product_tag","embeddable":true,"href":"https:\/\/www.universoeletrico.com.br\/design\/index.php?rest_route=%2Fwp%2Fv2%2Fproduct_tag&post=4508"}],"curies":[{"name":"wp","href":"https:\/\/api.w.org\/{rel}","templated":true}]}}