{"id":4481,"date":"2019-03-12T11:21:36","date_gmt":"2019-03-12T14:21:36","guid":{"rendered":"https:\/\/www.universoeletrico.com.br\/design\/?post_type=product&#038;p=4481"},"modified":"2026-01-15T15:52:57","modified_gmt":"2026-01-15T18:52:57","slug":"plafon-madeira-conico","status":"publish","type":"product","link":"https:\/\/www.universoeletrico.com.br\/design\/?product=plafon-madeira-conico","title":{"rendered":"Plafon Madeira C\u00f4nico"},"content":{"rendered":"<p>Plafon madeira c\u00f4nico imbuia<\/p>\n<p>op\u00e7\u00f5es de medidas<\/p>\n<p>Medidas: D.65xA.15cm \u2013 1047946<br \/>\nL\u00e2mpadas: 4xE-27 Econ\u00f4mica- vendidas separadamente<br \/>\nMedidas: D.75xA.15cm \u2013 1047947<br \/>\nL\u00e2mpadas: 4xE-27 Econ\u00f4mica \u2013 vendidas separadamente<\/p>\n<p>outras op\u00e7\u00f5es de cores sob consulta<\/p>\n","protected":false},"excerpt":{"rendered":"<p>Plafon madeira c\u00f4nico imbuia op\u00e7\u00f5es de medidas Medidas: D.65xA.15cm \u2013 1047946 L\u00e2mpadas: 4xE-27 Econ\u00f4mica- vendidas separadamente Medidas: D.75xA.15cm \u2013 1047947 L\u00e2mpadas: 4xE-27 Econ\u00f4mica \u2013 vendidas separadamente outras op\u00e7\u00f5es de cores sob consulta<\/p>\n","protected":false},"featured_media":4482,"template":"","meta":[],"product_brand":[],"product_cat":[24,16],"product_tag":[],"class_list":{"0":"post-4481","1":"product","2":"type-product","3":"status-publish","4":"has-post-thumbnail","6":"product_cat-plafon-e-sobrepor","7":"product_cat-residencial-e-predial","9":"first","10":"instock","11":"shipping-taxable","12":"purchasable","13":"product-type-simple"},"_links":{"self":[{"href":"https:\/\/www.universoeletrico.com.br\/design\/index.php?rest_route=\/wp\/v2\/product\/4481","targetHints":{"allow":["GET"]}}],"collection":[{"href":"https:\/\/www.universoeletrico.com.br\/design\/index.php?rest_route=\/wp\/v2\/product"}],"about":[{"href":"https:\/\/www.universoeletrico.com.br\/design\/index.php?rest_route=\/wp\/v2\/types\/product"}],"wp:featuredmedia":[{"embeddable":true,"href":"https:\/\/www.universoeletrico.com.br\/design\/index.php?rest_route=\/wp\/v2\/media\/4482"}],"wp:attachment":[{"href":"https:\/\/www.universoeletrico.com.br\/design\/index.php?rest_route=%2Fwp%2Fv2%2Fmedia&parent=4481"}],"wp:term":[{"taxonomy":"product_brand","embeddable":true,"href":"https:\/\/www.universoeletrico.com.br\/design\/index.php?rest_route=%2Fwp%2Fv2%2Fproduct_brand&post=4481"},{"taxonomy":"product_cat","embeddable":true,"href":"https:\/\/www.universoeletrico.com.br\/design\/index.php?rest_route=%2Fwp%2Fv2%2Fproduct_cat&post=4481"},{"taxonomy":"product_tag","embeddable":true,"href":"https:\/\/www.universoeletrico.com.br\/design\/index.php?rest_route=%2Fwp%2Fv2%2Fproduct_tag&post=4481"}],"curies":[{"name":"wp","href":"https:\/\/api.w.org\/{rel}","templated":true}]}}