{"id":4464,"date":"2019-03-12T10:47:36","date_gmt":"2019-03-12T13:47:36","guid":{"rendered":"https:\/\/www.universoeletrico.com.br\/design\/?post_type=product&#038;p=4464"},"modified":"2026-01-15T15:52:59","modified_gmt":"2026-01-15T18:52:59","slug":"plafon-cristal-arraia","status":"publish","type":"product","link":"https:\/\/www.universoeletrico.com.br\/design\/?product=plafon-cristal-arraia","title":{"rendered":"Plafon Cristal Arraia"},"content":{"rendered":"<p>Plafon em metal e cristal 72\u00d772 \u2013 250040<br \/>\nMaterial: A\u00e7o e Cristal<br \/>\nCor: Cromado | Transparente<br \/>\nSoquete: G9<br \/>\nLampada: 09 x G9 led ou halogenas vendidas separadamente<br \/>\nMedidas: 72cm x 72cm x 16cm<\/p>\n<p>outras op\u00e7\u00f5es de tamanhos<\/p>\n<p>Medidas: 56cm x 56cm x 15cm<\/p>\n<p>Material: A\u00e7o e Cristal<br \/>\nCor: Cromado | Transparente<br \/>\nSoquete: G9<br \/>\nLampada: 5 x G9<\/p>\n<p>Medidas: 93cm x 93cm x 25cm<br \/>\nCor: Cromado | Transparente<br \/>\nSoquete: G9<br \/>\nLampada: 13 x G9<\/p>\n","protected":false},"excerpt":{"rendered":"<p>Plafon em metal e cristal 72\u00d772 \u2013 250040 Material: A\u00e7o e Cristal Cor: Cromado | Transparente Soquete: G9 Lampada: 09 x G9 led ou halogenas vendidas separadamente Medidas: 72cm x 72cm x 16cm outras op\u00e7\u00f5es de tamanhos Medidas: 56cm x 56cm x 15cm Material: A\u00e7o e Cristal Cor: Cromado | Transparente Soquete: G9 Lampada: 5 [&hellip;]<\/p>\n","protected":false},"featured_media":4465,"template":"","meta":[],"product_brand":[],"product_cat":[24,16],"product_tag":[],"class_list":{"0":"post-4464","1":"product","2":"type-product","3":"status-publish","4":"has-post-thumbnail","6":"product_cat-plafon-e-sobrepor","7":"product_cat-residencial-e-predial","9":"first","10":"instock","11":"shipping-taxable","12":"purchasable","13":"product-type-simple"},"_links":{"self":[{"href":"https:\/\/www.universoeletrico.com.br\/design\/index.php?rest_route=\/wp\/v2\/product\/4464","targetHints":{"allow":["GET"]}}],"collection":[{"href":"https:\/\/www.universoeletrico.com.br\/design\/index.php?rest_route=\/wp\/v2\/product"}],"about":[{"href":"https:\/\/www.universoeletrico.com.br\/design\/index.php?rest_route=\/wp\/v2\/types\/product"}],"wp:featuredmedia":[{"embeddable":true,"href":"https:\/\/www.universoeletrico.com.br\/design\/index.php?rest_route=\/wp\/v2\/media\/4465"}],"wp:attachment":[{"href":"https:\/\/www.universoeletrico.com.br\/design\/index.php?rest_route=%2Fwp%2Fv2%2Fmedia&parent=4464"}],"wp:term":[{"taxonomy":"product_brand","embeddable":true,"href":"https:\/\/www.universoeletrico.com.br\/design\/index.php?rest_route=%2Fwp%2Fv2%2Fproduct_brand&post=4464"},{"taxonomy":"product_cat","embeddable":true,"href":"https:\/\/www.universoeletrico.com.br\/design\/index.php?rest_route=%2Fwp%2Fv2%2Fproduct_cat&post=4464"},{"taxonomy":"product_tag","embeddable":true,"href":"https:\/\/www.universoeletrico.com.br\/design\/index.php?rest_route=%2Fwp%2Fv2%2Fproduct_tag&post=4464"}],"curies":[{"name":"wp","href":"https:\/\/api.w.org\/{rel}","templated":true}]}}