{"id":4346,"date":"2019-03-11T11:22:32","date_gmt":"2019-03-11T14:22:32","guid":{"rendered":"https:\/\/www.universoeletrico.com.br\/design\/?post_type=product&#038;p=4346"},"modified":"2026-01-15T15:53:43","modified_gmt":"2026-01-15T18:53:43","slug":"lustre-cristal-translucido-24-bracos","status":"publish","type":"product","link":"https:\/\/www.universoeletrico.com.br\/design\/?product=lustre-cristal-translucido-24-bracos","title":{"rendered":"Lustre cristal translucido 24 bra\u00e7os"},"content":{"rendered":"<p>Lustre cristal translucido 24 bra\u00e7os \u2013 1046712<br \/>\nMedida: \u00f8120 x H105-305cm<br \/>\nL\u00e2mpada: 24 x E14-40W<br \/>\nMaterial: A\u00e7o, Vidro, Cristal<br \/>\nAcabamento: Cromado<\/p>\n","protected":false},"excerpt":{"rendered":"<p>Lustre cristal translucido 24 bra\u00e7os \u2013 1046712 Medida: \u00f8120 x H105-305cm L\u00e2mpada: 24 x E14-40W Material: A\u00e7o, Vidro, Cristal Acabamento: Cromado<\/p>\n","protected":false},"featured_media":4347,"template":"","meta":[],"product_brand":[],"product_cat":[23,16],"product_tag":[],"class_list":{"0":"post-4346","1":"product","2":"type-product","3":"status-publish","4":"has-post-thumbnail","6":"product_cat-lustre-e-pendentes","7":"product_cat-residencial-e-predial","9":"first","10":"instock","11":"shipping-taxable","12":"purchasable","13":"product-type-simple"},"_links":{"self":[{"href":"https:\/\/www.universoeletrico.com.br\/design\/index.php?rest_route=\/wp\/v2\/product\/4346","targetHints":{"allow":["GET"]}}],"collection":[{"href":"https:\/\/www.universoeletrico.com.br\/design\/index.php?rest_route=\/wp\/v2\/product"}],"about":[{"href":"https:\/\/www.universoeletrico.com.br\/design\/index.php?rest_route=\/wp\/v2\/types\/product"}],"wp:featuredmedia":[{"embeddable":true,"href":"https:\/\/www.universoeletrico.com.br\/design\/index.php?rest_route=\/wp\/v2\/media\/4347"}],"wp:attachment":[{"href":"https:\/\/www.universoeletrico.com.br\/design\/index.php?rest_route=%2Fwp%2Fv2%2Fmedia&parent=4346"}],"wp:term":[{"taxonomy":"product_brand","embeddable":true,"href":"https:\/\/www.universoeletrico.com.br\/design\/index.php?rest_route=%2Fwp%2Fv2%2Fproduct_brand&post=4346"},{"taxonomy":"product_cat","embeddable":true,"href":"https:\/\/www.universoeletrico.com.br\/design\/index.php?rest_route=%2Fwp%2Fv2%2Fproduct_cat&post=4346"},{"taxonomy":"product_tag","embeddable":true,"href":"https:\/\/www.universoeletrico.com.br\/design\/index.php?rest_route=%2Fwp%2Fv2%2Fproduct_tag&post=4346"}],"curies":[{"name":"wp","href":"https:\/\/api.w.org\/{rel}","templated":true}]}}