{"id":4270,"date":"2019-03-11T10:26:35","date_gmt":"2019-03-11T13:26:35","guid":{"rendered":"https:\/\/www.universoeletrico.com.br\/design\/?post_type=product&#038;p=4270"},"modified":"2026-01-15T15:53:48","modified_gmt":"2026-01-15T18:53:48","slug":"pendente-birdie-led-integrado-bella","status":"publish","type":"product","link":"https:\/\/www.universoeletrico.com.br\/design\/?product=pendente-birdie-led-integrado-bella","title":{"rendered":"*PENDENTE ANELLO 80CM LED29W 3000K PRETO"},"content":{"rendered":"<p>&#8211;\u00a0<strong>Material<\/strong>: Alum\u00ednio com pintura eletrost\u00e1tica &#8211; Pintura a p\u00f3, lente de acr\u00edlico e cabos de a\u00e7o.<\/p>\n<p>&#8211;\u00a0<strong>Tamanhos<\/strong>: \u00d880,<span style=\"color: #4d4d4d;\"><span style=\"font-family: Lato, Arial, sans-serif;\">&#8211; Perfil com altura de 2cm e cabo com 3 metros.<\/span><\/span><\/p>\n<p><span style=\"color: #4d4d4d;\"><span style=\"font-family: Lato, Arial, sans-serif;\">\u00a0 &#8211;\u00a0<strong>Voltagem<\/strong>: 110-220V (Bivolt)<br \/>\n&#8211;<br \/>\n&#8211;\u00a0<strong>Temperatura do LED:\u00a0<\/strong>3000K\u00a0\u00a0<\/span><\/span><\/p>\n<p><strong>Outras op\u00e7\u00f5es de acabamento e dimenss\u00f5es sob encomenda:<\/strong><\/p>\n<p>&#8211;\u00a0<strong>Cor<\/strong>: Branco, Preto, Cinza, Dourado, Champanha, Cobre<\/p>\n<p><strong>-Tamanhos<\/strong>:\u00a0\u00d840,\u00a0\u00d850,\u00a0\u00d860,\u00a0\u00d870,\u00a0\u00d880,\u00a0\u00d890,\u00a0\u00d8100,\u00a0\u00d8120 e\u00a0\u00d8140cm<span style=\"color: #4d4d4d;\"><span style=\"font-family: Lato, Arial, sans-serif;\">\u00a0<\/span><\/span><\/p>\n<p><span style=\"color: #4d4d4d;\"><span style=\"font-family: Lato, Arial, sans-serif;\">\u00a0\u00a0<\/span><\/span><\/p>\n","protected":false},"excerpt":{"rendered":"<p>&#8211;\u00a0Material: Alum\u00ednio com pintura eletrost\u00e1tica &#8211; Pintura a p\u00f3, lente de acr\u00edlico e cabos de a\u00e7o. &#8211;\u00a0Tamanhos: \u00d880,&#8211; Perfil com altura de 2cm e cabo com 3 metros. \u00a0 &#8211;\u00a0Voltagem: 110-220V (Bivolt) &#8211; &#8211;\u00a0Temperatura do LED:\u00a03000K\u00a0\u00a0 Outras op\u00e7\u00f5es de acabamento e dimenss\u00f5es sob encomenda: &#8211;\u00a0Cor: Branco, Preto, Cinza, Dourado, Champanha, Cobre -Tamanhos:\u00a0\u00d840,\u00a0\u00d850,\u00a0\u00d860,\u00a0\u00d870,\u00a0\u00d880,\u00a0\u00d890,\u00a0\u00d8100,\u00a0\u00d8120 e\u00a0\u00d8140cm\u00a0 \u00a0\u00a0<\/p>\n","protected":false},"featured_media":11422,"template":"","meta":[],"product_brand":[],"product_cat":[23,16],"product_tag":[101,100,104,103,105,102],"class_list":{"0":"post-4270","1":"product","2":"type-product","3":"status-publish","4":"has-post-thumbnail","6":"product_cat-lustre-e-pendentes","7":"product_cat-residencial-e-predial","8":"product_tag-pendente-anel","9":"product_tag-pendente-anello","10":"product_tag-pendente-led","11":"product_tag-pendente-orion","12":"product_tag-pendente-sala","13":"product_tag-pendete-montreal","15":"first","16":"instock","17":"shipping-taxable","18":"purchasable","19":"product-type-simple"},"_links":{"self":[{"href":"https:\/\/www.universoeletrico.com.br\/design\/index.php?rest_route=\/wp\/v2\/product\/4270","targetHints":{"allow":["GET"]}}],"collection":[{"href":"https:\/\/www.universoeletrico.com.br\/design\/index.php?rest_route=\/wp\/v2\/product"}],"about":[{"href":"https:\/\/www.universoeletrico.com.br\/design\/index.php?rest_route=\/wp\/v2\/types\/product"}],"wp:featuredmedia":[{"embeddable":true,"href":"https:\/\/www.universoeletrico.com.br\/design\/index.php?rest_route=\/wp\/v2\/media\/11422"}],"wp:attachment":[{"href":"https:\/\/www.universoeletrico.com.br\/design\/index.php?rest_route=%2Fwp%2Fv2%2Fmedia&parent=4270"}],"wp:term":[{"taxonomy":"product_brand","embeddable":true,"href":"https:\/\/www.universoeletrico.com.br\/design\/index.php?rest_route=%2Fwp%2Fv2%2Fproduct_brand&post=4270"},{"taxonomy":"product_cat","embeddable":true,"href":"https:\/\/www.universoeletrico.com.br\/design\/index.php?rest_route=%2Fwp%2Fv2%2Fproduct_cat&post=4270"},{"taxonomy":"product_tag","embeddable":true,"href":"https:\/\/www.universoeletrico.com.br\/design\/index.php?rest_route=%2Fwp%2Fv2%2Fproduct_tag&post=4270"}],"curies":[{"name":"wp","href":"https:\/\/api.w.org\/{rel}","templated":true}]}}