{"id":4265,"date":"2019-03-11T10:20:11","date_gmt":"2019-03-11T13:20:11","guid":{"rendered":"https:\/\/www.universoeletrico.com.br\/design\/?post_type=product&#038;p=4265"},"modified":"2026-01-15T15:53:51","modified_gmt":"2026-01-15T18:53:51","slug":"sputinick-cristal-cobre-lt-638","status":"publish","type":"product","link":"https:\/\/www.universoeletrico.com.br\/design\/?product=sputinick-cristal-cobre-lt-638","title":{"rendered":"Sputinick cristal cobre \u2013 LT-638"},"content":{"rendered":"<p>Lustre com arma\u00e7\u00e3o em cobre e cristais transparentes nas bordas<br \/>\nc\u00f3digo \u2013 252694<br \/>\ndi\u00e2metro de 53cm<br \/>\nsoquete 6 x l\u00e2mpadas G- 9 \u2013 N\u00e3o inclusas<br \/>\nCabo com 1,5mts de comprimento com regulagem<\/p>\n","protected":false},"excerpt":{"rendered":"<p>Lustre com arma\u00e7\u00e3o em cobre e cristais transparentes nas bordas c\u00f3digo \u2013 252694 di\u00e2metro de 53cm soquete 6 x l\u00e2mpadas G- 9 \u2013 N\u00e3o inclusas Cabo com 1,5mts de comprimento com regulagem<\/p>\n","protected":false},"featured_media":4266,"template":"","meta":[],"product_brand":[],"product_cat":[23,16],"product_tag":[],"class_list":{"0":"post-4265","1":"product","2":"type-product","3":"status-publish","4":"has-post-thumbnail","6":"product_cat-lustre-e-pendentes","7":"product_cat-residencial-e-predial","9":"first","10":"instock","11":"shipping-taxable","12":"purchasable","13":"product-type-simple"},"_links":{"self":[{"href":"https:\/\/www.universoeletrico.com.br\/design\/index.php?rest_route=\/wp\/v2\/product\/4265","targetHints":{"allow":["GET"]}}],"collection":[{"href":"https:\/\/www.universoeletrico.com.br\/design\/index.php?rest_route=\/wp\/v2\/product"}],"about":[{"href":"https:\/\/www.universoeletrico.com.br\/design\/index.php?rest_route=\/wp\/v2\/types\/product"}],"wp:featuredmedia":[{"embeddable":true,"href":"https:\/\/www.universoeletrico.com.br\/design\/index.php?rest_route=\/wp\/v2\/media\/4266"}],"wp:attachment":[{"href":"https:\/\/www.universoeletrico.com.br\/design\/index.php?rest_route=%2Fwp%2Fv2%2Fmedia&parent=4265"}],"wp:term":[{"taxonomy":"product_brand","embeddable":true,"href":"https:\/\/www.universoeletrico.com.br\/design\/index.php?rest_route=%2Fwp%2Fv2%2Fproduct_brand&post=4265"},{"taxonomy":"product_cat","embeddable":true,"href":"https:\/\/www.universoeletrico.com.br\/design\/index.php?rest_route=%2Fwp%2Fv2%2Fproduct_cat&post=4265"},{"taxonomy":"product_tag","embeddable":true,"href":"https:\/\/www.universoeletrico.com.br\/design\/index.php?rest_route=%2Fwp%2Fv2%2Fproduct_tag&post=4265"}],"curies":[{"name":"wp","href":"https:\/\/api.w.org\/{rel}","templated":true}]}}