{"id":4240,"date":"2019-03-11T09:43:27","date_gmt":"2019-03-11T12:43:27","guid":{"rendered":"https:\/\/www.universoeletrico.com.br\/design\/?post_type=product&#038;p=4240"},"modified":"2026-01-15T15:53:52","modified_gmt":"2026-01-15T18:53:52","slug":"embutido-class-to-lua-com-difusor-de-acrilico","status":"publish","type":"product","link":"https:\/\/www.universoeletrico.com.br\/design\/?product=embutido-class-to-lua-com-difusor-de-acrilico","title":{"rendered":"Embutido Class To- Lua com difusor de acr\u00edlico"},"content":{"rendered":"<p>A lumin\u00e1ria embutida class to \u00e9 uma op\u00e7\u00e3o para iluminar e ao mesmo tempo criar um ambiente tem\u00e1tico com a combina\u00e7\u00e3o de seus diversos tamanhos.<br \/>\nEla \u00e9 da fam\u00edlia no frame oque deixa seu design ainda mais integrado ao teto.<\/p>\n<p>Ela tem diversas op\u00e7\u00f5es de tamanhos e op\u00e7\u00f5es com difusor faceado e recuado<br \/>\ndifusor faceado_____________________________difusor Recuado<br \/>\n20 cm \u2013 252287______________________________252055<br \/>\n30 cm \u2013 252288<br \/>\n40 cm \u2013 252289<br \/>\n50 cm \u2013 252183_____________________________252385<br \/>\n60 cm \u2013 252242_____________________________252056<br \/>\n80 cm \u2013 252186_____________________________251???<\/p>\n","protected":false},"excerpt":{"rendered":"<p>A lumin\u00e1ria embutida class to \u00e9 uma op\u00e7\u00e3o para iluminar e ao mesmo tempo criar um ambiente tem\u00e1tico com a combina\u00e7\u00e3o de seus diversos tamanhos. Ela \u00e9 da fam\u00edlia no frame oque deixa seu design ainda mais integrado ao teto. Ela tem diversas op\u00e7\u00f5es de tamanhos e op\u00e7\u00f5es com difusor faceado e recuado difusor faceado_____________________________difusor [&hellip;]<\/p>\n","protected":false},"featured_media":4241,"template":"","meta":[],"product_brand":[],"product_cat":[19,16],"product_tag":[],"class_list":{"0":"post-4240","1":"product","2":"type-product","3":"status-publish","4":"has-post-thumbnail","6":"product_cat-perfil-e-eplafons-embutidos","7":"product_cat-residencial-e-predial","9":"first","10":"instock","11":"shipping-taxable","12":"purchasable","13":"product-type-simple"},"_links":{"self":[{"href":"https:\/\/www.universoeletrico.com.br\/design\/index.php?rest_route=\/wp\/v2\/product\/4240","targetHints":{"allow":["GET"]}}],"collection":[{"href":"https:\/\/www.universoeletrico.com.br\/design\/index.php?rest_route=\/wp\/v2\/product"}],"about":[{"href":"https:\/\/www.universoeletrico.com.br\/design\/index.php?rest_route=\/wp\/v2\/types\/product"}],"wp:featuredmedia":[{"embeddable":true,"href":"https:\/\/www.universoeletrico.com.br\/design\/index.php?rest_route=\/wp\/v2\/media\/4241"}],"wp:attachment":[{"href":"https:\/\/www.universoeletrico.com.br\/design\/index.php?rest_route=%2Fwp%2Fv2%2Fmedia&parent=4240"}],"wp:term":[{"taxonomy":"product_brand","embeddable":true,"href":"https:\/\/www.universoeletrico.com.br\/design\/index.php?rest_route=%2Fwp%2Fv2%2Fproduct_brand&post=4240"},{"taxonomy":"product_cat","embeddable":true,"href":"https:\/\/www.universoeletrico.com.br\/design\/index.php?rest_route=%2Fwp%2Fv2%2Fproduct_cat&post=4240"},{"taxonomy":"product_tag","embeddable":true,"href":"https:\/\/www.universoeletrico.com.br\/design\/index.php?rest_route=%2Fwp%2Fv2%2Fproduct_tag&post=4240"}],"curies":[{"name":"wp","href":"https:\/\/api.w.org\/{rel}","templated":true}]}}