{"id":4223,"date":"2019-03-11T09:24:39","date_gmt":"2019-03-11T12:24:39","guid":{"rendered":"https:\/\/www.universoeletrico.com.br\/design\/?post_type=product&#038;p=4223"},"modified":"2026-01-15T15:53:53","modified_gmt":"2026-01-15T18:53:53","slug":"embutido-recuado-1-foco","status":"publish","type":"product","link":"https:\/\/www.universoeletrico.com.br\/design\/?product=embutido-recuado-1-foco","title":{"rendered":"Embutido Recuado &#8211; flat 1 Foco"},"content":{"rendered":"<p>Embutido 1 Foco Recuado em Alum\u00ednio<br \/>\nOp\u00e7\u00f5es de cores branco e preto<br \/>\nPode ser usado com L\u00e2mpadas Leds ou halogenas convencionais<br \/>\n1-Mini-Dicroica -244493<br \/>\n1-Dicroica \u2013 244494<br \/>\n1-AR-70 \u2013 244496<br \/>\n1-AR-111 \u2013 244499<br \/>\n1-Par 20 \u2013 244495<br \/>\n1-Par 30 \u2013 244497<\/p>\n","protected":false},"excerpt":{"rendered":"<p>Embutido 1 Foco Recuado em Alum\u00ednio Op\u00e7\u00f5es de cores branco e preto Pode ser usado com L\u00e2mpadas Leds ou halogenas convencionais 1-Mini-Dicroica -244493 1-Dicroica \u2013 244494 1-AR-70 \u2013 244496 1-AR-111 \u2013 244499 1-Par 20 \u2013 244495 1-Par 30 \u2013 244497<\/p>\n","protected":false},"featured_media":4224,"template":"","meta":[],"product_brand":[],"product_cat":[19,16],"product_tag":[],"class_list":{"0":"post-4223","1":"product","2":"type-product","3":"status-publish","4":"has-post-thumbnail","6":"product_cat-perfil-e-eplafons-embutidos","7":"product_cat-residencial-e-predial","9":"first","10":"instock","11":"shipping-taxable","12":"purchasable","13":"product-type-simple"},"_links":{"self":[{"href":"https:\/\/www.universoeletrico.com.br\/design\/index.php?rest_route=\/wp\/v2\/product\/4223","targetHints":{"allow":["GET"]}}],"collection":[{"href":"https:\/\/www.universoeletrico.com.br\/design\/index.php?rest_route=\/wp\/v2\/product"}],"about":[{"href":"https:\/\/www.universoeletrico.com.br\/design\/index.php?rest_route=\/wp\/v2\/types\/product"}],"wp:featuredmedia":[{"embeddable":true,"href":"https:\/\/www.universoeletrico.com.br\/design\/index.php?rest_route=\/wp\/v2\/media\/4224"}],"wp:attachment":[{"href":"https:\/\/www.universoeletrico.com.br\/design\/index.php?rest_route=%2Fwp%2Fv2%2Fmedia&parent=4223"}],"wp:term":[{"taxonomy":"product_brand","embeddable":true,"href":"https:\/\/www.universoeletrico.com.br\/design\/index.php?rest_route=%2Fwp%2Fv2%2Fproduct_brand&post=4223"},{"taxonomy":"product_cat","embeddable":true,"href":"https:\/\/www.universoeletrico.com.br\/design\/index.php?rest_route=%2Fwp%2Fv2%2Fproduct_cat&post=4223"},{"taxonomy":"product_tag","embeddable":true,"href":"https:\/\/www.universoeletrico.com.br\/design\/index.php?rest_route=%2Fwp%2Fv2%2Fproduct_tag&post=4223"}],"curies":[{"name":"wp","href":"https:\/\/api.w.org\/{rel}","templated":true}]}}