{"id":4219,"date":"2019-03-11T09:22:24","date_gmt":"2019-03-11T12:22:24","guid":{"rendered":"https:\/\/www.universoeletrico.com.br\/design\/?post_type=product&#038;p=4219"},"modified":"2026-01-15T15:53:53","modified_gmt":"2026-01-15T18:53:53","slug":"embutido-recuado-2-focos","status":"publish","type":"product","link":"https:\/\/www.universoeletrico.com.br\/design\/?product=embutido-recuado-2-focos","title":{"rendered":"Embutido Recuado flat 2 Focos"},"content":{"rendered":"<p>Embutido 2 Foco Recuado em Alum\u00ednio<br \/>\nOp\u00e7\u00f5es de cores branco e preto<br \/>\nPode ser usado com L\u00e2mpadas Leds ou halogenas convencionais<br \/>\n2-Mini-Dicroica \u2013 consulta<br \/>\n2-Dicroica \u2013 244500<br \/>\n2-AR-70 \u2013 244501<br \/>\n2-AR-111 \u2013 consulta<br \/>\n2-Par 20 \u2013 244498<br \/>\n2-Par 30 \u2013 consulta<\/p>\n","protected":false},"excerpt":{"rendered":"<p>Embutido 2 Foco Recuado em Alum\u00ednio Op\u00e7\u00f5es de cores branco e preto Pode ser usado com L\u00e2mpadas Leds ou halogenas convencionais 2-Mini-Dicroica \u2013 consulta 2-Dicroica \u2013 244500 2-AR-70 \u2013 244501 2-AR-111 \u2013 consulta 2-Par 20 \u2013 244498 2-Par 30 \u2013 consulta<\/p>\n","protected":false},"featured_media":4220,"template":"","meta":[],"product_brand":[],"product_cat":[19,16],"product_tag":[],"class_list":{"0":"post-4219","1":"product","2":"type-product","3":"status-publish","4":"has-post-thumbnail","6":"product_cat-perfil-e-eplafons-embutidos","7":"product_cat-residencial-e-predial","9":"first","10":"instock","11":"shipping-taxable","12":"purchasable","13":"product-type-simple"},"_links":{"self":[{"href":"https:\/\/www.universoeletrico.com.br\/design\/index.php?rest_route=\/wp\/v2\/product\/4219","targetHints":{"allow":["GET"]}}],"collection":[{"href":"https:\/\/www.universoeletrico.com.br\/design\/index.php?rest_route=\/wp\/v2\/product"}],"about":[{"href":"https:\/\/www.universoeletrico.com.br\/design\/index.php?rest_route=\/wp\/v2\/types\/product"}],"wp:featuredmedia":[{"embeddable":true,"href":"https:\/\/www.universoeletrico.com.br\/design\/index.php?rest_route=\/wp\/v2\/media\/4220"}],"wp:attachment":[{"href":"https:\/\/www.universoeletrico.com.br\/design\/index.php?rest_route=%2Fwp%2Fv2%2Fmedia&parent=4219"}],"wp:term":[{"taxonomy":"product_brand","embeddable":true,"href":"https:\/\/www.universoeletrico.com.br\/design\/index.php?rest_route=%2Fwp%2Fv2%2Fproduct_brand&post=4219"},{"taxonomy":"product_cat","embeddable":true,"href":"https:\/\/www.universoeletrico.com.br\/design\/index.php?rest_route=%2Fwp%2Fv2%2Fproduct_cat&post=4219"},{"taxonomy":"product_tag","embeddable":true,"href":"https:\/\/www.universoeletrico.com.br\/design\/index.php?rest_route=%2Fwp%2Fv2%2Fproduct_tag&post=4219"}],"curies":[{"name":"wp","href":"https:\/\/api.w.org\/{rel}","templated":true}]}}