{"id":4215,"date":"2019-03-11T09:16:17","date_gmt":"2019-03-11T12:16:17","guid":{"rendered":"https:\/\/www.universoeletrico.com.br\/design\/?post_type=product&#038;p=4215"},"modified":"2026-01-15T15:53:54","modified_gmt":"2026-01-15T18:53:54","slug":"embutido-recuado-4-focos","status":"publish","type":"product","link":"https:\/\/www.universoeletrico.com.br\/design\/?product=embutido-recuado-4-focos","title":{"rendered":"Embutido Recuado flat 4 Focos"},"content":{"rendered":"<p>Embutido 4 Foco Recuado em Alum\u00ednio<br \/>\nOp\u00e7\u00f5es de cores branco e preto<br \/>\nPode ser usado com L\u00e2mpadas Leds ou halogenas convencionais<br \/>\n4-Mini-Dicroica \u2013 consulta<br \/>\n4-Dicroica \u2013 251327<br \/>\n4-AR-70 \u2013 251347<br \/>\n4-AR-111 \u2013 consulta<br \/>\n4-Par 20 \u2013 252131<br \/>\n4-Par 30 \u2013 consulta<\/p>\n","protected":false},"excerpt":{"rendered":"<p>Embutido 4 Foco Recuado em Alum\u00ednio Op\u00e7\u00f5es de cores branco e preto Pode ser usado com L\u00e2mpadas Leds ou halogenas convencionais 4-Mini-Dicroica \u2013 consulta 4-Dicroica \u2013 251327 4-AR-70 \u2013 251347 4-AR-111 \u2013 consulta 4-Par 20 \u2013 252131 4-Par 30 \u2013 consulta<\/p>\n","protected":false},"featured_media":4216,"template":"","meta":[],"product_brand":[],"product_cat":[19,16],"product_tag":[],"class_list":{"0":"post-4215","1":"product","2":"type-product","3":"status-publish","4":"has-post-thumbnail","6":"product_cat-perfil-e-eplafons-embutidos","7":"product_cat-residencial-e-predial","9":"first","10":"instock","11":"shipping-taxable","12":"purchasable","13":"product-type-simple"},"_links":{"self":[{"href":"https:\/\/www.universoeletrico.com.br\/design\/index.php?rest_route=\/wp\/v2\/product\/4215","targetHints":{"allow":["GET"]}}],"collection":[{"href":"https:\/\/www.universoeletrico.com.br\/design\/index.php?rest_route=\/wp\/v2\/product"}],"about":[{"href":"https:\/\/www.universoeletrico.com.br\/design\/index.php?rest_route=\/wp\/v2\/types\/product"}],"wp:featuredmedia":[{"embeddable":true,"href":"https:\/\/www.universoeletrico.com.br\/design\/index.php?rest_route=\/wp\/v2\/media\/4216"}],"wp:attachment":[{"href":"https:\/\/www.universoeletrico.com.br\/design\/index.php?rest_route=%2Fwp%2Fv2%2Fmedia&parent=4215"}],"wp:term":[{"taxonomy":"product_brand","embeddable":true,"href":"https:\/\/www.universoeletrico.com.br\/design\/index.php?rest_route=%2Fwp%2Fv2%2Fproduct_brand&post=4215"},{"taxonomy":"product_cat","embeddable":true,"href":"https:\/\/www.universoeletrico.com.br\/design\/index.php?rest_route=%2Fwp%2Fv2%2Fproduct_cat&post=4215"},{"taxonomy":"product_tag","embeddable":true,"href":"https:\/\/www.universoeletrico.com.br\/design\/index.php?rest_route=%2Fwp%2Fv2%2Fproduct_tag&post=4215"}],"curies":[{"name":"wp","href":"https:\/\/api.w.org\/{rel}","templated":true}]}}