{"id":4212,"date":"2019-03-11T09:12:33","date_gmt":"2019-03-11T12:12:33","guid":{"rendered":"https:\/\/www.universoeletrico.com.br\/design\/?post_type=product&#038;p=4212"},"modified":"2026-01-15T15:53:57","modified_gmt":"2026-01-15T18:53:57","slug":"embutido-sm-no-frame-2-foco","status":"publish","type":"product","link":"https:\/\/www.universoeletrico.com.br\/design\/?product=embutido-sm-no-frame-2-foco","title":{"rendered":"Emb Sem Moldura- sem borda -No Frame 2 Foco"},"content":{"rendered":"<p>Embutido SM-No Frame 2 Foco em Alum\u00ednio<br \/>\nOp\u00e7\u00f5es de cores branco e preto<br \/>\nPode ser usado com L\u00e2mpadas Leds ou halogenas convencionais<br \/>\nAplicados em forros de gesso e madeira ( requer acabamento no forro posterior a instala\u00e7\u00e3o)<br \/>\n2-Mini-Dicroica \u2013 251038<br \/>\n2-Dicroica \u2013 251050<br \/>\n2-AR-70 \u2013 251054<br \/>\n2-AR-111 \u2013 consulta<br \/>\n2-Par 20 \u2013 251030<br \/>\n2-Par 30 \u2013 251034<\/p>\n","protected":false},"excerpt":{"rendered":"<p>Embutido SM-No Frame 2 Foco em Alum\u00ednio Op\u00e7\u00f5es de cores branco e preto Pode ser usado com L\u00e2mpadas Leds ou halogenas convencionais Aplicados em forros de gesso e madeira ( requer acabamento no forro posterior a instala\u00e7\u00e3o) 2-Mini-Dicroica \u2013 251038 2-Dicroica \u2013 251050 2-AR-70 \u2013 251054 2-AR-111 \u2013 consulta 2-Par 20 \u2013 251030 2-Par 30 [&hellip;]<\/p>\n","protected":false},"featured_media":4213,"template":"","meta":[],"product_brand":[],"product_cat":[19,16],"product_tag":[],"class_list":{"0":"post-4212","1":"product","2":"type-product","3":"status-publish","4":"has-post-thumbnail","6":"product_cat-perfil-e-eplafons-embutidos","7":"product_cat-residencial-e-predial","9":"first","10":"instock","11":"shipping-taxable","12":"purchasable","13":"product-type-simple"},"_links":{"self":[{"href":"https:\/\/www.universoeletrico.com.br\/design\/index.php?rest_route=\/wp\/v2\/product\/4212","targetHints":{"allow":["GET"]}}],"collection":[{"href":"https:\/\/www.universoeletrico.com.br\/design\/index.php?rest_route=\/wp\/v2\/product"}],"about":[{"href":"https:\/\/www.universoeletrico.com.br\/design\/index.php?rest_route=\/wp\/v2\/types\/product"}],"wp:featuredmedia":[{"embeddable":true,"href":"https:\/\/www.universoeletrico.com.br\/design\/index.php?rest_route=\/wp\/v2\/media\/4213"}],"wp:attachment":[{"href":"https:\/\/www.universoeletrico.com.br\/design\/index.php?rest_route=%2Fwp%2Fv2%2Fmedia&parent=4212"}],"wp:term":[{"taxonomy":"product_brand","embeddable":true,"href":"https:\/\/www.universoeletrico.com.br\/design\/index.php?rest_route=%2Fwp%2Fv2%2Fproduct_brand&post=4212"},{"taxonomy":"product_cat","embeddable":true,"href":"https:\/\/www.universoeletrico.com.br\/design\/index.php?rest_route=%2Fwp%2Fv2%2Fproduct_cat&post=4212"},{"taxonomy":"product_tag","embeddable":true,"href":"https:\/\/www.universoeletrico.com.br\/design\/index.php?rest_route=%2Fwp%2Fv2%2Fproduct_tag&post=4212"}],"curies":[{"name":"wp","href":"https:\/\/api.w.org\/{rel}","templated":true}]}}