{"id":4208,"date":"2019-03-11T09:06:44","date_gmt":"2019-03-11T12:06:44","guid":{"rendered":"https:\/\/www.universoeletrico.com.br\/design\/?post_type=product&#038;p=4208"},"modified":"2026-01-15T15:54:41","modified_gmt":"2026-01-15T18:54:41","slug":"plafon-led-embutido-no-frame","status":"publish","type":"product","link":"https:\/\/www.universoeletrico.com.br\/design\/?product=plafon-led-embutido-no-frame","title":{"rendered":"Plafon Led embutido no frame"},"content":{"rendered":"<p>voc\u00ea sabe o que significa produtos no modelo &#8220;NO FRAME&#8221;? Com design moderno, os produtos no frame n\u00e3o possuem bordas, ou seja, na hora de instalar, voc\u00ea pode deixar o acabamento ainda mais perfeito, fazendo com que ele se torne parte do seu teto.<br \/>\n<img fetchpriority=\"high\" decoding=\"async\" src=\"https:\/\/www.universoeletrico.com.br\/design\/wp-content\/uploads\/2019\/03\/WhatsApp-Image-2024-05-25-at-10.36.12.jpeg\" alt=\"\" width=\"330\" height=\"179\" class=\"alignleft size-full wp-image-9681\" \/><\/p>\n","protected":false},"excerpt":{"rendered":"<p>voc\u00ea sabe o que significa produtos no modelo &#8220;NO FRAME&#8221;? Com design moderno, os produtos no frame n\u00e3o possuem bordas, ou seja, na hora de instalar, voc\u00ea pode deixar o acabamento ainda mais perfeito, fazendo com que ele se torne parte do seu teto.<\/p>\n","protected":false},"featured_media":4209,"template":"","meta":[],"product_brand":[],"product_cat":[19,16],"product_tag":[],"class_list":{"0":"post-4208","1":"product","2":"type-product","3":"status-publish","4":"has-post-thumbnail","6":"product_cat-perfil-e-eplafons-embutidos","7":"product_cat-residencial-e-predial","9":"first","10":"instock","11":"shipping-taxable","12":"purchasable","13":"product-type-simple"},"_links":{"self":[{"href":"https:\/\/www.universoeletrico.com.br\/design\/index.php?rest_route=\/wp\/v2\/product\/4208","targetHints":{"allow":["GET"]}}],"collection":[{"href":"https:\/\/www.universoeletrico.com.br\/design\/index.php?rest_route=\/wp\/v2\/product"}],"about":[{"href":"https:\/\/www.universoeletrico.com.br\/design\/index.php?rest_route=\/wp\/v2\/types\/product"}],"wp:featuredmedia":[{"embeddable":true,"href":"https:\/\/www.universoeletrico.com.br\/design\/index.php?rest_route=\/wp\/v2\/media\/4209"}],"wp:attachment":[{"href":"https:\/\/www.universoeletrico.com.br\/design\/index.php?rest_route=%2Fwp%2Fv2%2Fmedia&parent=4208"}],"wp:term":[{"taxonomy":"product_brand","embeddable":true,"href":"https:\/\/www.universoeletrico.com.br\/design\/index.php?rest_route=%2Fwp%2Fv2%2Fproduct_brand&post=4208"},{"taxonomy":"product_cat","embeddable":true,"href":"https:\/\/www.universoeletrico.com.br\/design\/index.php?rest_route=%2Fwp%2Fv2%2Fproduct_cat&post=4208"},{"taxonomy":"product_tag","embeddable":true,"href":"https:\/\/www.universoeletrico.com.br\/design\/index.php?rest_route=%2Fwp%2Fv2%2Fproduct_tag&post=4208"}],"curies":[{"name":"wp","href":"https:\/\/api.w.org\/{rel}","templated":true}]}}