{"id":4195,"date":"2019-03-11T08:53:24","date_gmt":"2019-03-11T11:53:24","guid":{"rendered":"https:\/\/www.universoeletrico.com.br\/design\/?post_type=product&#038;p=4195"},"modified":"2026-01-15T15:54:43","modified_gmt":"2026-01-15T18:54:43","slug":"embutido-sm-quadrado-no-frame-com-difusor-acrilico","status":"publish","type":"product","link":"https:\/\/www.universoeletrico.com.br\/design\/?product=embutido-sm-quadrado-no-frame-com-difusor-acrilico","title":{"rendered":"Embutido SM -Quadrado No frame Com difusor Acril\u00edco"},"content":{"rendered":"<p>Embutido SM Quadrado- No frame Com difusor Acril\u00edco<br \/>\nOp\u00e7\u00f5es de tamanhos e quantidade de l\u00e2mpadas<br \/>\nSoquete E-27 para Bulbos leds ou Fluors compactas e G-13 para tubular Leds ou Fluorescentes convencionais<\/p>\n<p>15\u00d715 1 L\u00e2mpada \u2013 E27 __________________251061<br \/>\n20\u00d720 2 L\u00e2mpadas-E27 __________________251062<br \/>\n30\u00d730 3 L\u00e2mpadas-E27___________________251063<br \/>\n40\u00d740 4 L\u00e2mpadas-E27___________________251064<br \/>\n50\u00d750 5 L\u00e2mpadas-E27___________________251065<br \/>\n60\u00d760 4 L\u00e2mpadas tubos de led-G13______251078<\/p>\n","protected":false},"excerpt":{"rendered":"<p>Embutido SM Quadrado- No frame Com difusor Acril\u00edco Op\u00e7\u00f5es de tamanhos e quantidade de l\u00e2mpadas Soquete E-27 para Bulbos leds ou Fluors compactas e G-13 para tubular Leds ou Fluorescentes convencionais 15\u00d715 1 L\u00e2mpada \u2013 E27 __________________251061 20\u00d720 2 L\u00e2mpadas-E27 __________________251062 30\u00d730 3 L\u00e2mpadas-E27___________________251063 40\u00d740 4 L\u00e2mpadas-E27___________________251064 50\u00d750 5 L\u00e2mpadas-E27___________________251065 60\u00d760 4 L\u00e2mpadas tubos de [&hellip;]<\/p>\n","protected":false},"featured_media":4196,"template":"","meta":[],"product_brand":[],"product_cat":[19,16],"product_tag":[],"class_list":{"0":"post-4195","1":"product","2":"type-product","3":"status-publish","4":"has-post-thumbnail","6":"product_cat-perfil-e-eplafons-embutidos","7":"product_cat-residencial-e-predial","9":"first","10":"instock","11":"shipping-taxable","12":"purchasable","13":"product-type-simple"},"_links":{"self":[{"href":"https:\/\/www.universoeletrico.com.br\/design\/index.php?rest_route=\/wp\/v2\/product\/4195","targetHints":{"allow":["GET"]}}],"collection":[{"href":"https:\/\/www.universoeletrico.com.br\/design\/index.php?rest_route=\/wp\/v2\/product"}],"about":[{"href":"https:\/\/www.universoeletrico.com.br\/design\/index.php?rest_route=\/wp\/v2\/types\/product"}],"wp:featuredmedia":[{"embeddable":true,"href":"https:\/\/www.universoeletrico.com.br\/design\/index.php?rest_route=\/wp\/v2\/media\/4196"}],"wp:attachment":[{"href":"https:\/\/www.universoeletrico.com.br\/design\/index.php?rest_route=%2Fwp%2Fv2%2Fmedia&parent=4195"}],"wp:term":[{"taxonomy":"product_brand","embeddable":true,"href":"https:\/\/www.universoeletrico.com.br\/design\/index.php?rest_route=%2Fwp%2Fv2%2Fproduct_brand&post=4195"},{"taxonomy":"product_cat","embeddable":true,"href":"https:\/\/www.universoeletrico.com.br\/design\/index.php?rest_route=%2Fwp%2Fv2%2Fproduct_cat&post=4195"},{"taxonomy":"product_tag","embeddable":true,"href":"https:\/\/www.universoeletrico.com.br\/design\/index.php?rest_route=%2Fwp%2Fv2%2Fproduct_tag&post=4195"}],"curies":[{"name":"wp","href":"https:\/\/api.w.org\/{rel}","templated":true}]}}