{"id":4191,"date":"2019-03-11T08:40:27","date_gmt":"2019-03-11T11:40:27","guid":{"rendered":"https:\/\/www.universoeletrico.com.br\/design\/?post_type=product&#038;p=4191"},"modified":"2026-01-15T15:54:44","modified_gmt":"2026-01-15T18:54:44","slug":"embutido-face-plane-2-focos","status":"publish","type":"product","link":"https:\/\/www.universoeletrico.com.br\/design\/?product=embutido-face-plane-2-focos","title":{"rendered":"Embutido Face-plane 2 focos"},"content":{"rendered":"<p>Embutido Face-plane 2 Focos Recuados em Alum\u00ednio .<br \/>\nOp\u00e7\u00f5es de cores branco e preto<br \/>\nPode ser usado com l\u00e2mpadas leds ou halogenas convencionais<br \/>\n2-Mini-Dicroica \u2013 251122<br \/>\n2-Dicroica \u2013 251130<br \/>\n2-AR-70 \u2013 251134<br \/>\n2-AR-111 \u2013 251138<br \/>\n2-Par-20 \u2013 251114<br \/>\n2-Par-30 \u2013 251118<\/p>\n","protected":false},"excerpt":{"rendered":"<p>Embutido Face-plane 2 Focos Recuados em Alum\u00ednio . Op\u00e7\u00f5es de cores branco e preto Pode ser usado com l\u00e2mpadas leds ou halogenas convencionais 2-Mini-Dicroica \u2013 251122 2-Dicroica \u2013 251130 2-AR-70 \u2013 251134 2-AR-111 \u2013 251138 2-Par-20 \u2013 251114 2-Par-30 \u2013 251118<\/p>\n","protected":false},"featured_media":4192,"template":"","meta":[],"product_brand":[],"product_cat":[19,16],"product_tag":[],"class_list":{"0":"post-4191","1":"product","2":"type-product","3":"status-publish","4":"has-post-thumbnail","6":"product_cat-perfil-e-eplafons-embutidos","7":"product_cat-residencial-e-predial","9":"first","10":"instock","11":"shipping-taxable","12":"purchasable","13":"product-type-simple"},"_links":{"self":[{"href":"https:\/\/www.universoeletrico.com.br\/design\/index.php?rest_route=\/wp\/v2\/product\/4191","targetHints":{"allow":["GET"]}}],"collection":[{"href":"https:\/\/www.universoeletrico.com.br\/design\/index.php?rest_route=\/wp\/v2\/product"}],"about":[{"href":"https:\/\/www.universoeletrico.com.br\/design\/index.php?rest_route=\/wp\/v2\/types\/product"}],"wp:featuredmedia":[{"embeddable":true,"href":"https:\/\/www.universoeletrico.com.br\/design\/index.php?rest_route=\/wp\/v2\/media\/4192"}],"wp:attachment":[{"href":"https:\/\/www.universoeletrico.com.br\/design\/index.php?rest_route=%2Fwp%2Fv2%2Fmedia&parent=4191"}],"wp:term":[{"taxonomy":"product_brand","embeddable":true,"href":"https:\/\/www.universoeletrico.com.br\/design\/index.php?rest_route=%2Fwp%2Fv2%2Fproduct_brand&post=4191"},{"taxonomy":"product_cat","embeddable":true,"href":"https:\/\/www.universoeletrico.com.br\/design\/index.php?rest_route=%2Fwp%2Fv2%2Fproduct_cat&post=4191"},{"taxonomy":"product_tag","embeddable":true,"href":"https:\/\/www.universoeletrico.com.br\/design\/index.php?rest_route=%2Fwp%2Fv2%2Fproduct_tag&post=4191"}],"curies":[{"name":"wp","href":"https:\/\/api.w.org\/{rel}","templated":true}]}}