{"id":4188,"date":"2019-03-11T08:32:22","date_gmt":"2019-03-11T11:32:22","guid":{"rendered":"https:\/\/www.universoeletrico.com.br\/design\/?post_type=product&#038;p=4188"},"modified":"2026-01-15T15:54:45","modified_gmt":"2026-01-15T18:54:45","slug":"embutido-face-plane-3-focos","status":"publish","type":"product","link":"https:\/\/www.universoeletrico.com.br\/design\/?product=embutido-face-plane-3-focos","title":{"rendered":"Embutido Face-plane 3 focos"},"content":{"rendered":"<p>Embutido Face-plane 3 Focos Recuados em Alum\u00ednio .<br \/>\nOp\u00e7\u00f5es de cores branco e preto<br \/>\nPode ser usado com l\u00e2mpadas leds ou halogenas convencionais<br \/>\n3-Mini-Dicroica \u2013 251123<br \/>\n3-Dicroica \u2013 251131<br \/>\n3-AR-70 \u2013 251135<br \/>\n3-AR-111 \u2013 251137<br \/>\n3-Par-20 \u2013 251115<br \/>\n3-Par-30 \u2013 251119<br \/>\n3-Par 38 \u2013 251127<\/p>\n","protected":false},"excerpt":{"rendered":"<p>Embutido Face-plane 3 Focos Recuados em Alum\u00ednio . Op\u00e7\u00f5es de cores branco e preto Pode ser usado com l\u00e2mpadas leds ou halogenas convencionais 3-Mini-Dicroica \u2013 251123 3-Dicroica \u2013 251131 3-AR-70 \u2013 251135 3-AR-111 \u2013 251137 3-Par-20 \u2013 251115 3-Par-30 \u2013 251119 3-Par 38 \u2013 251127<\/p>\n","protected":false},"featured_media":4189,"template":"","meta":[],"product_brand":[],"product_cat":[19,16],"product_tag":[],"class_list":{"0":"post-4188","1":"product","2":"type-product","3":"status-publish","4":"has-post-thumbnail","6":"product_cat-perfil-e-eplafons-embutidos","7":"product_cat-residencial-e-predial","9":"first","10":"instock","11":"shipping-taxable","12":"purchasable","13":"product-type-simple"},"_links":{"self":[{"href":"https:\/\/www.universoeletrico.com.br\/design\/index.php?rest_route=\/wp\/v2\/product\/4188","targetHints":{"allow":["GET"]}}],"collection":[{"href":"https:\/\/www.universoeletrico.com.br\/design\/index.php?rest_route=\/wp\/v2\/product"}],"about":[{"href":"https:\/\/www.universoeletrico.com.br\/design\/index.php?rest_route=\/wp\/v2\/types\/product"}],"wp:featuredmedia":[{"embeddable":true,"href":"https:\/\/www.universoeletrico.com.br\/design\/index.php?rest_route=\/wp\/v2\/media\/4189"}],"wp:attachment":[{"href":"https:\/\/www.universoeletrico.com.br\/design\/index.php?rest_route=%2Fwp%2Fv2%2Fmedia&parent=4188"}],"wp:term":[{"taxonomy":"product_brand","embeddable":true,"href":"https:\/\/www.universoeletrico.com.br\/design\/index.php?rest_route=%2Fwp%2Fv2%2Fproduct_brand&post=4188"},{"taxonomy":"product_cat","embeddable":true,"href":"https:\/\/www.universoeletrico.com.br\/design\/index.php?rest_route=%2Fwp%2Fv2%2Fproduct_cat&post=4188"},{"taxonomy":"product_tag","embeddable":true,"href":"https:\/\/www.universoeletrico.com.br\/design\/index.php?rest_route=%2Fwp%2Fv2%2Fproduct_tag&post=4188"}],"curies":[{"name":"wp","href":"https:\/\/api.w.org\/{rel}","templated":true}]}}