{"id":4179,"date":"2023-12-14T08:26:03","date_gmt":"2023-12-14T11:26:03","guid":{"rendered":"https:\/\/www.universoeletrico.com.br\/design\/?post_type=product&#038;p=4179"},"modified":"2026-01-15T15:54:46","modified_gmt":"2026-01-15T18:54:46","slug":"perfil-segment-slot-sem-moldura","status":"publish","type":"product","link":"https:\/\/www.universoeletrico.com.br\/design\/?product=perfil-segment-slot-sem-moldura","title":{"rendered":"PERFIL M LINEA 1 P\/ FITA LED 3,0M BR"},"content":{"rendered":"<p>O Perfil Segment-Slot-Linea-Frizo embutido sem moldura \u00e9 um sistema de ilumina\u00e7\u00e3o linear de embutir com proje\u00e7\u00e3o sim\u00e9trica para fita de LED. Fabricado em alum\u00ednio extrudado, tratado e pintado por processo eletrost\u00e1tico. Vendidos em barras padr\u00e3o ou sob medidas especiais,.<br \/>\nObserva\u00e7\u00e3o:<\/p>\n<p>&nbsp;<\/p>\n<p>CONSULTE NOSSA EQUIPE DE VENDAS PARA OUTRAS MEDIDAS<\/p>\n<ul>\n<li>243856 -PERFIL ALUM MINI LINEA 1 P\/FITA LED 1M<\/li>\n<li>243858\u00a0 -PERFIL ALUM MINI LINEA 1 P\/FITA LED 1,5<\/li>\n<li>243857 &#8211; PERFIL ALUM MINI LINEA 1 P\/FITA LED 2MACESS\u00d3RIOS<\/li>\n<li>243969 &#8211; CURVA MINI LINEA 1 ESQUERDA BR<\/li>\n<li>243970 -CURVA MINI LINEA 1\u00a0 DIREITA BR<\/li>\n<li>243971 &#8211; CURVA MINI LINEA 1 TETO\/PAREDE BR<\/li>\n<li>243882 &#8211; KIT C\/ 02 TAMPAS PERFIL MINI LINEA 1<\/li>\n<\/ul>\n<p>O perfil \u00e9 fornecido sem fita Led,que pode ser adquirida separadamente &#8211; encontradas no link abaixo<br \/>\nhttps:\/\/www.universoeletrico.com.br\/design\/categoria-produto\/tecnologia-led\/fita-led\/<\/p>\n","protected":false},"excerpt":{"rendered":"<p>O Perfil Segment-Slot-Linea-Frizo embutido sem moldura \u00e9 um sistema de ilumina\u00e7\u00e3o linear de embutir com proje\u00e7\u00e3o sim\u00e9trica para fita de LED. Fabricado em alum\u00ednio extrudado, tratado e pintado por processo eletrost\u00e1tico. Vendidos em barras padr\u00e3o ou sob medidas especiais,. Observa\u00e7\u00e3o: &nbsp; CONSULTE NOSSA EQUIPE DE VENDAS PARA OUTRAS MEDIDAS 243856 -PERFIL ALUM MINI LINEA 1 [&hellip;]<\/p>\n","protected":false},"featured_media":11615,"template":"","meta":[],"product_brand":[],"product_cat":[19,21,16],"product_tag":[22],"class_list":{"0":"post-4179","1":"product","2":"type-product","3":"status-publish","4":"has-post-thumbnail","6":"product_cat-perfil-e-eplafons-embutidos","7":"product_cat-perfis-de-led","8":"product_cat-residencial-e-predial","9":"product_tag-perfilfrizzoupnew-lineslot","11":"first","12":"instock","13":"featured","14":"shipping-taxable","15":"purchasable","16":"product-type-simple"},"_links":{"self":[{"href":"https:\/\/www.universoeletrico.com.br\/design\/index.php?rest_route=\/wp\/v2\/product\/4179","targetHints":{"allow":["GET"]}}],"collection":[{"href":"https:\/\/www.universoeletrico.com.br\/design\/index.php?rest_route=\/wp\/v2\/product"}],"about":[{"href":"https:\/\/www.universoeletrico.com.br\/design\/index.php?rest_route=\/wp\/v2\/types\/product"}],"wp:featuredmedia":[{"embeddable":true,"href":"https:\/\/www.universoeletrico.com.br\/design\/index.php?rest_route=\/wp\/v2\/media\/11615"}],"wp:attachment":[{"href":"https:\/\/www.universoeletrico.com.br\/design\/index.php?rest_route=%2Fwp%2Fv2%2Fmedia&parent=4179"}],"wp:term":[{"taxonomy":"product_brand","embeddable":true,"href":"https:\/\/www.universoeletrico.com.br\/design\/index.php?rest_route=%2Fwp%2Fv2%2Fproduct_brand&post=4179"},{"taxonomy":"product_cat","embeddable":true,"href":"https:\/\/www.universoeletrico.com.br\/design\/index.php?rest_route=%2Fwp%2Fv2%2Fproduct_cat&post=4179"},{"taxonomy":"product_tag","embeddable":true,"href":"https:\/\/www.universoeletrico.com.br\/design\/index.php?rest_route=%2Fwp%2Fv2%2Fproduct_tag&post=4179"}],"curies":[{"name":"wp","href":"https:\/\/api.w.org\/{rel}","templated":true}]}}