{"id":4175,"date":"2019-03-11T08:22:20","date_gmt":"2019-03-11T11:22:20","guid":{"rendered":"https:\/\/www.universoeletrico.com.br\/design\/?post_type=product&#038;p=4175"},"modified":"2026-01-15T15:54:47","modified_gmt":"2026-01-15T18:54:47","slug":"plafon-embutido-picture-smart","status":"publish","type":"product","link":"https:\/\/www.universoeletrico.com.br\/design\/?product=plafon-embutido-picture-smart","title":{"rendered":"Plafon Embutido Picture\/smart"},"content":{"rendered":"<p>A leveza da linha Embutido em forma Quadrada que simula a luz confort\u00e1vel de uma sanca com luz indireta<\/p>\n<p>op\u00e7\u00f5es de tamanhos<\/p>\n<p>34\u00d734 2x soquete g9 para l\u00e2mpada g9 Led ou Halogenas \u2013 251256<\/p>\n<p>47\u00d747 4x soquete g9 para l\u00e2mpada g9 Led ou Halogenas \u2013 251254<\/p>\n<p>61\u00d761 3x soquete E-27 para l\u00e2mpada bulbo Led ou Fluor \u2013 251283<\/p>\n<p>N\u00e3o acompanha l\u00e2mpadas<\/p>\n","protected":false},"excerpt":{"rendered":"<p>A leveza da linha Embutido em forma Quadrada que simula a luz confort\u00e1vel de uma sanca com luz indireta op\u00e7\u00f5es de tamanhos 34\u00d734 2x soquete g9 para l\u00e2mpada g9 Led ou Halogenas \u2013 251256 47\u00d747 4x soquete g9 para l\u00e2mpada g9 Led ou Halogenas \u2013 251254 61\u00d761 3x soquete E-27 para l\u00e2mpada bulbo Led ou [&hellip;]<\/p>\n","protected":false},"featured_media":4176,"template":"","meta":[],"product_brand":[],"product_cat":[19,16],"product_tag":[],"class_list":{"0":"post-4175","1":"product","2":"type-product","3":"status-publish","4":"has-post-thumbnail","6":"product_cat-perfil-e-eplafons-embutidos","7":"product_cat-residencial-e-predial","9":"first","10":"instock","11":"shipping-taxable","12":"purchasable","13":"product-type-simple"},"_links":{"self":[{"href":"https:\/\/www.universoeletrico.com.br\/design\/index.php?rest_route=\/wp\/v2\/product\/4175","targetHints":{"allow":["GET"]}}],"collection":[{"href":"https:\/\/www.universoeletrico.com.br\/design\/index.php?rest_route=\/wp\/v2\/product"}],"about":[{"href":"https:\/\/www.universoeletrico.com.br\/design\/index.php?rest_route=\/wp\/v2\/types\/product"}],"wp:featuredmedia":[{"embeddable":true,"href":"https:\/\/www.universoeletrico.com.br\/design\/index.php?rest_route=\/wp\/v2\/media\/4176"}],"wp:attachment":[{"href":"https:\/\/www.universoeletrico.com.br\/design\/index.php?rest_route=%2Fwp%2Fv2%2Fmedia&parent=4175"}],"wp:term":[{"taxonomy":"product_brand","embeddable":true,"href":"https:\/\/www.universoeletrico.com.br\/design\/index.php?rest_route=%2Fwp%2Fv2%2Fproduct_brand&post=4175"},{"taxonomy":"product_cat","embeddable":true,"href":"https:\/\/www.universoeletrico.com.br\/design\/index.php?rest_route=%2Fwp%2Fv2%2Fproduct_cat&post=4175"},{"taxonomy":"product_tag","embeddable":true,"href":"https:\/\/www.universoeletrico.com.br\/design\/index.php?rest_route=%2Fwp%2Fv2%2Fproduct_tag&post=4175"}],"curies":[{"name":"wp","href":"https:\/\/api.w.org\/{rel}","templated":true}]}}