{"id":4162,"date":"2019-03-09T10:41:59","date_gmt":"2019-03-09T13:41:59","guid":{"rendered":"https:\/\/www.universoeletrico.com.br\/design\/?post_type=product&#038;p=4162"},"modified":"2026-04-08T10:33:26","modified_gmt":"2026-04-08T13:33:26","slug":"arandela-acrilico-mito-quadrada","status":"publish","type":"product","link":"https:\/\/www.universoeletrico.com.br\/design\/?product=arandela-acrilico-mito-quadrada","title":{"rendered":"ARANDELA LED FLAT 12W BIV 3000K"},"content":{"rendered":"<p>&nbsp;<\/p>\n<div class=\"Y3BBE\" data-sfc-cp=\"\" data-sfc-root=\"c\" data-sfc-cb=\"\" data-hveid=\"CAIQAA\" data-complete=\"true\" data-processed=\"true\"><span data-subtree=\"aimfl\" data-processed=\"true\">As arandelas\u00a0<\/span><strong class=\"Yjhzub\" data-sfc-root=\"c\" data-sfc-cb=\"\" data-complete=\"true\" data-processed=\"true\">Flat<\/strong>\u00a0ou\u00a0<strong class=\"Yjhzub\" data-sfc-root=\"c\" data-sfc-cb=\"\" data-complete=\"true\" data-processed=\"true\">Slim<\/strong>\u00a0com prote\u00e7\u00e3o\u00a0<strong class=\"Yjhzub\" data-sfc-root=\"c\" data-sfc-cb=\"\" data-complete=\"true\" data-processed=\"true\">IP65<\/strong>\u00a0<mark class=\"HxTRcb\" data-sfc-root=\"c\" data-sfc-cb=\"\" data-complete=\"true\" data-sae=\"\">s\u00e3o ideais para \u00e1reas externas, pois s\u00e3o resistentes \u00e0 chuva e poeira<\/mark>. Elas oferecem um design moderno e discreto, com ilumina\u00e7\u00e3o LED integrada.<span class=\"uJ19be notranslate\" data-sfc-root=\"c\" data-wiz-uids=\"KL2He_m,KL2He_n\" data-sfc-cb=\"\" data-complete=\"true\" data-processed=\"true\"><span class=\"vKEkVd\" data-animation-atomic=\"\" data-wiz-attrbind=\"class=KL2He_l\/TKHnVd\" data-sae=\"\"><span aria-hidden=\"true\">\u00a0<\/span><\/span><\/span><\/div>\n<div class=\"Y3BBE\" data-sfc-cp=\"\" data-sfc-root=\"c\" data-sfc-cb=\"\" data-hveid=\"CAMQAA\" data-complete=\"true\" data-processed=\"true\" aria-owns=\"action-menu-parent-container\">Com ilumina\u00e7\u00e3o difusa, que iluminam o ambiente de forma homog\u00eanea, em muros e fachadas, garagem.<\/div>\n<p>Pot\u00eancia: 12W<br \/>\nTemp. de Cor :3000k<br \/>\nTens\u00e3o: Bivolt<br \/>\nCores: Branco<br \/>\nMateriais Policarbonato<br \/>\n\u00cdndice de Prote\u00e7\u00e3o: IP65<br \/>\nIRC : &gt;80<\/p>\n<p>&nbsp;<\/p>\n<p>&nbsp;<\/p>\n<p>&nbsp;<\/p>\n","protected":false},"excerpt":{"rendered":"<p>&nbsp; As arandelas\u00a0Flat\u00a0ou\u00a0Slim\u00a0com prote\u00e7\u00e3o\u00a0IP65\u00a0s\u00e3o ideais para \u00e1reas externas, pois s\u00e3o resistentes \u00e0 chuva e poeira. Elas oferecem um design moderno e discreto, com ilumina\u00e7\u00e3o LED integrada.\u00a0 Com ilumina\u00e7\u00e3o difusa, que iluminam o ambiente de forma homog\u00eanea, em muros e fachadas, garagem. Pot\u00eancia: 12W Temp. de Cor :3000k Tens\u00e3o: Bivolt Cores: Branco Materiais Policarbonato \u00cdndice de [&hellip;]<\/p>\n","protected":false},"featured_media":11647,"template":"","meta":[],"product_brand":[],"product_cat":[18,81,28,16],"product_tag":[235,231,234,106,233,86,108,236,232,230],"class_list":{"0":"post-4162","1":"product","2":"type-product","3":"status-publish","4":"has-post-thumbnail","6":"product_cat-arandelas-internas","7":"product_cat-arandelas-para-area-externa","8":"product_cat-area-externa","9":"product_cat-residencial-e-predial","10":"product_tag-arandela-blindada","11":"product_tag-arandela-externa","12":"product_tag-arandela-muro","13":"product_tag-area-externa","14":"product_tag-ice","15":"product_tag-ilmnacao-jardim","16":"product_tag-iluminacao-deck","17":"product_tag-ip65","18":"product_tag-licht","19":"product_tag-luz-difusa","21":"first","22":"instock","23":"shipping-taxable","24":"purchasable","25":"product-type-simple"},"_links":{"self":[{"href":"https:\/\/www.universoeletrico.com.br\/design\/index.php?rest_route=\/wp\/v2\/product\/4162","targetHints":{"allow":["GET"]}}],"collection":[{"href":"https:\/\/www.universoeletrico.com.br\/design\/index.php?rest_route=\/wp\/v2\/product"}],"about":[{"href":"https:\/\/www.universoeletrico.com.br\/design\/index.php?rest_route=\/wp\/v2\/types\/product"}],"wp:featuredmedia":[{"embeddable":true,"href":"https:\/\/www.universoeletrico.com.br\/design\/index.php?rest_route=\/wp\/v2\/media\/11647"}],"wp:attachment":[{"href":"https:\/\/www.universoeletrico.com.br\/design\/index.php?rest_route=%2Fwp%2Fv2%2Fmedia&parent=4162"}],"wp:term":[{"taxonomy":"product_brand","embeddable":true,"href":"https:\/\/www.universoeletrico.com.br\/design\/index.php?rest_route=%2Fwp%2Fv2%2Fproduct_brand&post=4162"},{"taxonomy":"product_cat","embeddable":true,"href":"https:\/\/www.universoeletrico.com.br\/design\/index.php?rest_route=%2Fwp%2Fv2%2Fproduct_cat&post=4162"},{"taxonomy":"product_tag","embeddable":true,"href":"https:\/\/www.universoeletrico.com.br\/design\/index.php?rest_route=%2Fwp%2Fv2%2Fproduct_tag&post=4162"}],"curies":[{"name":"wp","href":"https:\/\/api.w.org\/{rel}","templated":true}]}}