{"id":4159,"date":"2019-03-09T10:40:32","date_gmt":"2019-03-09T13:40:32","guid":{"rendered":"https:\/\/www.universoeletrico.com.br\/design\/?post_type=product&#038;p=4159"},"modified":"2026-01-15T15:54:48","modified_gmt":"2026-01-15T18:54:48","slug":"arandela-mito-tonda","status":"publish","type":"product","link":"https:\/\/www.universoeletrico.com.br\/design\/?product=arandela-mito-tonda","title":{"rendered":"ARANDELA ATENAS CIL\u00cdNDRICO"},"content":{"rendered":"<p>ARANDELA DE PAREDE ATENAS CIL\u00cdNDRICO FACHO SIMPLES EXTERNO 13,5X8,5X7CM TERMOPL\u00c1STICO <\/p>\n<p>Branca &#8211; 249017<br \/>\npreta &#8211;  249018<\/p>\n<p>Tens\u00e3o\tBivolt<br \/>\nFormato\tCil\u00edndrico<br \/>\nMaterialTermopl\u00e1stico<br \/>\nTipo de L\u00e2mpada -1x PAR16 Dicr\u00f3ica LED &#8211; n\u00e3o inclusa<br \/>\nAmbientes Indicados\t\u00c1rea Externa<\/p>\n<p>Altura (cm)\t13,5<br \/>\nComprimento (cm)\t8,5<br \/>\nLargura (cm)\t7<\/p>\n","protected":false},"excerpt":{"rendered":"<p>ARANDELA DE PAREDE ATENAS CIL\u00cdNDRICO FACHO SIMPLES EXTERNO 13,5X8,5X7CM TERMOPL\u00c1STICO Branca &#8211; 249017 preta &#8211; 249018 Tens\u00e3o Bivolt Formato Cil\u00edndrico MaterialTermopl\u00e1stico Tipo de L\u00e2mpada -1x PAR16 Dicr\u00f3ica LED &#8211; n\u00e3o inclusa Ambientes Indicados \u00c1rea Externa Altura (cm) 13,5 Comprimento (cm) 8,5 Largura (cm) 7<\/p>\n","protected":false},"featured_media":4160,"template":"","meta":[],"product_brand":[],"product_cat":[18,16],"product_tag":[],"class_list":{"0":"post-4159","1":"product","2":"type-product","3":"status-publish","4":"has-post-thumbnail","6":"product_cat-arandelas-internas","7":"product_cat-residencial-e-predial","9":"first","10":"instock","11":"shipping-taxable","12":"purchasable","13":"product-type-simple"},"_links":{"self":[{"href":"https:\/\/www.universoeletrico.com.br\/design\/index.php?rest_route=\/wp\/v2\/product\/4159","targetHints":{"allow":["GET"]}}],"collection":[{"href":"https:\/\/www.universoeletrico.com.br\/design\/index.php?rest_route=\/wp\/v2\/product"}],"about":[{"href":"https:\/\/www.universoeletrico.com.br\/design\/index.php?rest_route=\/wp\/v2\/types\/product"}],"wp:featuredmedia":[{"embeddable":true,"href":"https:\/\/www.universoeletrico.com.br\/design\/index.php?rest_route=\/wp\/v2\/media\/4160"}],"wp:attachment":[{"href":"https:\/\/www.universoeletrico.com.br\/design\/index.php?rest_route=%2Fwp%2Fv2%2Fmedia&parent=4159"}],"wp:term":[{"taxonomy":"product_brand","embeddable":true,"href":"https:\/\/www.universoeletrico.com.br\/design\/index.php?rest_route=%2Fwp%2Fv2%2Fproduct_brand&post=4159"},{"taxonomy":"product_cat","embeddable":true,"href":"https:\/\/www.universoeletrico.com.br\/design\/index.php?rest_route=%2Fwp%2Fv2%2Fproduct_cat&post=4159"},{"taxonomy":"product_tag","embeddable":true,"href":"https:\/\/www.universoeletrico.com.br\/design\/index.php?rest_route=%2Fwp%2Fv2%2Fproduct_tag&post=4159"}],"curies":[{"name":"wp","href":"https:\/\/api.w.org\/{rel}","templated":true}]}}