{"id":4115,"date":"2019-03-09T09:35:29","date_gmt":"2019-03-09T12:35:29","guid":{"rendered":"https:\/\/www.universoeletrico.com.br\/design\/?post_type=product&#038;p=4115"},"modified":"2026-01-15T15:54:52","modified_gmt":"2026-01-15T18:54:52","slug":"arandela-triangular","status":"publish","type":"product","link":"https:\/\/www.universoeletrico.com.br\/design\/?product=arandela-triangular","title":{"rendered":"ARANDELA TRIANG. 230X230MM 1XE27 BR-TXT"},"content":{"rendered":"<table class=\"shop_attributes\">\n<tbody>\n<tr>\n<th>Dimens\u00f5es<\/th>\n<td>230x230mm<\/td>\n<\/tr>\n<tr>\n<th>L\u00e2mpadas<\/th>\n<td>1 L\u00e2mpada Eletr\u00f4nica 15w\/1 L\u00e2mpada A60 Led E27<\/td>\n<\/tr>\n<tr>\n<th>Material<\/th>\n<td>Alum\u00ednio Difusor em Vidro Jateado<\/td>\n<\/tr>\n<tr>\n<th>Nome<\/th>\n<td>Arandela Triangular<\/td>\n<\/tr>\n<tr>\n<th>Tipo de pintura<\/th>\n<td>Pintura Eletrost\u00e1tica em P\u00f3<\/td>\n<\/tr>\n<tr>\n<th>Pot\u00eancia m\u00e1xima<\/th>\n<td>15w \u2013 250v<\/td>\n<\/tr>\n<tr>\n<th>Tipo de ilumina\u00e7\u00e3o<\/th>\n<td>Direta<\/td>\n<\/tr>\n<\/tbody>\n<\/table>\n<p>&nbsp;<\/p>\n<p>CONSULTE NOSSA EQUIPE PARA OUTROS TAMANHOS E COR DE ACABAMENTO<\/p>\n<p>253075 &#8211; ARANDELA TRIANG. 165X165MM 1XE27 BR-TXT<\/p>\n<p>253073 &#8211; *ARANDELA TRIANG. 230X230MM 1XE27 PT-TXT<\/p>\n<p>&nbsp;<\/p>\n<p>&nbsp;<\/p>\n<p>&nbsp;<\/p>\n","protected":false},"excerpt":{"rendered":"<p>Dimens\u00f5es 230x230mm L\u00e2mpadas 1 L\u00e2mpada Eletr\u00f4nica 15w\/1 L\u00e2mpada A60 Led E27 Material Alum\u00ednio Difusor em Vidro Jateado Nome Arandela Triangular Tipo de pintura Pintura Eletrost\u00e1tica em P\u00f3 Pot\u00eancia m\u00e1xima 15w \u2013 250v Tipo de ilumina\u00e7\u00e3o Direta &nbsp; CONSULTE NOSSA EQUIPE PARA OUTROS TAMANHOS E COR DE ACABAMENTO 253075 &#8211; ARANDELA TRIANG. 165X165MM 1XE27 BR-TXT 253073 [&hellip;]<\/p>\n","protected":false},"featured_media":11644,"template":"","meta":[],"product_brand":[],"product_cat":[18,81,28,16],"product_tag":[229,106,86,115],"class_list":{"0":"post-4115","1":"product","2":"type-product","3":"status-publish","4":"has-post-thumbnail","6":"product_cat-arandelas-internas","7":"product_cat-arandelas-para-area-externa","8":"product_cat-area-externa","9":"product_cat-residencial-e-predial","10":"product_tag-arandela-muroarandela-aluminioarandela-triangulo","11":"product_tag-area-externa","12":"product_tag-ilmnacao-jardim","13":"product_tag-iluminacao-externa","15":"first","16":"instock","17":"shipping-taxable","18":"purchasable","19":"product-type-simple"},"_links":{"self":[{"href":"https:\/\/www.universoeletrico.com.br\/design\/index.php?rest_route=\/wp\/v2\/product\/4115","targetHints":{"allow":["GET"]}}],"collection":[{"href":"https:\/\/www.universoeletrico.com.br\/design\/index.php?rest_route=\/wp\/v2\/product"}],"about":[{"href":"https:\/\/www.universoeletrico.com.br\/design\/index.php?rest_route=\/wp\/v2\/types\/product"}],"wp:featuredmedia":[{"embeddable":true,"href":"https:\/\/www.universoeletrico.com.br\/design\/index.php?rest_route=\/wp\/v2\/media\/11644"}],"wp:attachment":[{"href":"https:\/\/www.universoeletrico.com.br\/design\/index.php?rest_route=%2Fwp%2Fv2%2Fmedia&parent=4115"}],"wp:term":[{"taxonomy":"product_brand","embeddable":true,"href":"https:\/\/www.universoeletrico.com.br\/design\/index.php?rest_route=%2Fwp%2Fv2%2Fproduct_brand&post=4115"},{"taxonomy":"product_cat","embeddable":true,"href":"https:\/\/www.universoeletrico.com.br\/design\/index.php?rest_route=%2Fwp%2Fv2%2Fproduct_cat&post=4115"},{"taxonomy":"product_tag","embeddable":true,"href":"https:\/\/www.universoeletrico.com.br\/design\/index.php?rest_route=%2Fwp%2Fv2%2Fproduct_tag&post=4115"}],"curies":[{"name":"wp","href":"https:\/\/api.w.org\/{rel}","templated":true}]}}