{"id":4108,"date":"2019-03-09T09:29:47","date_gmt":"2019-03-09T12:29:47","guid":{"rendered":"https:\/\/www.universoeletrico.com.br\/design\/?post_type=product&#038;p=4108"},"modified":"2026-01-15T15:55:34","modified_gmt":"2026-01-15T18:55:34","slug":"arandela-facetada-canopus","status":"publish","type":"product","link":"https:\/\/www.universoeletrico.com.br\/design\/?product=arandela-facetada-canopus","title":{"rendered":"Arandela Facetada Canopus"},"content":{"rendered":"<p>Arandela Branca metal facetada canopus Branca \u2013 252182<br \/>\nMarrom \u2013 252400<\/p>\n<p>Base g-9 2x l\u00e2mpadas ( compat\u00edvel com l\u00e2mpadas led ou halogenas convencionais vendidas separadamente)<br \/>\n7cm x 18cm x 25cm<\/p>\n","protected":false},"excerpt":{"rendered":"<p>Arandela Branca metal facetada canopus Branca \u2013 252182 Marrom \u2013 252400 Base g-9 2x l\u00e2mpadas ( compat\u00edvel com l\u00e2mpadas led ou halogenas convencionais vendidas separadamente) 7cm x 18cm x 25cm<\/p>\n","protected":false},"featured_media":4109,"template":"","meta":[],"product_brand":[],"product_cat":[18,16],"product_tag":[],"class_list":{"0":"post-4108","1":"product","2":"type-product","3":"status-publish","4":"has-post-thumbnail","6":"product_cat-arandelas-internas","7":"product_cat-residencial-e-predial","9":"first","10":"instock","11":"shipping-taxable","12":"purchasable","13":"product-type-simple"},"_links":{"self":[{"href":"https:\/\/www.universoeletrico.com.br\/design\/index.php?rest_route=\/wp\/v2\/product\/4108","targetHints":{"allow":["GET"]}}],"collection":[{"href":"https:\/\/www.universoeletrico.com.br\/design\/index.php?rest_route=\/wp\/v2\/product"}],"about":[{"href":"https:\/\/www.universoeletrico.com.br\/design\/index.php?rest_route=\/wp\/v2\/types\/product"}],"wp:featuredmedia":[{"embeddable":true,"href":"https:\/\/www.universoeletrico.com.br\/design\/index.php?rest_route=\/wp\/v2\/media\/4109"}],"wp:attachment":[{"href":"https:\/\/www.universoeletrico.com.br\/design\/index.php?rest_route=%2Fwp%2Fv2%2Fmedia&parent=4108"}],"wp:term":[{"taxonomy":"product_brand","embeddable":true,"href":"https:\/\/www.universoeletrico.com.br\/design\/index.php?rest_route=%2Fwp%2Fv2%2Fproduct_brand&post=4108"},{"taxonomy":"product_cat","embeddable":true,"href":"https:\/\/www.universoeletrico.com.br\/design\/index.php?rest_route=%2Fwp%2Fv2%2Fproduct_cat&post=4108"},{"taxonomy":"product_tag","embeddable":true,"href":"https:\/\/www.universoeletrico.com.br\/design\/index.php?rest_route=%2Fwp%2Fv2%2Fproduct_tag&post=4108"}],"curies":[{"name":"wp","href":"https:\/\/api.w.org\/{rel}","templated":true}]}}