{"id":4103,"date":"2019-03-09T09:25:40","date_gmt":"2019-03-09T12:25:40","guid":{"rendered":"https:\/\/www.universoeletrico.com.br\/design\/?post_type=product&#038;p=4103"},"modified":"2026-01-15T15:55:34","modified_gmt":"2026-01-15T18:55:34","slug":"arandela-metal-orion-modular","status":"publish","type":"product","link":"https:\/\/www.universoeletrico.com.br\/design\/?product=arandela-metal-orion-modular","title":{"rendered":"Arandela Metal Orion Modular"},"content":{"rendered":"<p>Arandela \u00d3rion Modular 2 Focos\t02  Led G9 &#8211; 252477<br \/>\nDimens\u00f5es &#8211; 90 x 310cm<\/p>\n<p>Arandela Alum\u00ednio Orion Modular 1 foco \u2013 252063<br \/>\nBase 1 x g-9 compat\u00edvel com l\u00e2mpadas led ou halogenas convencionais vendidas separadamente<\/p>\n","protected":false},"excerpt":{"rendered":"<p>Arandela \u00d3rion Modular 2 Focos 02 Led G9 &#8211; 252477 Dimens\u00f5es &#8211; 90 x 310cm Arandela Alum\u00ednio Orion Modular 1 foco \u2013 252063 Base 1 x g-9 compat\u00edvel com l\u00e2mpadas led ou halogenas convencionais vendidas separadamente<\/p>\n","protected":false},"featured_media":4104,"template":"","meta":[],"product_brand":[],"product_cat":[18,16],"product_tag":[],"class_list":{"0":"post-4103","1":"product","2":"type-product","3":"status-publish","4":"has-post-thumbnail","6":"product_cat-arandelas-internas","7":"product_cat-residencial-e-predial","9":"first","10":"instock","11":"shipping-taxable","12":"purchasable","13":"product-type-simple"},"_links":{"self":[{"href":"https:\/\/www.universoeletrico.com.br\/design\/index.php?rest_route=\/wp\/v2\/product\/4103","targetHints":{"allow":["GET"]}}],"collection":[{"href":"https:\/\/www.universoeletrico.com.br\/design\/index.php?rest_route=\/wp\/v2\/product"}],"about":[{"href":"https:\/\/www.universoeletrico.com.br\/design\/index.php?rest_route=\/wp\/v2\/types\/product"}],"wp:featuredmedia":[{"embeddable":true,"href":"https:\/\/www.universoeletrico.com.br\/design\/index.php?rest_route=\/wp\/v2\/media\/4104"}],"wp:attachment":[{"href":"https:\/\/www.universoeletrico.com.br\/design\/index.php?rest_route=%2Fwp%2Fv2%2Fmedia&parent=4103"}],"wp:term":[{"taxonomy":"product_brand","embeddable":true,"href":"https:\/\/www.universoeletrico.com.br\/design\/index.php?rest_route=%2Fwp%2Fv2%2Fproduct_brand&post=4103"},{"taxonomy":"product_cat","embeddable":true,"href":"https:\/\/www.universoeletrico.com.br\/design\/index.php?rest_route=%2Fwp%2Fv2%2Fproduct_cat&post=4103"},{"taxonomy":"product_tag","embeddable":true,"href":"https:\/\/www.universoeletrico.com.br\/design\/index.php?rest_route=%2Fwp%2Fv2%2Fproduct_tag&post=4103"}],"curies":[{"name":"wp","href":"https:\/\/api.w.org\/{rel}","templated":true}]}}