{"id":4101,"date":"2019-03-09T09:23:21","date_gmt":"2019-03-09T12:23:21","guid":{"rendered":"https:\/\/www.universoeletrico.com.br\/design\/?post_type=product&#038;p=4101"},"modified":"2026-01-15T15:55:36","modified_gmt":"2026-01-15T18:55:36","slug":"arandela-pisa","status":"publish","type":"product","link":"https:\/\/www.universoeletrico.com.br\/design\/?product=arandela-pisa","title":{"rendered":"Arandela Pisa"},"content":{"rendered":"<p>Arandela Quadros em alum\u00ednio -1047536<br \/>\n17 cm x 17 cm<br \/>\n1 x Base G-9<br \/>\nop\u00e7\u00f5es de cores<br \/>\nBranco \u2013 Preto \u2013 Maroom<\/p>\n","protected":false},"excerpt":{"rendered":"<p>Arandela Quadros em alum\u00ednio -1047536 17 cm x 17 cm 1 x Base G-9 op\u00e7\u00f5es de cores Branco \u2013 Preto \u2013 Maroom<\/p>\n","protected":false},"featured_media":4102,"template":"","meta":[],"product_brand":[],"product_cat":[18,16],"product_tag":[],"class_list":{"0":"post-4101","1":"product","2":"type-product","3":"status-publish","4":"has-post-thumbnail","6":"product_cat-arandelas-internas","7":"product_cat-residencial-e-predial","9":"first","10":"instock","11":"shipping-taxable","12":"purchasable","13":"product-type-simple"},"_links":{"self":[{"href":"https:\/\/www.universoeletrico.com.br\/design\/index.php?rest_route=\/wp\/v2\/product\/4101","targetHints":{"allow":["GET"]}}],"collection":[{"href":"https:\/\/www.universoeletrico.com.br\/design\/index.php?rest_route=\/wp\/v2\/product"}],"about":[{"href":"https:\/\/www.universoeletrico.com.br\/design\/index.php?rest_route=\/wp\/v2\/types\/product"}],"wp:featuredmedia":[{"embeddable":true,"href":"https:\/\/www.universoeletrico.com.br\/design\/index.php?rest_route=\/wp\/v2\/media\/4102"}],"wp:attachment":[{"href":"https:\/\/www.universoeletrico.com.br\/design\/index.php?rest_route=%2Fwp%2Fv2%2Fmedia&parent=4101"}],"wp:term":[{"taxonomy":"product_brand","embeddable":true,"href":"https:\/\/www.universoeletrico.com.br\/design\/index.php?rest_route=%2Fwp%2Fv2%2Fproduct_brand&post=4101"},{"taxonomy":"product_cat","embeddable":true,"href":"https:\/\/www.universoeletrico.com.br\/design\/index.php?rest_route=%2Fwp%2Fv2%2Fproduct_cat&post=4101"},{"taxonomy":"product_tag","embeddable":true,"href":"https:\/\/www.universoeletrico.com.br\/design\/index.php?rest_route=%2Fwp%2Fv2%2Fproduct_tag&post=4101"}],"curies":[{"name":"wp","href":"https:\/\/api.w.org\/{rel}","templated":true}]}}